{"id":93229,"date":"2017-05-19T10:08:28","date_gmt":"2017-05-19T08:08:28","guid":{"rendered":"http:\/\/gazdasagportal.hu\/?page_id=93229"},"modified":"2017-05-19T10:08:53","modified_gmt":"2017-05-19T08:08:53","slug":"5-perc-alatt-80-hozam-binaris-opciokkal-valosag-vagy-atveres","status":"publish","type":"page","link":"https:\/\/gazdasagportal.hu\/index.php\/5-perc-alatt-80-hozam-binaris-opciokkal-valosag-vagy-atveres\/","title":{"rendered":"5 perc alatt 80% hozam Bin\u00e1ris Opci\u00f3kkal \u2013 Val\u00f3s\u00e1g vagy \u00e1tver\u00e9s?"},"content":{"rendered":"<p><strong>Internetez\u00e9s k\u00f6zben manaps\u00e1g egyre gyakrabban tal\u00e1lkozik az ember k\u00fcl\u00f6nb\u00f6z\u0151 befektet\u00e9si weboldalak \u00e9s Forex br\u00f3kerek hirdet\u00e9seivel. Ezek a hirdet\u00e9sek j\u00f3 p\u00e1r \u00e9ve k\u00f6vetnek minket mindenhova, \u00e1m az elm\u00falt h\u00f3napokban ezek mellett egyre t\u00f6bb bin\u00e1ris opci\u00f3s is szembej\u00f6n az emberrel rendk\u00edv\u00fcl magas, 70-90%-os hozamokat \u00e9s gyors meggazdagod\u00e1st \u00edg\u00e9rve. Ebben a cikkben azt vizsg\u00e1ljuk meg, van-e val\u00f3s\u00e1galapja ezeknek a hirdet\u00e9seknek \u00e9s val\u00f3ban el\u00e9rhet\u0151-e ilyen magas hozam, ennyire r\u00f6vid id\u0151 alatt. <\/strong><\/p>\n<p>Akik sz\u00e1m\u00e1ra ismeretlen a bin\u00e1ris opci\u00f3k fogalma, n\u00e9zz\u00fck mit is takar az eg\u00e9sz mechanizmus. Nagyon r\u00f6viden ezeknek az a l\u00e9nyege, hogy az embernek nem kell megvennie k\u00fcl\u00f6nb\u00f6z\u0151 r\u00e9szv\u00e9nyeket, \u00e1rucikkeket, hanem \u201ecsak\u201d azt kell megmondania, hogy egy bizonyos id\u0151t\u00e1von bel\u00fcl ezek \u00e9rt\u00e9ke n\u0151ni vagy cs\u00f6kkenni fog-e. Gyakorlatban t\u00e9nyleg ennyire egyszer\u0171 a dolog, ki kell v\u00e1lasztanunk egy \u00e1ltal\u00e1ban rendk\u00edv\u00fcl r\u00f6vid, n\u00e9h\u00e1ny perces vagy maximum p\u00e1r napos id\u0151t\u00e1vot \u00e9s r\u00e1 kell kattintanunk a fel vagy le gombra. A v\u00e1ltoz\u00e1s m\u00e9rt\u00e9ke nem sz\u00e1m\u00edt, csak azt kell megj\u00f3solnunk, hogy az \u00e1r magasabb vagy alacsonyabb lesz-e a nyit\u00f3\u00e1rfolyamn\u00e1l.<\/p>\n<p><strong>Ez akkor egyfajta szerencsej\u00e1t\u00e9k?<\/strong><\/p><div id=\"gazda-1057919993\" class=\"gazda-tartalomban gazda-entity-placement\"><script async src=\"https:\/\/pagead2.googlesyndication.com\/pagead\/js\/adsbygoogle.js\"><\/script>\r\n<ins class=\"adsbygoogle\"\r\n     style=\"display:block\"\r\n     data-ad-format=\"fluid\"\r\n     data-ad-layout-key=\"-6t+ed+2i-1n-4w\"\r\n     data-ad-client=\"ca-pub-1959107119989764\"\r\n     data-ad-slot=\"4008251320\"><\/ins>\r\n<script>\r\n     (adsbygoogle = window.adsbygoogle || []).push({});\r\n<\/script><\/div>\n<p>Mivel annyira egyszer\u0171 ez a keresked\u00e9si t\u00edpus, hogy b\u00e1rki tudja kezelni, ez\u00e9rt el\u00e9g sok laikus is belev\u00e1g azt gondolva, hogy gyorsan \u00e9s k\u00f6nnyen fog meggazdagodni. Nem kell hozz\u00e1 a T\u0151zsdec\u00e1p\u00e1kb\u00f3l c\u00edm\u0171 filmb\u0151l h\u00edrhedt\u00e9 v\u00e1lt Gordon Gekkonak lenni ahhoz, hogy gyan\u00edtsuk, hogy a legt\u00f6bb ilyen ember ink\u00e1bb elvesz\u00edti a p\u00e9nz\u00e9t, minthogy egy h\u00e9t m\u00falva az lenne a legnagyobb probl\u00e9m\u00e1ja, hogy legyen-e helikopter-lesz\u00e1ll\u00f3 az \u00faj jachtj\u00e1n.<\/p>\n<p>Sokan a bin\u00e1ris opci\u00f3kat egyfajta szerencsej\u00e1t\u00e9knak tekintik &#8211; ez az\u00e9rt \u00edgy nem teljesen igaz. Att\u00f3l m\u00e9g, hogy valaki szerencsej\u00e1t\u00e9knak haszn\u00e1l egy befektet\u00e9si lehet\u0151s\u00e9get, att\u00f3l az m\u00e9g nem felt\u00e9tlen\u00fcl v\u00e1lik szerencsej\u00e1t\u00e9kk\u00e1, hiszen bizonyos szintig mind a fundament\u00e1lis, mind a technikai elemz\u00e9s eszk\u00f6zt\u00e1ra rendelkez\u00e9s\u00fcnkre \u00e1ll.<\/p>\n<p>Vagyis am\u00edg a rulettker\u00e9k sors\u00e1t nem tudjuk befoly\u00e1solni, megfelel\u0151 tud\u00e1s birtok\u00e1ban az \u00e1rfolyamok v\u00e1rhat\u00f3 alakul\u00e1s\u00e1ra el\u00e9g j\u00f3 becsl\u00e9seket tudunk \u00f6sszehozni.<\/p>\n<p><strong>Bin\u00e1ris Opci\u00f3k \u2013 remek lehet\u0151s\u00e9g, ha az ember \u00e9sszel csin\u00e1lja<\/strong><\/p>\n<p>A bin\u00e1ris opci\u00f3s keresked\u00e9s \u00f6tlete \u00e9s a m\u00f6g\u00f6tte \u00e1ll\u00f3 rendk\u00edv\u00fcl felhaszn\u00e1l\u00f3bar\u00e1t platformok t\u00e9nyleg forradalmas\u00edtj\u00e1k a keresked\u00e9st, \u00e1m rendk\u00edv\u00fcl fontos, hogy az ember betartson n\u00e9h\u00e1ny alapszab\u00e1lyt.<\/p>\n<ol>\n<li><strong>Szab\u00e1ly \u2013 Az alapok ismerete elengedhetetlen<\/strong><\/li>\n<\/ol>\n<p>Megfelel\u0151 kezekben kiv\u00e1l\u00f3 plusz j\u00f6vedelemforr\u00e1s lehet \u00e9s nagy el\u0151nye, hogy gyakorlatilag nem j\u00e1r k\u00f6lts\u00e9gekkel a p\u00e9nzmozgat\u00e1sokon k\u00edv\u00fcl. Azonban fontos, hogy az ember ne v\u00e1gjon bele an\u00e9lk\u00fcl, hogy alapszinten megismerkedne ezzel a vil\u00e1ggal. Tiszt\u00e1ban kell lenn\u00fcnk azzal, hogy nem fogunk az egyik pillanatr\u00f3l a m\u00e1sikra, minden tud\u00e1s n\u00e9lk\u00fcl sikeres keresked\u0151v\u00e9 v\u00e1lni. A <a href=\"http:\/\/www.binarismentor.com\/\" target=\"_blank\" rel=\"noopener\"><strong><u>Bin\u00e1ris Mentorhoz <\/u><\/strong><\/a>\u00a0hasonl\u00f3 port\u00e1lok ingyenes tananyagai p\u00e9ld\u00e1ul sokat seg\u00edthetnek az elindul\u00e1sban.<\/p>\n<p>&nbsp;<\/p>\n<ol start=\"2\">\n<li><strong>Szab\u00e1ly \u2013 Kezdj\u00fck kicsiben vagy dem\u00f3sz\u00e1ml\u00e1n<\/strong><\/li>\n<\/ol>\n<p>&nbsp;<\/p>\n<p>Fontos tanuls\u00e1g, hogy egy br\u00f3kerekn\u00e9l m\u00e1r ak\u00e1r 10$-al is elkezdhetj\u00fck az ismerked\u00e9st a bin\u00e1ris opci\u00f3k vil\u00e1g\u00e1val. Nem kell hatalmas megtakar\u00edt\u00e1sokkal rendelkezn\u00fcnk, hogy sz\u00e1mottev\u0151 bev\u00e9telre tegy\u00fcnk szert, s\u0151t, bizonyos br\u00f3kerek ingyenes dem\u00f3sz\u00e1ml\u00e1t is k\u00edn\u00e1lnak.<\/p>\n<ol start=\"3\">\n<li><strong>Szab\u00e1ly \u2013 Inform\u00e1l\u00f3djunk a br\u00f3kerekr\u0151l<\/strong><\/li>\n<\/ol>\n<p>Mit kell tenn\u00fcnk ahhoz, hogy ne egyek legy\u00fcnk azok k\u00f6z\u00fcl, akik csal\u00f3dottan morgol\u00f3dnak k\u00fcl\u00f6nb\u00f6z\u0151 f\u00f3rumokon, hogy engem \u00e1tvertek \u00e9s butas\u00e1g az eg\u00e9sz?<\/p>\n<p>Keress\u00fcnk magunknak egy megb\u00edzhat\u00f3 br\u00f3kert. A bin\u00e1ris opci\u00f3 br\u00f3kerek egy jelent\u0151s r\u00e9sze mindenf\u00e9le enged\u00e9ly n\u00e9lk\u00fcl gar\u00e1zd\u00e1lkodik az interneten, azonban sok olyan <strong><a href=\"http:\/\/www.binarismentor.com\/brokerek\/iq-option\" target=\"_blank\" rel=\"noopener\"><u>br\u00f3kert<\/u><\/a><\/strong>\u00a0 is tal\u00e1lni, akik rendelkeznek a sz\u00fcks\u00e9ges EU-s enged\u00e9lyekkel, \u00edgy a befizetett t\u0151ke v\u00e9delem alatt \u00e1ll.<\/p>\n<p><strong>Konkl\u00fazi\u00f3<\/strong><\/p>\n<p>A fentiek alapj\u00e1n l\u00e1thatjuk, hogy jogos a bin\u00e1ris opci\u00f3k n\u00f6vekv\u0151 n\u00e9pszer\u0171s\u00e9ge, val\u00f3ban nagyon cs\u00e1b\u00edt\u00f3 a m\u00f6g\u00f6tte rejl\u0151 \u00edg\u00e9ret, azonban fontos l\u00e1tnunk azt is, hogy a \u201et\u00fal sz\u00e9p, hogy igaz legyen\u201d \u00e1ltal\u00e1ban t\u00e9nyleg nem igaz. Olvas\u00f3inknak ez\u00e9rt azt tudjuk tan\u00e1csolni, hogy ha szeretn\u00e9k kipr\u00f3b\u00e1lni a bin\u00e1ris opci\u00f3kat, akkor fogadj\u00e1k meg a fenti szab\u00e1lyokat \u00e9s legyenek nagyon k\u00f6r\u00fcltekint\u0151ek, k\u00fcl\u00f6n\u00f6sen a kezdetek sor\u00e1n.<\/p>\n<p>&nbsp;<\/p>\n<p>&nbsp;<\/p>\n<p>&nbsp;<\/p>\n","protected":false},"excerpt":{"rendered":"<p>Internetez\u00e9s k\u00f6zben manaps\u00e1g egyre gyakrabban tal\u00e1lkozik az ember k\u00fcl\u00f6nb\u00f6z\u0151 befektet\u00e9si weboldalak \u00e9s Forex br\u00f3kerek hirdet\u00e9seivel. Ezek a hirdet\u00e9sek j\u00f3 p\u00e1r \u00e9ve k\u00f6vetnek minket mindenhova, \u00e1m az elm\u00falt h\u00f3napokban ezek mellett egyre t\u00f6bb bin\u00e1ris opci\u00f3s is szembej\u00f6n az emberrel rendk\u00edv\u00fcl magas, 70-90%-os hozamokat \u00e9s gyors meggazdagod\u00e1st \u00edg\u00e9rve. Ebben a cikkben azt vizsg\u00e1ljuk meg, van-e val\u00f3s\u00e1galapja ezeknek &#8230;<\/p>\n","protected":false},"author":1,"featured_media":0,"parent":0,"menu_order":0,"comment_status":"closed","ping_status":"closed","template":"","meta":[],"_links":{"self":[{"href":"https:\/\/gazdasagportal.hu\/index.php\/wp-json\/wp\/v2\/pages\/93229"}],"collection":[{"href":"https:\/\/gazdasagportal.hu\/index.php\/wp-json\/wp\/v2\/pages"}],"about":[{"href":"https:\/\/gazdasagportal.hu\/index.php\/wp-json\/wp\/v2\/types\/page"}],"author":[{"embeddable":true,"href":"https:\/\/gazdasagportal.hu\/index.php\/wp-json\/wp\/v2\/users\/1"}],"replies":[{"embeddable":true,"href":"https:\/\/gazdasagportal.hu\/index.php\/wp-json\/wp\/v2\/comments?post=93229"}],"version-history":[{"count":2,"href":"https:\/\/gazdasagportal.hu\/index.php\/wp-json\/wp\/v2\/pages\/93229\/revisions"}],"predecessor-version":[{"id":93231,"href":"https:\/\/gazdasagportal.hu\/index.php\/wp-json\/wp\/v2\/pages\/93229\/revisions\/93231"}],"wp:attachment":[{"href":"https:\/\/gazdasagportal.hu\/index.php\/wp-json\/wp\/v2\/media?parent=93229"}],"curies":[{"name":"wp","href":"https:\/\/api.w.org\/{rel}","templated":true}]}}