{"id":92022,"date":"2017-04-10T11:28:15","date_gmt":"2017-04-10T09:28:15","guid":{"rendered":"http:\/\/gazdasagportal.hu\/?page_id=92022"},"modified":"2017-04-10T11:28:15","modified_gmt":"2017-04-10T09:28:15","slug":"2017-q1-gyorsjelentes-idopontjai-az-usa-ban-es-europaban","status":"publish","type":"page","link":"https:\/\/gazdasagportal.hu\/index.php\/2017-q1-gyorsjelentes-idopontjai-az-usa-ban-es-europaban\/","title":{"rendered":"2017 Q1 gyorsjelent\u00e9s id\u0151pontjai az USA-ban \u00e9s Eur\u00f3p\u00e1ban"},"content":{"rendered":"<div><strong>A h\u00e9ten kezdet\u00e9t veszi a 2017. I. negyed\u00e9ves amerikai gyorsjelent\u00e9si szezon.\u00a0<\/strong><!--more--><\/p>\n<div class=\"ads-in-post1\"><div id=\"gazdasagportal.hu_fullbanner_wideboard\"><\/div>\r\n<\/div>\n<\/div>\n<table border=\"0\" width=\"100%\" cellspacing=\"0\" cellpadding=\"2\">\n<thead>\n<tr>\n<th width=\"90\">Id\u0151<\/th>\n<th width=\"250\">Adat<\/th>\n<th width=\"70\">Orsz\u00e1g<\/th>\n<th width=\"70\">Id\u0151szak<\/th>\n<th width=\"70\">Kor\u00e1bbi<\/th>\n<th width=\"70\">V\u00e1rt<\/th>\n<\/tr>\n<\/thead>\n<tbody>\n<tr>\n<td width=\"90\">04.12., ny.e.<\/td>\n<td width=\"250\">Delta Airlines<\/td>\n<td width=\"70\">US<\/td>\n<td width=\"70\">2017 Q1<\/td>\n<td width=\"70\">1.31<\/td>\n<td width=\"70\">0.74<\/td>\n<\/tr>\n<tr>\n<td width=\"90\">04.13. 12:45<\/td>\n<td width=\"250\">JPMorgan Chase<\/td>\n<td width=\"70\">US<\/td>\n<td width=\"70\">2017 Q1<\/td>\n<td width=\"70\">1.34<\/td>\n<td width=\"70\">1.52<\/td>\n<\/tr>\n<tr>\n<td width=\"90\">04.13. 14:00<\/td>\n<td width=\"250\">Wells Fargo<\/td>\n<td width=\"70\">US<\/td>\n<td width=\"70\">2017 Q1<\/td>\n<td width=\"70\">0.99<\/td>\n<td width=\"70\">0.97<\/td>\n<\/tr>\n<tr>\n<td width=\"90\">04.13. 14:00<\/td>\n<td width=\"250\">Citigroup<\/td>\n<td width=\"70\">US<\/td>\n<td width=\"70\">2017 Q1<\/td>\n<td width=\"70\">1.25<\/td>\n<td width=\"70\">1.24<\/td>\n<\/tr>\n<tr>\n<td width=\"90\">04.17. 22:05<\/td>\n<td width=\"250\">Netflix<\/td>\n<td width=\"70\">US<\/td>\n<td width=\"70\">2017 Q1<\/td>\n<td width=\"70\">0.06<\/td>\n<td width=\"70\">0.37<\/td>\n<\/tr>\n<tr>\n<td width=\"90\">04.18. 12:45<\/td>\n<td width=\"250\">Bank of America<\/td>\n<td width=\"70\">US<\/td>\n<td width=\"70\">2017 Q1<\/td>\n<td width=\"70\">0.22<\/td>\n<td width=\"70\">0.35<\/td>\n<\/tr>\n<tr>\n<td width=\"90\">04.18. 13:30<\/td>\n<td width=\"250\">Goldman Sachs<\/td>\n<td width=\"70\">US<\/td>\n<td width=\"70\">2017 Q1<\/td>\n<td width=\"70\">2.79<\/td>\n<td width=\"70\">5.13<\/td>\n<\/tr>\n<tr>\n<td width=\"90\">04.18. 22:00<\/td>\n<td width=\"250\">IBM<\/td>\n<td width=\"70\">US<\/td>\n<td width=\"70\">2017 Q1<\/td>\n<td width=\"70\">3.01<\/td>\n<td width=\"70\">2.35<\/td>\n<\/tr>\n<tr>\n<td width=\"90\"><\/td>\n<td width=\"250\">Yahoo!<\/td>\n<td width=\"70\">US<\/td>\n<td width=\"70\">2017 Q1<\/td>\n<td width=\"70\">-0.06<\/td>\n<td width=\"70\">0.14<\/td>\n<\/tr>\n<tr>\n<td width=\"90\">04.19. 13:00<\/td>\n<td width=\"250\">Morgan Stanley<\/td>\n<td width=\"70\">US<\/td>\n<td width=\"70\">2017 Q1<\/td>\n<td width=\"70\">0.55<\/td>\n<td width=\"70\">0.90<\/td>\n<\/tr>\n<tr>\n<td width=\"90\">04.19. 22:30<\/td>\n<td width=\"250\">eBay<\/td>\n<td width=\"70\">US<\/td>\n<td width=\"70\">2017 Q1<\/td>\n<td width=\"70\">0.41<\/td>\n<td width=\"70\">0.48<\/td>\n<\/tr>\n<tr>\n<td width=\"90\">04.19., z.u.<\/td>\n<td width=\"250\">Qualcomm<\/td>\n<td width=\"70\">US<\/td>\n<td width=\"70\">2017 Q2<\/td>\n<td width=\"70\">0.79<\/td>\n<td width=\"70\">1.20<\/td>\n<\/tr>\n<tr>\n<td width=\"90\">04.19., z.u.<\/td>\n<td width=\"250\">American Express<\/td>\n<td width=\"70\">US<\/td>\n<td width=\"70\">2017 Q1<\/td>\n<td width=\"70\">1.43<\/td>\n<td width=\"70\">1.28<\/td>\n<\/tr>\n<tr>\n<td width=\"90\"><\/td>\n<td width=\"250\">Heineken<\/td>\n<td width=\"70\">NL<\/td>\n<td width=\"70\">2017 Q1<\/td>\n<td width=\"70\">0.46<\/td>\n<td width=\"70\"><\/td>\n<\/tr>\n<tr>\n<td width=\"90\">04.20. 12:30<\/td>\n<td width=\"250\">Bank of New York<\/td>\n<td width=\"70\">US<\/td>\n<td width=\"70\">2017 Q1<\/td>\n<td width=\"70\">0.74<\/td>\n<td width=\"70\">0.80<\/td>\n<\/tr>\n<tr>\n<td width=\"90\">04.20. 13:00<\/td>\n<td width=\"250\">Philip Morris International<\/td>\n<td width=\"70\">US<\/td>\n<td width=\"70\">2017 Q1<\/td>\n<td width=\"70\">0.98<\/td>\n<td width=\"70\">1.04<\/td>\n<\/tr>\n<tr>\n<td width=\"90\">04.20. 13:30<\/td>\n<td width=\"250\">Verizon Communications<\/td>\n<td width=\"70\">US<\/td>\n<td width=\"70\">2017 Q1<\/td>\n<td width=\"70\">0.96<\/td>\n<td width=\"70\">0.98<\/td>\n<\/tr>\n<tr>\n<td width=\"90\"><\/td>\n<td width=\"250\">Visa<\/td>\n<td width=\"70\">US<\/td>\n<td width=\"70\">2017 Q2<\/td>\n<td width=\"70\">0.68<\/td>\n<td width=\"70\">0.79<\/td>\n<\/tr>\n<tr>\n<td width=\"90\"><\/td>\n<td width=\"250\">Advanced Micro Devices<\/td>\n<td width=\"70\">US<\/td>\n<td width=\"70\">2017 Q1<\/td>\n<td width=\"70\">-0.14<\/td>\n<td width=\"70\">-0.04<\/td>\n<\/tr>\n<tr>\n<td width=\"90\">04.21., ny.e.<\/td>\n<td width=\"250\">General Electric<\/td>\n<td width=\"70\">US<\/td>\n<td width=\"70\">2017 Q1<\/td>\n<td width=\"70\">0.07<\/td>\n<td width=\"70\">0.17<\/td>\n<\/tr>\n<tr>\n<td width=\"90\">04.24. 22:00<\/td>\n<td width=\"250\">Alcoa<\/td>\n<td width=\"70\">US<\/td>\n<td width=\"70\">2017 Q1<\/td>\n<td width=\"70\">0.21<\/td>\n<td width=\"70\">0.51<\/td>\n<\/tr>\n<tr>\n<td width=\"90\">04.24., z.u.<\/td>\n<td width=\"250\">Newmont Mining<\/td>\n<td width=\"70\">US<\/td>\n<td width=\"70\">2017 Q1<\/td>\n<td width=\"70\">0.34<\/td>\n<td width=\"70\">0.22<\/td>\n<\/tr>\n<tr>\n<td width=\"90\"><\/td>\n<td width=\"250\">Halliburton<\/td>\n<td width=\"70\">US<\/td>\n<td width=\"70\">2017 Q1<\/td>\n<td width=\"70\">0.07<\/td>\n<td width=\"70\">0.04<\/td>\n<\/tr>\n<tr>\n<td width=\"90\"><\/td>\n<td width=\"250\">Hasbro<\/td>\n<td width=\"70\">US<\/td>\n<td width=\"70\">2017 Q1<\/td>\n<td width=\"70\">0.35<\/td>\n<td width=\"70\">0.41<\/td>\n<\/tr>\n<tr>\n<td width=\"90\"><\/td>\n<td width=\"250\">Xerox<\/td>\n<td width=\"70\">US<\/td>\n<td width=\"70\">2017 Q1<\/td>\n<td width=\"70\">0.15<\/td>\n<td width=\"70\">0.16<\/td>\n<\/tr>\n<tr>\n<td width=\"90\">04.25., ny.e.<\/td>\n<td width=\"250\">SAP<\/td>\n<td width=\"70\">GE<\/td>\n<td width=\"70\">2017 Q1<\/td>\n<td width=\"70\">0.58<\/td>\n<td width=\"70\">0.72<\/td>\n<\/tr>\n<tr>\n<td width=\"90\">04.25., ny.e.<\/td>\n<td width=\"250\">Biogen<\/td>\n<td width=\"70\">US<\/td>\n<td width=\"70\">2017 Q1<\/td>\n<td width=\"70\">4.47<\/td>\n<td width=\"70\">5.00<\/td>\n<\/tr>\n<tr>\n<td width=\"90\">04.25. 12:00<\/td>\n<td width=\"250\">Du Pont<\/td>\n<td width=\"70\">US<\/td>\n<td width=\"70\">2017 Q1<\/td>\n<td width=\"70\">1.21<\/td>\n<td width=\"70\">1.38<\/td>\n<\/tr>\n<tr>\n<td width=\"90\">04.25., ny.e.<\/td>\n<td width=\"250\">McDonald&#8217;s<\/td>\n<td width=\"70\">US<\/td>\n<td width=\"70\">2017 Q1<\/td>\n<td width=\"70\">1.23<\/td>\n<td width=\"70\">1.33<\/td>\n<\/tr>\n<tr>\n<td width=\"90\">04.25. 12:25<\/td>\n<td width=\"250\">Eli Lilly<\/td>\n<td width=\"70\">US<\/td>\n<td width=\"70\">2017 Q1<\/td>\n<td width=\"70\">0.72<\/td>\n<td width=\"70\">0.96<\/td>\n<\/tr>\n<tr>\n<td width=\"90\">04.25. 12:30<\/td>\n<td width=\"250\">Caterpillar<\/td>\n<td width=\"70\">US<\/td>\n<td width=\"70\">2017 Q1<\/td>\n<td width=\"70\">0.67<\/td>\n<td width=\"70\">0.60<\/td>\n<\/tr>\n<tr>\n<td width=\"90\">04.25. 12:55<\/td>\n<td width=\"250\">Coca-Cola Co<\/td>\n<td width=\"70\">US<\/td>\n<td width=\"70\">2017 Q1<\/td>\n<td width=\"70\">0.46<\/td>\n<td width=\"70\">0.44<\/td>\n<\/tr>\n<tr>\n<td width=\"90\">04.25., z.u.<\/td>\n<td width=\"250\">AT&amp;T<\/td>\n<td width=\"70\">US<\/td>\n<td width=\"70\">2017 Q1<\/td>\n<td width=\"70\">0.56<\/td>\n<td width=\"70\">0.75<\/td>\n<\/tr>\n<tr>\n<td width=\"90\">04.25., z.u.<\/td>\n<td width=\"250\">Juniper Networks<\/td>\n<td width=\"70\">US<\/td>\n<td width=\"70\">2017 Q1<\/td>\n<td width=\"70\">0.24<\/td>\n<td width=\"70\">0.42<\/td>\n<\/tr>\n<tr>\n<td width=\"90\"><\/td>\n<td width=\"250\">Lockheed Martin<\/td>\n<td width=\"70\">US<\/td>\n<td width=\"70\">2017 Q1<\/td>\n<td width=\"70\">2.79<\/td>\n<td width=\"70\">2.78<\/td>\n<\/tr>\n<tr>\n<td width=\"90\"><\/td>\n<td width=\"250\">Texas Instruments<\/td>\n<td width=\"70\">US<\/td>\n<td width=\"70\">2017 Q1<\/td>\n<td width=\"70\">0.70<\/td>\n<td width=\"70\">0.83<\/td>\n<\/tr>\n<tr>\n<td width=\"90\"><\/td>\n<td width=\"250\">Valero Energy<\/td>\n<td width=\"70\">US<\/td>\n<td width=\"70\">2017 Q1<\/td>\n<td width=\"70\">1.05<\/td>\n<td width=\"70\">0.69<\/td>\n<\/tr>\n<tr>\n<td width=\"90\">04.26., ny.e.<\/td>\n<td width=\"250\">Banco Santander<\/td>\n<td width=\"70\">SP<\/td>\n<td width=\"70\">2017 Q1<\/td>\n<td width=\"70\">0.12<\/td>\n<td width=\"70\">0.13<\/td>\n<\/tr>\n<tr>\n<td width=\"90\">04.26. 07:30<\/td>\n<td width=\"250\">Daimler<\/td>\n<td width=\"70\">GE<\/td>\n<td width=\"70\">2017 Q1<\/td>\n<td width=\"70\">1.47<\/td>\n<td width=\"70\">1.92<\/td>\n<\/tr>\n<tr>\n<td width=\"90\">04.26. 12:00<\/td>\n<td width=\"250\">PepsiCo<\/td>\n<td width=\"70\">US<\/td>\n<td width=\"70\">2017 Q1<\/td>\n<td width=\"70\">0.89<\/td>\n<td width=\"70\">0.91<\/td>\n<\/tr>\n<tr>\n<td width=\"90\">04.26. 13:00<\/td>\n<td width=\"250\">Twitter<\/td>\n<td width=\"70\">US<\/td>\n<td width=\"70\">2017 Q1<\/td>\n<td width=\"70\">-0.12<\/td>\n<td width=\"70\">0.01<\/td>\n<\/tr>\n<tr>\n<td width=\"90\"><\/td>\n<td width=\"250\">Fiat Chrysler Automotives<\/td>\n<td width=\"70\">IT<\/td>\n<td width=\"70\">2017 Q1<\/td>\n<td width=\"70\"><\/td>\n<td width=\"70\">0.43<\/td>\n<\/tr>\n<tr>\n<td width=\"90\"><\/td>\n<td width=\"250\">Boeing<\/td>\n<td width=\"70\">US<\/td>\n<td width=\"70\">2017 Q1<\/td>\n<td width=\"70\">2.16<\/td>\n<td width=\"70\">2.00<\/td>\n<\/tr>\n<tr>\n<td width=\"90\"><\/td>\n<td width=\"250\">PayPal<\/td>\n<td width=\"70\">US<\/td>\n<td width=\"70\">2017 Q1<\/td>\n<td width=\"70\">0.30<\/td>\n<td width=\"70\">0.42<\/td>\n<\/tr>\n<tr>\n<td width=\"90\">04.27. 08:00<\/td>\n<td width=\"250\">Total<\/td>\n<td width=\"70\">FR<\/td>\n<td width=\"70\">2017 Q1<\/td>\n<td width=\"70\">0.56<\/td>\n<td width=\"70\">0.90<\/td>\n<\/tr>\n<tr>\n<td width=\"90\">04.27. 12:45<\/td>\n<td width=\"250\">Dow Chemical<\/td>\n<td width=\"70\">US<\/td>\n<td width=\"70\">2017 Q1<\/td>\n<td width=\"70\">0.88<\/td>\n<td width=\"70\">0.97<\/td>\n<\/tr>\n<tr>\n<td width=\"90\">04.27. 13:00<\/td>\n<td width=\"250\">Ford Motors<\/td>\n<td width=\"70\">US<\/td>\n<td width=\"70\">2017 Q1<\/td>\n<td width=\"70\">0.70<\/td>\n<td width=\"70\">0.40<\/td>\n<\/tr>\n<tr>\n<td width=\"90\">04.27. 22:00<\/td>\n<td width=\"250\">Intel<\/td>\n<td width=\"70\">US<\/td>\n<td width=\"70\">2017 Q1<\/td>\n<td width=\"70\">0.43<\/td>\n<td width=\"70\">0.65<\/td>\n<\/tr>\n<tr>\n<td width=\"90\">04.27. 22:04<\/td>\n<td width=\"250\">Starbucks<\/td>\n<td width=\"70\">US<\/td>\n<td width=\"70\">2017 Q2<\/td>\n<td width=\"70\">0.40<\/td>\n<td width=\"70\">0.45<\/td>\n<\/tr>\n<tr>\n<td width=\"90\">04.27. 22:09<\/td>\n<td width=\"250\">Microsoft<\/td>\n<td width=\"70\">US<\/td>\n<td width=\"70\">2017 Q3<\/td>\n<td width=\"70\">0.46<\/td>\n<td width=\"70\">0.70<\/td>\n<\/tr>\n<tr>\n<td width=\"90\">04.27., z.u.<\/td>\n<td width=\"250\">Alphabet<\/td>\n<td width=\"70\">US<\/td>\n<td width=\"70\">2017 Q1<\/td>\n<td width=\"70\"><\/td>\n<td width=\"70\">7.41<\/td>\n<\/tr>\n<tr>\n<td width=\"90\">04.27., z.u.<\/td>\n<td width=\"250\">GoPro<\/td>\n<td width=\"70\">US<\/td>\n<td width=\"70\">2017 Q1<\/td>\n<td width=\"70\">-0.74<\/td>\n<td width=\"70\">-0.44<\/td>\n<\/tr>\n<tr>\n<td width=\"90\"><\/td>\n<td width=\"250\">Nokia<\/td>\n<td width=\"70\">FI<\/td>\n<td width=\"70\">2017 Q1<\/td>\n<td width=\"70\">0.02<\/td>\n<td width=\"70\">0.03<\/td>\n<\/tr>\n<tr>\n<td width=\"90\"><\/td>\n<td width=\"250\">Airbus<\/td>\n<td width=\"70\">FR<\/td>\n<td width=\"70\">2017 Q1<\/td>\n<td width=\"70\"><\/td>\n<td width=\"70\">0.43<\/td>\n<\/tr>\n<tr>\n<td width=\"90\"><\/td>\n<td width=\"250\">Bayer<\/td>\n<td width=\"70\">GE<\/td>\n<td width=\"70\">2017 Q1<\/td>\n<td width=\"70\">2.01<\/td>\n<td width=\"70\">2.49<\/td>\n<\/tr>\n<tr>\n<td width=\"90\"><\/td>\n<td width=\"250\">Deutsche Bank<\/td>\n<td width=\"70\">GE<\/td>\n<td width=\"70\">2017 Q1<\/td>\n<td width=\"70\">0.31<\/td>\n<td width=\"70\">0.53<\/td>\n<\/tr>\n<tr>\n<td width=\"90\"><\/td>\n<td width=\"250\">Lufthansa<\/td>\n<td width=\"70\">GE<\/td>\n<td width=\"70\">2017 Q1<\/td>\n<td width=\"70\">-0.02<\/td>\n<td width=\"70\">-0.38<\/td>\n<\/tr>\n<tr>\n<td width=\"90\"><\/td>\n<td width=\"250\">Banco Bilbao<\/td>\n<td width=\"70\">SP<\/td>\n<td width=\"70\">2017 Q1<\/td>\n<td width=\"70\">0.11<\/td>\n<td width=\"70\">0.16<\/td>\n<\/tr>\n<tr>\n<td width=\"90\"><\/td>\n<td width=\"250\">Amazon.com<\/td>\n<td width=\"70\">US<\/td>\n<td width=\"70\">2017 Q1<\/td>\n<td width=\"70\">1.07<\/td>\n<td width=\"70\">1.08<\/td>\n<\/tr>\n<tr>\n<td width=\"90\"><\/td>\n<td width=\"250\">Bristol-Myers Squibb<\/td>\n<td width=\"70\">US<\/td>\n<td width=\"70\">2017 Q1<\/td>\n<td width=\"70\">0.69<\/td>\n<td width=\"70\">0.73<\/td>\n<\/tr>\n<tr>\n<td width=\"90\"><\/td>\n<td width=\"250\">Celgene<\/td>\n<td width=\"70\">US<\/td>\n<td width=\"70\">2017 Q1<\/td>\n<td width=\"70\">1.00<\/td>\n<td width=\"70\">1.64<\/td>\n<\/tr>\n<tr>\n<td width=\"90\"><\/td>\n<td width=\"250\">UPS<\/td>\n<td width=\"70\">US<\/td>\n<td width=\"70\">2017 Q1<\/td>\n<td width=\"70\">1.38<\/td>\n<td width=\"70\">1.29<\/td>\n<\/tr>\n<tr>\n<td width=\"90\">04.28. 14:00<\/td>\n<td width=\"250\">Exxon Mobil<\/td>\n<td width=\"70\">US<\/td>\n<td width=\"70\">2017 Q1<\/td>\n<td width=\"70\">0.43<\/td>\n<td width=\"70\">0.89<\/td>\n<\/tr>\n<tr>\n<td width=\"90\"><\/td>\n<td width=\"250\">Sanofi-Aventis<\/td>\n<td width=\"70\">FR<\/td>\n<td width=\"70\">2017 Q1<\/td>\n<td width=\"70\">0.98<\/td>\n<td width=\"70\">1.27<\/td>\n<\/tr>\n<tr>\n<td width=\"90\"><\/td>\n<td width=\"250\">Linde<\/td>\n<td width=\"70\">GE<\/td>\n<td width=\"70\">2017 Q1<\/td>\n<td width=\"70\">1.51<\/td>\n<td width=\"70\">1.85<\/td>\n<\/tr>\n<tr>\n<td width=\"90\"><\/td>\n<td width=\"250\">Chevron<\/td>\n<td width=\"70\">US<\/td>\n<td width=\"70\">2017 Q1<\/td>\n<td width=\"70\">-0.23<\/td>\n<td width=\"70\">0.91<\/td>\n<\/tr>\n<tr>\n<td width=\"90\">05.02., ny.e.<\/td>\n<td width=\"250\">Fidelity<\/td>\n<td width=\"70\">US<\/td>\n<td width=\"70\">2017 Q1<\/td>\n<td width=\"70\">0.33<\/td>\n<td width=\"70\">0.82<\/td>\n<\/tr>\n<tr>\n<td width=\"90\">05.02. 12:45<\/td>\n<td width=\"250\">Merck<\/td>\n<td width=\"70\">US<\/td>\n<td width=\"70\">2017 Q1<\/td>\n<td width=\"70\">0.56<\/td>\n<td width=\"70\">0.84<\/td>\n<\/tr>\n<tr>\n<td width=\"90\">05.02. 22:05<\/td>\n<td width=\"250\">Anadarko Petroleum<\/td>\n<td width=\"70\">US<\/td>\n<td width=\"70\">2017 Q1<\/td>\n<td width=\"70\">-1.12<\/td>\n<td width=\"70\">-0.20<\/td>\n<\/tr>\n<tr>\n<td width=\"90\">05.02. 22:30<\/td>\n<td width=\"250\">Apple<\/td>\n<td width=\"70\">US<\/td>\n<td width=\"70\">2017 Q2<\/td>\n<td width=\"70\">1.91<\/td>\n<td width=\"70\">2.02<\/td>\n<\/tr>\n<tr>\n<td width=\"90\"><\/td>\n<td width=\"250\">Mastercard<\/td>\n<td width=\"70\">US<\/td>\n<td width=\"70\">2017 Q1<\/td>\n<td width=\"70\">0.86<\/td>\n<td width=\"70\">0.94<\/td>\n<\/tr>\n<tr>\n<td width=\"90\"><\/td>\n<td width=\"250\">Office Depot<\/td>\n<td width=\"70\">US<\/td>\n<td width=\"70\">2017 Q1<\/td>\n<td width=\"70\">0.13<\/td>\n<td width=\"70\">0.12<\/td>\n<\/tr>\n<tr>\n<td width=\"90\"><\/td>\n<td width=\"250\">Pfizer<\/td>\n<td width=\"70\">US<\/td>\n<td width=\"70\">2017 Q1<\/td>\n<td width=\"70\">0.59<\/td>\n<td width=\"70\">0.67<\/td>\n<\/tr>\n<tr>\n<td width=\"90\"><\/td>\n<td width=\"250\">T-Mobile USA<\/td>\n<td width=\"70\">US<\/td>\n<td width=\"70\">2017 Q1<\/td>\n<td width=\"70\">0.09<\/td>\n<td width=\"70\">0.35<\/td>\n<\/tr>\n<tr>\n<td width=\"90\">05.03., ny.e.<\/td>\n<td width=\"250\">Time Warner<\/td>\n<td width=\"70\">US<\/td>\n<td width=\"70\">2017 Q1<\/td>\n<td width=\"70\">1.50<\/td>\n<td width=\"70\">1.46<\/td>\n<\/tr>\n<tr>\n<td width=\"90\">05.03. 22:00<\/td>\n<td width=\"250\">Facebook<\/td>\n<td width=\"70\">US<\/td>\n<td width=\"70\">2017 Q1<\/td>\n<td width=\"70\">0.52<\/td>\n<td width=\"70\">1.11<\/td>\n<\/tr>\n<tr>\n<td width=\"90\">05.03., z.u.<\/td>\n<td width=\"250\">AIG<\/td>\n<td width=\"70\">US<\/td>\n<td width=\"70\">2017 Q1<\/td>\n<td width=\"70\">0.67<\/td>\n<td width=\"70\">1.14<\/td>\n<\/tr>\n<tr>\n<td width=\"90\"><\/td>\n<td width=\"250\">BNP Paribas<\/td>\n<td width=\"70\">FR<\/td>\n<td width=\"70\">2017 Q1<\/td>\n<td width=\"70\">1.30<\/td>\n<td width=\"70\">1.39<\/td>\n<\/tr>\n<tr>\n<td width=\"90\"><\/td>\n<td width=\"250\">Osram<\/td>\n<td width=\"70\">GE<\/td>\n<td width=\"70\">2017 Q2<\/td>\n<td width=\"70\">1.12<\/td>\n<td width=\"70\">0.88<\/td>\n<\/tr>\n<tr>\n<td width=\"90\">05.04. 20:00<\/td>\n<td width=\"250\">Shell<\/td>\n<td width=\"70\">NL<\/td>\n<td width=\"70\">2017 Q1<\/td>\n<td width=\"70\">0.17<\/td>\n<td width=\"70\">0.45<\/td>\n<\/tr>\n<tr>\n<td width=\"90\"><\/td>\n<td width=\"250\">Air France-KLM<\/td>\n<td width=\"70\">FR<\/td>\n<td width=\"70\">2017 Q1<\/td>\n<td width=\"70\">-0.34<\/td>\n<td width=\"70\">0.28<\/td>\n<\/tr>\n<tr>\n<td width=\"90\"><\/td>\n<td width=\"250\">Adidas<\/td>\n<td width=\"70\">GE<\/td>\n<td width=\"70\">2017 Q1<\/td>\n<td width=\"70\">1.71<\/td>\n<td width=\"70\">2.02<\/td>\n<\/tr>\n<tr>\n<td width=\"90\"><\/td>\n<td width=\"250\">BMW<\/td>\n<td width=\"70\">GE<\/td>\n<td width=\"70\">2017 Q1<\/td>\n<td width=\"70\">2.55<\/td>\n<td width=\"70\">2.59<\/td>\n<\/tr>\n<tr>\n<td width=\"90\"><\/td>\n<td width=\"250\">Infineon<\/td>\n<td width=\"70\">GE<\/td>\n<td width=\"70\">2017 Q2<\/td>\n<td width=\"70\">0.16<\/td>\n<td width=\"70\">0.20<\/td>\n<\/tr>\n<tr>\n<td width=\"90\"><\/td>\n<td width=\"250\">Siemens<\/td>\n<td width=\"70\">GE<\/td>\n<td width=\"70\">2017 Q2<\/td>\n<td width=\"70\">1.66<\/td>\n<td width=\"70\">1.75<\/td>\n<\/tr>\n<tr>\n<td width=\"90\"><\/td>\n<td width=\"250\">ConocoPhillips<\/td>\n<td width=\"70\">US<\/td>\n<td width=\"70\">2017 Q1<\/td>\n<td width=\"70\">-0.91<\/td>\n<td width=\"70\">0.04<\/td>\n<\/tr>\n<tr>\n<td width=\"90\"><\/td>\n<td width=\"250\">Motorola<\/td>\n<td width=\"70\">US<\/td>\n<td width=\"70\">2017 Q1<\/td>\n<td width=\"70\">0.37<\/td>\n<td width=\"70\">0.57<\/td>\n<\/tr>\n<tr>\n<td width=\"90\">05.05., ny.e.<\/td>\n<td width=\"250\">MOL<\/td>\n<td width=\"70\">HU<\/td>\n<td width=\"70\">2017 Q4<\/td>\n<td width=\"70\">611.12<\/td>\n<td width=\"70\">586.19<\/td>\n<\/tr>\n<tr>\n<td width=\"90\">05.05., ny.e.<\/td>\n<td width=\"250\">Moody&#8217;s<\/td>\n<td width=\"70\">US<\/td>\n<td width=\"70\">2017 Q1<\/td>\n<td width=\"70\">0.93<\/td>\n<td width=\"70\">1.17<\/td>\n<\/tr>\n<\/tbody>\n<\/table>\n<p>Forr\u00e1s: Bloomberg<\/p>\n","protected":false},"excerpt":{"rendered":"<p>A h\u00e9ten kezdet\u00e9t veszi a 2017. I. negyed\u00e9ves amerikai gyorsjelent\u00e9si szezon.\u00a0<\/p>\n","protected":false},"author":1,"featured_media":0,"parent":0,"menu_order":0,"comment_status":"closed","ping_status":"closed","template":"","meta":[],"_links":{"self":[{"href":"https:\/\/gazdasagportal.hu\/index.php\/wp-json\/wp\/v2\/pages\/92022"}],"collection":[{"href":"https:\/\/gazdasagportal.hu\/index.php\/wp-json\/wp\/v2\/pages"}],"about":[{"href":"https:\/\/gazdasagportal.hu\/index.php\/wp-json\/wp\/v2\/types\/page"}],"author":[{"embeddable":true,"href":"https:\/\/gazdasagportal.hu\/index.php\/wp-json\/wp\/v2\/users\/1"}],"replies":[{"embeddable":true,"href":"https:\/\/gazdasagportal.hu\/index.php\/wp-json\/wp\/v2\/comments?post=92022"}],"version-history":[{"count":1,"href":"https:\/\/gazdasagportal.hu\/index.php\/wp-json\/wp\/v2\/pages\/92022\/revisions"}],"predecessor-version":[{"id":92023,"href":"https:\/\/gazdasagportal.hu\/index.php\/wp-json\/wp\/v2\/pages\/92022\/revisions\/92023"}],"wp:attachment":[{"href":"https:\/\/gazdasagportal.hu\/index.php\/wp-json\/wp\/v2\/media?parent=92022"}],"curies":[{"name":"wp","href":"https:\/\/api.w.org\/{rel}","templated":true}]}}