{"id":50705,"date":"2014-11-25T13:26:09","date_gmt":"2014-11-25T12:26:09","guid":{"rendered":"http:\/\/stockportal.hu\/?page_id=50705"},"modified":"2014-11-26T12:03:28","modified_gmt":"2014-11-26T11:03:28","slug":"ford-petranyi-1992-ota-a-piacon","status":"publish","type":"page","link":"https:\/\/gazdasagportal.hu\/index.php\/ford-petranyi-1992-ota-a-piacon\/","title":{"rendered":"Ford Petr\u00e1nyi. 1992 \u00f3ta a piacon"},"content":{"rendered":"<p><strong>Mindenre van Transitunk<\/strong><\/p>\n<p style=\"text-align: justify;\">Csal\u00e1di v\u00e1llalkoz\u00e1sk\u00e9nt j\u00f3l tudjuk, hogy milyen egy v\u00e1llalkoz\u00e1s \u00e9lete, mennyi mindennel kell foglalkozni, s az id\u0151vel milyen j\u00f3l kell gazd\u00e1lkodni. \u00c9ppen ez\u00e9rt \u00f6r\u00fcl\u00fcnk, hogy olyan megold\u00e1st tudunk k\u00edn\u00e1lni a v\u00e1llalkoz\u00e1soknak, amely megk\u00f6nny\u00edti \u00e9s g\u00f6rd\u00fcl\u00e9kenyebb\u00e9 teszi a dolgos h\u00e9tk\u00f6znapokat.<\/p>\n<p style=\"text-align: justify;\"><a href=\"http:\/\/adocean-hu.hit.gemius.pl\/hitredir\/id=ogfrsD7VgCJjGgi7ohHwxrcfTGQkC0StaeZ_o.6BulP.m7\/stparam=ljdnqrelzj\/fastid=iwmzquucpxfigwfegzzxctvnwfok\/url=http:\/\/www.fordpetranyi.hu\/kiemelt-szolgaltatasok\/apro-szam-utolso-lehetoseg\" target=\"_blank\" rel=\"noopener\"><img decoding=\"async\" loading=\"lazy\" class=\"alignleft size-medium wp-image-45615\" src=\"http:\/\/stockportal.hu\/wp-content\/uploads\/2014\/09\/046_kulso_petranyi-300x120.jpg\" alt=\"046_kulso_petranyi\" width=\"300\" height=\"120\" srcset=\"https:\/\/gazdasagportal.hu\/wp-content\/uploads\/2014\/09\/046_kulso_petranyi-300x120.jpg 300w, https:\/\/gazdasagportal.hu\/wp-content\/uploads\/2014\/09\/046_kulso_petranyi-1024x411.jpg 1024w, https:\/\/gazdasagportal.hu\/wp-content\/uploads\/2014\/09\/046_kulso_petranyi.jpg 1400w\" sizes=\"(max-width: 300px) 100vw, 300px\" \/><\/a>1992 \u00f3ta, mi\u00f3ta a piacon vagyunk, nem tapasztaltunk ilyen p\u00e9ld\u00e1tlan gyorsas\u00e1got. 24 h\u00f3napon bel\u00fcl a teljes eur\u00f3pai haszonj\u00e1rm\u0171-csal\u00e1d meg\u00fajult. A d\u00edjnyertes modellek maguk\u00e9rt besz\u00e9lnek.\u00a0A 2013-as \u00e9s 2014-es \u00c9v Haszonj\u00e1rm\u0171vei, a Transit Custom \u00e9s a Transit Connect mellett \u00fajdons\u00e1g a Transit Courier. A hatalmas, 2 tonn\u00e1s Ford Transit kiv\u00e1l\u00f3 tehersz\u00e1ll\u00edt\u00f3 k\u00e9pess\u00e9geit pedig nem is kell bizony\u00edtani.<\/p><div id=\"gazda-2909864143\" class=\"gazda-tartalomban gazda-entity-placement\"><script async src=\"https:\/\/pagead2.googlesyndication.com\/pagead\/js\/adsbygoogle.js\"><\/script>\r\n<ins class=\"adsbygoogle\"\r\n     style=\"display:block\"\r\n     data-ad-format=\"fluid\"\r\n     data-ad-layout-key=\"-6t+ed+2i-1n-4w\"\r\n     data-ad-client=\"ca-pub-1959107119989764\"\r\n     data-ad-slot=\"4008251320\"><\/ins>\r\n<script>\r\n     (adsbygoogle = window.adsbygoogle || []).push({});\r\n<\/script><\/div>\n<p style=\"text-align: justify;\">A vadonat\u00faj Transit modellpalett\u00e1val mindenkinek k\u00edn\u00e1lunk megold\u00e1st, \u201e<strong>Mindenre van Transit<\/strong>.\u201d<br \/>\nNemcsak a m\u00e1r j\u00f3l ismert nagy teherb\u00edr\u00e1s, rakod\u00e1si ter\u00fclet, praktikuss\u00e1g, de az \u00fczemben tart\u00e1si k\u00f6lts\u00e9gek kedvez\u0151 mivolta is meggy\u0151z\u0151.<\/p>\n<p style=\"text-align: justify;\">3 m\u00e1rkakeresked\u00e9s\u00fcnkben t\u00f6bb mint 130 szakember dolgozik az\u00e9rt, hogy mindenki megtal\u00e1lja a v\u00e1llalkoz\u00e1sa sz\u00e1m\u00e1ra legink\u00e1bb megfelel\u0151 haszong\u00e9pj\u00e1rm\u0171vet. B\u00fcszk\u00e9k vagyunk r\u00e1, hogy \u00fcgyfeleinket olyan munkat\u00e1rsak szolg\u00e1lj\u00e1k ki, akiknek a jelent\u0151s r\u00e9sze m\u00e1r t\u00f6bb, mint 10 \u00e9ve dolgozik vel\u00fcnk.<\/p>\n<p><strong>NHP 2,5%-os fix kamat a Ford Petr\u00e1nyin\u00e1l \u00faj haszong\u00e9pj\u00e1rm\u0171veinkre<\/strong><\/p>\n<p style=\"text-align: justify;\"><a href=\"http:\/\/adocean-hu.hit.gemius.pl\/hitredir\/id=ogfrsD7VgCJjGgi7ohHwxrcfTGQkC0StaeZ_o.6BulP.m7\/stparam=ljdnqrelzj\/fastid=iwmzquucpxfigwfegzzxctvnwfok\/url=http:\/\/www.fordpetranyi.hu\/kiemelt-szolgaltatasok\/apro-szam-utolso-lehetoseg\" target=\"_blank\" rel=\"noopener\"><img decoding=\"async\" loading=\"lazy\" class=\"alignright wp-image-50723\" src=\"http:\/\/stockportal.hu\/wp-content\/uploads\/2014\/11\/Transit_range_petranyi_uj1-300x185.jpg\" alt=\"Transit_range_petranyi_uj1\" width=\"265\" height=\"164\" srcset=\"https:\/\/gazdasagportal.hu\/wp-content\/uploads\/2014\/11\/Transit_range_petranyi_uj1-300x185.jpg 300w, https:\/\/gazdasagportal.hu\/wp-content\/uploads\/2014\/11\/Transit_range_petranyi_uj1-1024x632.jpg 1024w, https:\/\/gazdasagportal.hu\/wp-content\/uploads\/2014\/11\/Transit_range_petranyi_uj1.jpg 1497w\" sizes=\"(max-width: 265px) 100vw, 265px\" \/><\/a>A Ford Petr\u00e1nyi haszong\u00e9pj\u00e1rm\u0171 k\u00e9szlet\u00e9b\u0151l kiv\u00e1lasztott Ford Transit modellpaletta b\u00e1rmelyik tagja megk\u00f6nny\u00edti majd a v\u00e1llalkoz\u00e1s mindennapi munkav\u00e9gz\u00e9s\u00e9t. Mi pedig megk\u00f6nny\u00edtj\u00fck a d\u00f6nt\u00e9st. Kiemelked\u0151en kedvez\u0151 felt\u00e9telekkel v\u00e1rjuk.<\/p>\n<p style=\"text-align: justify;\">A Magyar Nemzeti Bank \u00e1ltal refinansz\u00edrozott, a N\u00f6veked\u00e9si Hitelprogram (tov\u00e1bbiakban NHP) keret\u00e9ben megval\u00f3s\u00edtott g\u00e9pj\u00e1rm\u0171 l\u00edzing konstrukci\u00f3 el\u00e9rhet\u0151 a Ford Petr\u00e1nyi k\u00edn\u00e1lat\u00e1ban. Most p\u00e1ratlanul el\u0151ny\u00f6s finansz\u00edroz\u00e1si k\u00f6r\u00fclm\u00e9nyekkel v\u00e1s\u00e1rolhatja meg a c\u00e9g\u00e9hez legink\u00e1bb ill\u0151\u00a0<strong><a href=\"http:\/\/adocean-hu.hit.gemius.pl\/hitredir\/id=ogfrsD7VgCJjGgi7ohHwxrcfTGQkC0StaeZ_o.6BulP.m7\/stparam=ljdnqrelzj\/fastid=iwmzquucpxfigwfegzzxctvnwfok\/url=http:\/\/www.fordpetranyi.hu\/kiemelt-szolgaltatasok\/apro-szam-utolso-lehetoseg\" target=\"_blank\" rel=\"noopener\">Ford Transit haszong\u00e9pj\u00e1rm\u0171vet.<\/a><\/strong><br \/>\nE finansz\u00edroz\u00e1si megold\u00e1ssal 2,5%-os fix \u00fcgyleti kamat mellett finansz\u00edrozhat\u00f3k kishaszong\u00e9pj\u00e1rm\u0171veink. \u00c9ljen a lehet\u0151s\u00e9ggel!<\/p>\n<p><span style=\"color: #000000;\"><strong>Kedvez\u0151 \u00e1rak<\/strong><\/span><\/p>\n<p>Most rendk\u00edv\u00fcli aj\u00e1nlatokat biztos\u00edtunk az NHP <span style=\"color: #000000;\">2,5% kamattal<\/span> v\u00e1s\u00e1rolt aut\u00f3inkra. \u00cdme n\u00e9h\u00e1ny p\u00e9lda*:<br \/>\n<strong>A <span style=\"color: #000000;\">Transit Courier Trend<\/span> nett\u00f3 <span style=\"color: #000000;\">2 999 000<\/span> Ft-t\u00f3l, havi nett\u00f3 <span style=\"color: #000000;\">42 580<\/span> Ft-t\u00f3l \u00e9rhet\u0151 el.<\/strong><br \/>\n<strong>A<span style=\"color: #000000;\"> Transit Connect Trend<\/span> nett\u00f3 <span style=\"color: #000000;\">3 390 000<\/span> Ft-t\u00f3l, havi nett\u00f3 <span style=\"color: #000000;\">48 130<\/span> Ft-t\u00f3l kaphat\u00f3. <\/strong><br \/>\n<strong>Az <span style=\"color: #000000;\">\u00faj Transit Custom<\/span> nett\u00f3 <span style=\"color: #000000;\">4 309 000<\/span> Ft-t\u00f3l, havi nett\u00f3 <span style=\"color: #000000;\">61 165<\/span> Ft-t\u00f3l lehet a v\u00e1llalkoz\u00e1sa tagja.<\/strong><br \/>\n<strong>Az <span style=\"color: #000000;\">\u00faj Transit<\/span> pedig nett\u00f3 <span style=\"color: #000000;\">4 399 000<\/span> Ft-t\u00f3l, havi nett\u00f3 <span style=\"color: #000000;\">62 460<\/span> Ft-t\u00f3l lehet az \u00d6n\u00e9. <\/strong><\/p>\n<p><span style=\"color: #000000;\"><strong>Akikhez most sz\u00f3lunk<\/strong><\/span><\/p>\n<p>Minden** olyan kis-, k\u00f6z\u00e9p- \u00e9s mikro v\u00e1llalat, valamint egy\u00e9ni v\u00e1llalkoz\u00f3, \u0151stermel\u0151k, csal\u00e1di gazd\u00e1lkod\u00f3k, akik szeretn\u00e9k hat\u00e9konyabb\u00e1 tenni v\u00e1llalkoz\u00e1sukat.<\/p>\n<p><strong>R\u00e9szletek<\/strong><\/p>\n<p>Meg\u00fajult <strong><a href=\"http:\/\/adocean-hu.hit.gemius.pl\/hitredir\/id=ogfrsD7VgCJjGgi7ohHwxrcfTGQkC0StaeZ_o.6BulP.m7\/stparam=ljdnqrelzj\/fastid=iwmzquucpxfigwfegzzxctvnwfok\/url=http:\/\/www.fordpetranyi.hu\" target=\"_blank\" rel=\"noopener\">honlapunk<\/a><\/strong> \u00e9s munkat\u00e1rsaink \u00e1llnak rendelkez\u00e9sre a <a href=\"http:\/\/adocean-hu.hit.gemius.pl\/hitredir\/id=ogfrsD7VgCJjGgi7ohHwxrcfTGQkC0StaeZ_o.6BulP.m7\/stparam=ljdnqrelzj\/fastid=iwmzquucpxfigwfegzzxctvnwfok\/url=http:\/\/www.fordpetranyi.hu\/kiemelt-szolgaltatasok\/apro-szam-utolso-lehetoseg\" target=\"_blank\" rel=\"noopener\"><strong>tov\u00e1bbi r\u00e9szletekkel kapcsolatban<\/strong><\/a><\/p>\n<p><font SIZE=\"-3\">*A t\u00e1j\u00e9koztat\u00e1s nem teljes k\u00f6r\u0171. A fenti aj\u00e1nlatok a k\u00f6vetkez\u0151 modellekre \u00e9rv\u00e9nyesek: Transit Courier Trend 1,0 EcoBoost 100 LE; Transit Connect Trend 1,0 EcoBoost 100 LE; Transit Custom Economy 2,2 TDCi 100 LE kl\u00edm\u00e1val; Transit MWB Van Economy 2,2 TDCi 100 LE kl\u00edm\u00e1val. A fenti modell \u00e1rak nett\u00f3ban \u00e9rtend\u0151k, brutt\u00f3 \u00e1rak: Courier 3 808 730 Ft, Connect 4 305 300 Ft, Custom: 5 472 430 Ft, Transit: 5 586 730 Ft. A felt\u00fcntetett havi r\u00e9szletek 60 h\u00f3napos futamid\u0151re \u00e9rv\u00e9nyesek. A havi t\u00f6rleszt\u0151 r\u00e9szletek brutt\u00f3 \u00e9rt\u00e9ke: Courier 54 076 Ft, Connect 61 126 Ft, Custom 77 697 Ft, Transit: 79 325 Ft. Az aj\u00e1nlat 2014. december 31-ig, vagy a k\u00e9szlet erej\u00e9ig \u00e9rv\u00e9nyesek.<\/p>\n<p><a href=\"http:\/\/net.jogtar.hu\/jr\/gen\/hjegy_doc.cgi?docid=A0400034.TV\" target=\"_blank\" rel=\"noopener\">**2004. \u00e9vi XXXIV. t\u00f6rv\u00e9ny<\/a>\u00a0fogalmai szerint KKV-nak min\u0151s\u00fcl\u0151. Belf\u00f6ldi sz\u00e9khely. Az \u00e1llam vagy az \u00f6nkorm\u00e1nyzat k\u00f6zvetlen vagy k\u00f6zvetett tulajdoni r\u00e9szesed\u00e9se &#8211; t\u0151ke vagy szavazati joga alapj\u00e1n &#8211; k\u00fcl\u00f6n-k\u00fcl\u00f6n vagy egy\u00fcttesen sem haladhatja meg a 25%-ot. Ak\u00e1r k\u00fclf\u00f6ld\u00f6n l\u00e9v\u0151 kapcsolt &#8211; \u00e9s partnerv\u00e1llalkoz\u00e1saival \u00f6sszevont (konszolid\u00e1lt) \u00e9ves besz\u00e1mol\u00f3ja, annak hi\u00e1ny\u00e1ban a v\u00e1llalkoz\u00e1s nyilv\u00e1ntart\u00e1sa alapj\u00e1n is KKV-nak min\u0151s\u00fcl.<\/p>\n<p>A fent eml\u00edtett aj\u00e1nlat 2014. december 31-ig, illetve visszavon\u00e1sig \u00e9rv\u00e9nyes. A t\u00e1j\u00e9koztat\u00e1s nem teljes k\u00f6r\u0171. A fent le\u00edrtak nem min\u0151s\u00fclnek aj\u00e1nlatt\u00e9telnek. Tov\u00e1bbi r\u00e9szletek\u00e9rt forduljon m\u00e1rkakeresked\u00e9s\u00fcnkh\u00f6z.<\/font><\/p>\n","protected":false},"excerpt":{"rendered":"<p>Mindenre van Transitunk Csal\u00e1di v\u00e1llalkoz\u00e1sk\u00e9nt j\u00f3l tudjuk, hogy milyen egy v\u00e1llalkoz\u00e1s \u00e9lete, mennyi mindennel kell foglalkozni, s az id\u0151vel milyen j\u00f3l kell gazd\u00e1lkodni. \u00c9ppen ez\u00e9rt \u00f6r\u00fcl\u00fcnk, hogy olyan megold\u00e1st tudunk k\u00edn\u00e1lni a v\u00e1llalkoz\u00e1soknak, amely megk\u00f6nny\u00edti \u00e9s g\u00f6rd\u00fcl\u00e9kenyebb\u00e9 teszi a dolgos h\u00e9tk\u00f6znapokat. 1992 \u00f3ta, mi\u00f3ta a piacon vagyunk, nem tapasztaltunk ilyen p\u00e9ld\u00e1tlan gyorsas\u00e1got. 24 h\u00f3napon bel\u00fcl &#8230;<\/p>\n","protected":false},"author":1,"featured_media":0,"parent":0,"menu_order":0,"comment_status":"open","ping_status":"closed","template":"","meta":[],"_links":{"self":[{"href":"https:\/\/gazdasagportal.hu\/index.php\/wp-json\/wp\/v2\/pages\/50705"}],"collection":[{"href":"https:\/\/gazdasagportal.hu\/index.php\/wp-json\/wp\/v2\/pages"}],"about":[{"href":"https:\/\/gazdasagportal.hu\/index.php\/wp-json\/wp\/v2\/types\/page"}],"author":[{"embeddable":true,"href":"https:\/\/gazdasagportal.hu\/index.php\/wp-json\/wp\/v2\/users\/1"}],"replies":[{"embeddable":true,"href":"https:\/\/gazdasagportal.hu\/index.php\/wp-json\/wp\/v2\/comments?post=50705"}],"version-history":[{"count":52,"href":"https:\/\/gazdasagportal.hu\/index.php\/wp-json\/wp\/v2\/pages\/50705\/revisions"}],"predecessor-version":[{"id":50895,"href":"https:\/\/gazdasagportal.hu\/index.php\/wp-json\/wp\/v2\/pages\/50705\/revisions\/50895"}],"wp:attachment":[{"href":"https:\/\/gazdasagportal.hu\/index.php\/wp-json\/wp\/v2\/media?parent=50705"}],"curies":[{"name":"wp","href":"https:\/\/api.w.org\/{rel}","templated":true}]}}