{"id":137500,"date":"2021-08-19T14:32:04","date_gmt":"2021-08-19T12:32:04","guid":{"rendered":"https:\/\/gazdasagportal.hu\/?page_id=137500"},"modified":"2021-08-27T00:37:40","modified_gmt":"2021-08-26T22:37:40","slug":"a-digitalizacio-minden-vallalkozasnak-mas-elonyt-jelenthet","status":"publish","type":"page","link":"https:\/\/gazdasagportal.hu\/index.php\/a-digitalizacio-minden-vallalkozasnak-mas-elonyt-jelenthet\/","title":{"rendered":"A digitaliz\u00e1ci\u00f3 minden v\u00e1llalkoz\u00e1snak m\u00e1s el\u0151nyt jelenthet"},"content":{"rendered":"<p><script async=\"async\" src=\"https:\/\/securepubads.g.doubleclick.net\/tag\/js\/gpt.js\"><\/script><\/p>\n<p><script><\/p>\n<p>window.googletag = window.googletag || {cmd: []};<\/p>\n<p><\/script><\/p>\n<div id='div-gpt-ad-1629819749665-0'>\n<p>  <script><\/p>\n<p>    googletag.cmd.push(function() {<\/p>\n<p>      googletag.pubads().display('\/28240038\/pr_mero\/0406_nlm_mkik_gazdasagportal_cikkav', [1, 1], 'div-gpt-ad-1629819749665-0');<\/p>\n<p>    });<\/p>\n<p>  <\/script><\/p>\n<\/div>\n<div id=\"attachment_137550\" style=\"width: 310px\" class=\"wp-caption alignleft\"><a href=\"https:\/\/gazdasagportal.hu\/wp-content\/uploads\/2021\/08\/MVP_prcikk_infografiaka_eredmenyek_2-09-.jpg\"><img aria-describedby=\"caption-attachment-137550\" decoding=\"async\" loading=\"lazy\" class=\"wp-image-137550 size-medium\" src=\"https:\/\/gazdasagportal.hu\/wp-content\/uploads\/2021\/08\/MVP_prcikk_infografiaka_eredmenyek_2-09--300x169.jpg\" alt=\"\" width=\"300\" height=\"169\" srcset=\"https:\/\/gazdasagportal.hu\/wp-content\/uploads\/2021\/08\/MVP_prcikk_infografiaka_eredmenyek_2-09--300x169.jpg 300w, https:\/\/gazdasagportal.hu\/wp-content\/uploads\/2021\/08\/MVP_prcikk_infografiaka_eredmenyek_2-09--1024x576.jpg 1024w, https:\/\/gazdasagportal.hu\/wp-content\/uploads\/2021\/08\/MVP_prcikk_infografiaka_eredmenyek_2-09--768x432.jpg 768w, https:\/\/gazdasagportal.hu\/wp-content\/uploads\/2021\/08\/MVP_prcikk_infografiaka_eredmenyek_2-09--1536x864.jpg 1536w, https:\/\/gazdasagportal.hu\/wp-content\/uploads\/2021\/08\/MVP_prcikk_infografiaka_eredmenyek_2-09-.jpg 1920w\" sizes=\"(max-width: 300px) 100vw, 300px\" \/><\/a><p id=\"caption-attachment-137550\" class=\"wp-caption-text\">Forr\u00e1s: Modern V\u00e1llalkoz\u00e1sok Programja<\/p><\/div>\n<p><b>T\u00f6bb sz\u00e1zezer hazai kisv\u00e1llalkoz\u00e1s \u00e9lhetne a d\u00edjmentes informatikai auditot \u00e9s fejleszt\u00e9si tan\u00e1csad\u00e1st ny\u00fajt\u00f3 szolg\u00e1ltat\u00e1ssal. A Magyar Kereskedelmi \u00e9s Iparkamara \u00e1ltal m\u0171k\u00f6dtetett Modern V\u00e1llalkoz\u00e1sok Programja tan\u00e1csad\u00f3i igyekeznek mindenkihez eljutni, mik\u00f6zben a j\u00e1rv\u00e1ny minden kor\u00e1bbin\u00e1l er\u0151sebben r\u00e1mutatott a digitaliz\u00e1ci\u00f3 sz\u00fcks\u00e9gess\u00e9g\u00e9re. A fejl\u0151d\u00e9si v\u00e1gy mellett sokszor a k\u00e9nyszer viszi r\u00e1 a v\u00e1llalkoz\u00e1sokat a fejleszt\u00e9sre \u2013 mondta Kott Ferenc, az MKIK Digitaliz\u00e1ci\u00f3s Koll\u00e9gium\u00e1nak eln\u00f6ke.<\/b><\/p>\n<p><b><i>Mennyire \u00e9rzik a v\u00e1llalkoz\u00e1sok a digitaliz\u00e1ci\u00f3s k\u00e9nyszert?<\/i><\/b><\/p>\n<p><span style=\"font-weight: 400;\">A v\u00e1llalatvezet\u0151k gyakran sokadrang\u00fa k\u00e9rd\u00e9snek tartj\u00e1k a digitaliz\u00e1ci\u00f3t, nem rendelkeznek elegend\u0151 inform\u00e1ci\u00f3val a t\u00e9m\u00e1r\u00f3l, vagy kifejezetten tartanak t\u0151le. A home office munkav\u00e9gz\u00e9s, az online \u00e9rt\u00e9kes\u00edt\u00e9s persze a pand\u00e9mia miatt nagy publicit\u00e1st kapott, sokan \u00e9rezt\u00e9k a b\u0151r\u00fck\u00f6n, hogy l\u00e9pni kell, de a j\u00f3l m\u0171k\u00f6d\u0151 \u00e9s biztons\u00e1gos megval\u00f3s\u00edt\u00e1shoz szak\u00e9rt\u0151i seg\u00edts\u00e9gre is sz\u00fcks\u00e9g van. Az elm\u00falt m\u00e1sf\u00e9l \u00e9v megmutatta, hogy minden v\u00e1llalkoz\u00e1s sz\u00e1m\u00e1ra kritikus fontoss\u00e1g\u00fa a fejleszt\u00e9s, sokaknak a digitaliz\u00e1ci\u00f3 egyenesen az \u00e9letben marad\u00e1st jelentheti. Egy ilyen horderej\u0171 v\u00e1ltoz\u00e1s levez\u00e9nyl\u00e9s\u00e9hez pedig k\u00fcl\u00f6n\u00f6sen indokolt a j\u00f3 tervez\u00e9s \u00e9s professzion\u00e1lis megval\u00f3s\u00edt\u00e1s, amit a Modern V\u00e1llalkoz\u00e1sok Programja is biztos\u00edthat sz\u00e1mukra. (A vid\u00e9ken vagy vid\u00e9ken is m\u0171k\u00f6d\u0151 kkv-k sz\u00e1m\u00e1ra)\u00a0<\/span><\/p><div id=\"gazda-1351627706\" class=\"gazda-tartalomban gazda-entity-placement\"><script async src=\"https:\/\/pagead2.googlesyndication.com\/pagead\/js\/adsbygoogle.js\"><\/script>\r\n<ins class=\"adsbygoogle\"\r\n     style=\"display:block\"\r\n     data-ad-format=\"fluid\"\r\n     data-ad-layout-key=\"-6t+ed+2i-1n-4w\"\r\n     data-ad-client=\"ca-pub-1959107119989764\"\r\n     data-ad-slot=\"4008251320\"><\/ins>\r\n<script>\r\n     (adsbygoogle = window.adsbygoogle || []).push({});\r\n<\/script><\/div>\n<p><b><i>Mivel pr\u00f3b\u00e1lj\u00e1k meg r\u00e1venni a v\u00e1llalkoz\u00e1sokat a fejleszt\u00e9sre?<\/i><\/b><\/p>\n<p><span style=\"font-weight: 400;\">T\u00e1volabbr\u00f3l kell indulni ennek meg\u00e9rt\u00e9s\u00e9hez. A v\u00e1llalkoz\u00e1soknak els\u0151sorban nem informatikai term\u00e9kbeszerz\u00e9sre van sz\u00fcks\u00e9g\u00fck, hanem az egyedi, c\u00e9gspecifikus probl\u00e9m\u00e1ik megold\u00e1s\u00e1ra. A digit\u00e1lis fejleszt\u00e9s minden v\u00e1llalkoz\u00e1snak m\u00e1st jelent. Olykor csak a munkafolyamatok optimaliz\u00e1l\u00e1s\u00e1t informatikai eszk\u00f6z\u00f6kkel, de sokszor egy komplex m\u0171k\u00f6d\u00e9si modellv\u00e1lt\u00e1st is. A legnehezebb feladat a hozz\u00e1\u00e1ll\u00e1sban v\u00e1ltoz\u00e1st el\u00e9rni, mert a digitaliz\u00e1ci\u00f3 komoly szeml\u00e9letv\u00e1lt\u00e1st is ig\u00e9nyel a r\u00e9sz\u00fckr\u0151l. A mi feladatunk, hogy egy stabil, orsz\u00e1gos lefedetts\u00e9g\u0171 tan\u00e1csad\u00f3i h\u00e1l\u00f3zat \u00fatj\u00e1n d\u00edjmentes, szem\u00e9lyes tan\u00e1csad\u00e1st adjunk sz\u00e1mukra. A saj\u00e1t k\u00f6rnyezet\u00fckben tal\u00e1lkozunk vel\u00fck, tapasztalt \u00e9s az auditban, fejleszt\u00e9sben j\u00e1rtas koll\u00e9g\u00e1inkkal seg\u00edt\u00fcnk, c\u00e9gre szabott megold\u00e1st k\u00edn\u00e1lunk. A digitaliz\u00e1ci\u00f3val, informatik\u00e1val szemben fenn\u00e1ll\u00f3 f\u00e9lelem, ami olykor koroszt\u00e1lyos saj\u00e1toss\u00e1g is, a bizonytalans\u00e1gb\u00f3l fakad. Ez\u00e9rt a tan\u00e1csad\u00f3ink feladata a tud\u00e1s\u00e1tad\u00e1s, az ismeretterjeszt\u00e9s \u00e9s a szeml\u00e9letform\u00e1l\u00e1s is. Komplex programr\u00f3l van teh\u00e1t sz\u00f3, nem szimpla r\u00e1besz\u00e9l\u00e9sr\u0151l.<\/span><\/p>\n<p><b><i>Hogyan m\u00e9rhet\u0151 ennek a szeml\u00e9letform\u00e1l\u00f3 munk\u00e1nak az eredm\u00e9nye? \u00dagy is k\u00e9rdezhetn\u00e9m, mi a digitaliz\u00e1ci\u00f3 SI-m\u00e9rt\u00e9kegys\u00e9ge?\u00a0<\/i><\/b><\/p>\n<p><span style=\"font-weight: 400;\">Az eredm\u00e9nyek visszaigazolj\u00e1k a munk\u00e1nk hasznoss\u00e1g\u00e1t: n\u00e9gy megkeresett v\u00e1llalkoz\u00e1sb\u00f3l h\u00e1rom k\u00e9ri, ig\u00e9nyli a fejleszt\u00e9si tan\u00e1csokat. Hogy konkr\u00e9t sz\u00e1mot mondjak: t\u00fal vagyunk a h\u00faszezredik szem\u00e9lyes kapcsolatfelv\u00e9telen \u00e9s k\u00f6zel tizenn\u00e9gyezer egyedi, v\u00e1llalkoz\u00e1sra szabott fejleszt\u00e9si koncepci\u00f3n a 2016 \u00f3ta tart\u00f3 m\u0171k\u00f6d\u00e9s\u00fcnk sor\u00e1n. Legal\u00e1bb ennyire fontos, hogy a hazai digitaliz\u00e1ci\u00f3s tan\u00e1csad\u00e1s z\u00e1szl\u00f3shaj\u00f3jak\u00e9nt magunk m\u00f6g\u00f6tt tudhatjuk a korm\u00e1nyzat t\u00e1mogat\u00e1s\u00e1t is. Az elm\u00falt \u00e9vekben n\u00e9gy alkalommal emelt\u00e9k a programra rendelkez\u00e9sre \u00e1ll\u00f3 keretet. Sz\u00e1momra ez is arr\u00f3l tan\u00faskodik, hogy a d\u00f6nt\u00e9shoz\u00f3k bizalmat szavaztak nek\u00fcnk, fontosnak tartj\u00e1k ezt a felvil\u00e1gos\u00edt\u00f3, szeml\u00e9letform\u00e1l\u00f3 munk\u00e1t. Amellett, hogy ez a bizalom rendk\u00edv\u00fcl megtisztel\u0151, meggy\u0151z\u0151d\u00e9sem, hogy a v\u00e1llalkoz\u00e1sok k\u00f6r\u00e9ben v\u00e9gzett munka eredm\u00e9nye be fog \u00e9rni, \u00e9s meg fog mutatkozni a digit\u00e1lis fejleszt\u00e9si p\u00e1ly\u00e1zatokra val\u00f3 jelentkez\u00e9sek sz\u00e1m\u00e1ban \u00e9s persze a kkv szektor versenyk\u00e9pess\u00e9gi mutat\u00f3in is.\u00a0<\/span><\/p>\n<p><b><i>H\u00e1ny mikro-, kis- \u00e9s k\u00f6z\u00e9pv\u00e1llalkoz\u00e1st \u00e9rint ez a program haz\u00e1nkban?<\/i><\/b><\/p>\n<p><span style=\"font-weight: 400;\">Magyarorsz\u00e1gon hozz\u00e1vet\u0151leg h\u00e9tsz\u00e1zezer kis- \u00e9s k\u00f6z\u00e9pv\u00e1llalkoz\u00e1s m\u0171k\u00f6dik, ebb\u0151l ak\u00e1r k\u00e9tsz\u00e1zezerre is tehet\u0151 azok sz\u00e1ma, akikn\u00e9l re\u00e1lisan sz\u00f3ba j\u00f6het jelenleg ilyen ir\u00e1ny\u00fa fejleszt\u00e9s, f\u0151leg, ha a legkisebb v\u00e1llalkoz\u00e1sokra is f\u00f3kusz\u00e1lunk. A program eddigi m\u0171k\u00f6d\u00e9se sor\u00e1n t\u00f6bb mint h\u00faszezer v\u00e1llalkoz\u00e1shoz jutottunk el, teh\u00e1t azt mondhatom, m\u00e9g a munka elej\u00e9n vagyunk. Nagy eredm\u00e9ny, hogy m\u00e1r a Pest-megyei c\u00e9geket is be tudjuk vonni, hossz\u00fa t\u00e1von a f\u0151v\u00e1rosban m\u0171k\u00f6d\u0151 v\u00e1llalkoz\u00e1sok el\u00e9r\u00e9se is a c\u00e9lok k\u00f6z\u00e9 tartozik, b\u00e1r a jelenlegi uni\u00f3s t\u00e1mogat\u00e1si szab\u00e1lyok ezt ma m\u00e9g sajnos nem teszik lehet\u0151v\u00e9.\u00a0<\/span><\/p>\n<p><b><i>Sok versenyt\u00e1rssal osztoznak a tan\u00e1csad\u00f3i piacon?<\/i><\/b><\/p>\n<div id=\"attachment_137520\" style=\"width: 310px\" class=\"wp-caption alignleft\"><a href=\"https:\/\/gazdasagportal.hu\/wp-content\/uploads\/2021\/08\/Kott_Ferenc_2.jpg\"><img aria-describedby=\"caption-attachment-137520\" decoding=\"async\" loading=\"lazy\" class=\"wp-image-137520 size-medium\" src=\"https:\/\/gazdasagportal.hu\/wp-content\/uploads\/2021\/08\/Kott_Ferenc_2-300x200.jpg\" alt=\"\" width=\"300\" height=\"200\" srcset=\"https:\/\/gazdasagportal.hu\/wp-content\/uploads\/2021\/08\/Kott_Ferenc_2-300x200.jpg 300w, https:\/\/gazdasagportal.hu\/wp-content\/uploads\/2021\/08\/Kott_Ferenc_2.jpg 600w\" sizes=\"(max-width: 300px) 100vw, 300px\" \/><\/a><p id=\"caption-attachment-137520\" class=\"wp-caption-text\">Forr\u00e1s: Modern V\u00e1llalkoz\u00e1sok Programja<\/p><\/div>\n<p><span style=\"font-weight: 400;\">Bizonyos \u00e9rtelemben nem \u00e9rdemes versenyr\u0151l besz\u00e9lni, hiszen mi d\u00edjmentesen biztos\u00edtjuk a szolg\u00e1ltat\u00e1sunkat az \u00e9rintett kis- \u00e9s k\u00f6z\u00e9pv\u00e1llalkoz\u00e1soknak. Hasonl\u00f3 m\u00e9ret\u0171 kkv specifikus orsz\u00e1gos h\u00e1l\u00f3zattal m\u00e1s nem rendelkezik a piacon. A tan\u00e1csad\u00f3ink tapasztaltak, helyileg be\u00e1gyazottak, sok \u00e9ve a szektorban mozognak, ismerik a trendeket, a sz\u00e1ll\u00edt\u00f3kat, az \u00fcgyfeleket. Az id\u00e9z\u0151jeles versenyt\u00e1rsaink viszont t\u00f6bbnyire elad\u00e1s-vez\u00e9reltek, ink\u00e1bb sales tev\u00e9kenys\u00e9get v\u00e9geznek. N\u00e1luk egy \u00e1tvil\u00e1g\u00edt\u00e1s \u2013 c\u00e9gm\u00e9rett\u0151l f\u00fcgg\u0151en \u2013 m\u00e9g az eszk\u00f6zbeszerz\u00e9s n\u00e9lk\u00fcl is el\u00e9rheti a sok sz\u00e1zezres, milli\u00f3s t\u00e9telt. Nem gy\u0151z\u00f6m hangs\u00falyozni, hogy azok a kiv\u00e1laszt\u00e1sra ker\u00fcl\u0151 c\u00e9gek, akikkel van szerencs\u00e9nk dolgozni, nemcsak t\u00e9r\u00edt\u00e9smentesen kapj\u00e1k az auditot, a c\u00e9gre szabott egyedi fejleszt\u00e9si tervet, de v\u00e9gig fogjuk is a kez\u00fcket, sz\u00e1ll\u00edt\u00f3 partnereinken kereszt\u00fcl t\u00e1mogatjuk a bevezet\u00e9sben \u0151ket. Ennek a szolg\u00e1ltat\u00e1snak a piaci \u00e9rt\u00e9ke, b\u00e1tran mondhatom, el\u00e9ri a h\u00e9tsz\u00e1mjegy\u0171 \u00f6sszeget.<\/span><\/p>\n<p><span style=\"font-weight: 400;\">R\u00e1ad\u00e1sul rajtunk nincs elad\u00f3i nyom\u00e1s, hiszen a teljes informatikai besz\u00e1ll\u00edt\u00f3i piac a sz\u00f6vets\u00e9ges\u00fcnk. Ha \u00fagy vessz\u00fck, a teljes IT szektornak piacot szerz\u00fcnk, de \u00e9n jobban szeretem azt a megk\u00f6zel\u00edt\u00e9st, hogy a hazai v\u00e1llalkoz\u00e1sok digit\u00e1lis fejleszt\u00e9se a c\u00e9lunk, amibe az eszk\u00f6z \u00e9s szoftverbeszerz\u00e9s is beletartozik. Ehhez pedig \u00f3ri\u00e1si k\u00edn\u00e1lat \u00e1ll rendelkez\u00e9s\u00fcnkre, a k\u00f6zelm\u00faltban k\u00f6sz\u00f6nt\u00f6tt\u00fck az ezredik informatikai besz\u00e1ll\u00edt\u00f3nkat. Az \u00e1ltaluk biztos\u00edtott megold\u00e1sok t\u00e1rh\u00e1za szinte v\u00e9gtelen, \u00edgy minden v\u00e1llalkoz\u00e1snak tudunk j\u00f3 megold\u00e1st aj\u00e1nlani ebb\u0151l a kos\u00e1rb\u00f3l. J\u00f3l azonos\u00edthat\u00f3 egyedi probl\u00e9m\u00e1ra teljesen c\u00e9gre szabott megold\u00e1st. \u00c9rdemes a <strong><a href=\"http:\/\/pubads.g.doubleclick.net\/gampad\/clk?id=5769922955&amp;iu=\/28240038\/pr_mero\/0406_nlm_mkik_gazdasagportal_cikkav\" target=\"_blank\" rel=\"noopener\">vallalkozzdigitalisan.hu<\/a><\/strong> oldalon k\u00f6r\u00fcln\u00e9zni.<\/span><\/p>\n<p><b><i>Hosszabb t\u00e1von mi a kifut\u00e1sa a programnak?\u00a0<\/i><\/b><\/p>\n<p>A bel\u00e1that\u00f3 j\u00f6v\u0151r\u0151l besz\u00e9lve, a jelenleg fut\u00f3 uni\u00f3s programoz\u00e1si ciklusban is folyamatosan a v\u00e1llalkoz\u00e1sok rendelkez\u00e9s\u00e9re szeretn\u00e9nk \u00e1llni, hasonl\u00f3an az el\u0151z\u0151 \u00e9vekhez. A tan\u00e1csad\u00f3i l\u00e9tsz\u00e1munk b\u0151v\u00edt\u00e9se \u00fcdv\u00f6s lenne, hogy min\u00e9l t\u00f6bb v\u00e1llalkoz\u00e1shoz el tudjunk jutni a k\u00f6vetkez\u0151 \u00e9vekben. Ennek \u00e9rdek\u00e9ben a digitaliz\u00e1ci\u00f3val foglalkoz\u00f3 test\u00fcletk\u00e9nt term\u00e9szetesen a saj\u00e1t munk\u00e1nkat is optimaliz\u00e1ljuk informatikai megold\u00e1sokkal. Jelenleg is dolgozunk egy mesters\u00e9ges intelligenci\u00e1ra \u00e9p\u00fcl\u0151 megold\u00e1son. A c\u00e9l egy olyan, adatb\u00e1zisra \u00e9p\u00fcl\u0151 chatbot kommunik\u00e1tor fejleszt\u00e9se, amely a kapcsolatfelv\u00e9telben \u00e9s ig\u00e9nyfelm\u00e9r\u00e9sben is t\u00e1mogatja, automatiz\u00e1lja a tan\u00e1csad\u00f3i munk\u00e1t. Enn\u00e9l is fontosabb azonban sz\u00e1munkra az el\u00e9rhet\u0151s\u00e9g, a l\u00e1that\u00f3s\u00e1g biztos\u00edt\u00e1sa. T\u00f6bb sz\u00e1zezer hazai v\u00e1llalkoz\u00e1s van m\u00e9g, akikhez &#8211; ak\u00e1r csak az online t\u00e9rben is &#8211; de el szeretn\u00e9nk jutni. Sok interakt\u00edv \u00e9s ak\u00e1r sz\u00f3rakoztat\u00f3 form\u00e1ba \u00e1gyazott eduk\u00e1ci\u00f3s tartalommal is k\u00e9sz\u00fcl\u00fcnk.\u00a0 Ehhez a v\u00e1llalkoz\u00e1sok r\u00e9sz\u00e9r\u0151l is sz\u00fcks\u00e9g van a befogad\u00f3k\u00e9szs\u00e9gre, az \u00e9rdekl\u0151d\u00e9sre a digit\u00e1lis megold\u00e1sok ir\u00e1nt. Mindez sokat lend\u00edtene a mi munk\u00e1nkon is, de ami m\u00e9g jelent\u0151sebb: a hazai v\u00e1llalkoz\u00e1sok digit\u00e1lis versenyk\u00e9pess\u00e9g\u00e9n is.<\/p>\n<p><img decoding=\"async\" loading=\"lazy\" class=\"alignright wp-image-137510\" src=\"https:\/\/gazdasagportal.hu\/wp-content\/uploads\/2021\/08\/szechenyi.jpg\" alt=\"\" width=\"420\" height=\"302\" srcset=\"https:\/\/gazdasagportal.hu\/wp-content\/uploads\/2021\/08\/szechenyi.jpg 569w, https:\/\/gazdasagportal.hu\/wp-content\/uploads\/2021\/08\/szechenyi-300x216.jpg 300w\" sizes=\"(max-width: 420px) 100vw, 420px\" \/>(T\u00e1mogatott tartalom)<\/p>\n","protected":false},"excerpt":{"rendered":"<p>T\u00f6bb sz\u00e1zezer hazai kisv\u00e1llalkoz\u00e1s \u00e9lhetne a d\u00edjmentes informatikai auditot \u00e9s fejleszt\u00e9si tan\u00e1csad\u00e1st ny\u00fajt\u00f3 szolg\u00e1ltat\u00e1ssal. A Magyar Kereskedelmi \u00e9s Iparkamara \u00e1ltal m\u0171k\u00f6dtetett Modern V\u00e1llalkoz\u00e1sok Programja tan\u00e1csad\u00f3i igyekeznek mindenkihez eljutni, mik\u00f6zben a j\u00e1rv\u00e1ny minden kor\u00e1bbin\u00e1l er\u0151sebben r\u00e1mutatott a digitaliz\u00e1ci\u00f3 sz\u00fcks\u00e9gess\u00e9g\u00e9re. A fejl\u0151d\u00e9si v\u00e1gy mellett sokszor a k\u00e9nyszer viszi r\u00e1 a v\u00e1llalkoz\u00e1sokat a fejleszt\u00e9sre \u2013 mondta Kott Ferenc, &#8230;<\/p>\n","protected":false},"author":1001005,"featured_media":137550,"parent":0,"menu_order":0,"comment_status":"closed","ping_status":"closed","template":"","meta":[],"_links":{"self":[{"href":"https:\/\/gazdasagportal.hu\/index.php\/wp-json\/wp\/v2\/pages\/137500"}],"collection":[{"href":"https:\/\/gazdasagportal.hu\/index.php\/wp-json\/wp\/v2\/pages"}],"about":[{"href":"https:\/\/gazdasagportal.hu\/index.php\/wp-json\/wp\/v2\/types\/page"}],"author":[{"embeddable":true,"href":"https:\/\/gazdasagportal.hu\/index.php\/wp-json\/wp\/v2\/users\/1001005"}],"replies":[{"embeddable":true,"href":"https:\/\/gazdasagportal.hu\/index.php\/wp-json\/wp\/v2\/comments?post=137500"}],"version-history":[{"count":13,"href":"https:\/\/gazdasagportal.hu\/index.php\/wp-json\/wp\/v2\/pages\/137500\/revisions"}],"predecessor-version":[{"id":137582,"href":"https:\/\/gazdasagportal.hu\/index.php\/wp-json\/wp\/v2\/pages\/137500\/revisions\/137582"}],"wp:featuredmedia":[{"embeddable":true,"href":"https:\/\/gazdasagportal.hu\/index.php\/wp-json\/wp\/v2\/media\/137550"}],"wp:attachment":[{"href":"https:\/\/gazdasagportal.hu\/index.php\/wp-json\/wp\/v2\/media?parent=137500"}],"curies":[{"name":"wp","href":"https:\/\/api.w.org\/{rel}","templated":true}]}}