{"id":122103,"date":"2019-12-10T10:33:49","date_gmt":"2019-12-10T09:33:49","guid":{"rendered":"http:\/\/gazdasagportal.hu\/?page_id=122103"},"modified":"2019-12-12T11:56:33","modified_gmt":"2019-12-12T10:56:33","slug":"rtk-pontos-teruletmero-keszulek-1-millio-ft-alatt","status":"publish","type":"page","link":"https:\/\/gazdasagportal.hu\/index.php\/rtk-pontos-teruletmero-keszulek-1-millio-ft-alatt\/","title":{"rendered":"RTK pontos ter\u00fcletm\u00e9r\u0151 k\u00e9sz\u00fcl\u00e9k 1 milli\u00f3 Ft alatt?"},"content":{"rendered":"<h1>Mi\u00e9rt j\u00f3 egy RTK pontoss\u00e1g\u00fa GPS-es ter\u00fcletm\u00e9r\u0151 k\u00e9sz\u00fcl\u00e9k?<\/h1>\n<p><a href=\"https:\/\/gazdasagportal.hu\/wp-content\/uploads\/2019\/12\/Prec_Mapper_T\u00e9rk\u00e9p.jpg\"><img decoding=\"async\" loading=\"lazy\" class=\"alignright wp-image-122104\" src=\"https:\/\/gazdasagportal.hu\/wp-content\/uploads\/2019\/12\/Prec_Mapper_T\u00e9rk\u00e9p-169x300.jpg\" alt=\"\" width=\"131\" height=\"233\" srcset=\"https:\/\/gazdasagportal.hu\/wp-content\/uploads\/2019\/12\/Prec_Mapper_T\u00e9rk\u00e9p-169x300.jpg 169w, https:\/\/gazdasagportal.hu\/wp-content\/uploads\/2019\/12\/Prec_Mapper_T\u00e9rk\u00e9p-576x1024.jpg 576w, https:\/\/gazdasagportal.hu\/wp-content\/uploads\/2019\/12\/Prec_Mapper_T\u00e9rk\u00e9p.jpg 720w\" sizes=\"(max-width: 131px) 100vw, 131px\" \/><\/a>LD-Agro m\u00e1rkan\u00e9ven m\u00e1r kor\u00e1bban is t\u00f6bbf\u00e9le pontoss\u00e1ggal rendelkez\u0151, k\u00fcl\u00f6nb\u00f6z\u0151 feladatokra alkalmas GPS-es ter\u00fcletm\u00e9r\u0151ket haszn\u00e1lhattak a gazd\u00e1lkod\u00f3k. Azonban mindig felmer\u00fclt az ig\u00e9ny a val\u00f3s id\u0151ben is n\u00e9h\u00e1ny cm-es pontoss\u00e1g\u00fa ter\u00fcletm\u00e9r\u0151 eszk\u00f6zre. Leggyakrabban a t\u00e1bl\u00e1k t\u00f6r\u00e9spontjainak kim\u00e9r\u00e9sekor sz\u00fcks\u00e9ges a nagy pontoss\u00e1g\u00fa GPS-es ter\u00fcletm\u00e9r\u0151. Ugye \u00d6nnek sem mindegy, hogy egy hossz\u00fa t\u00e1bl\u00e1n esetleg a szomsz\u00e9d 80-100 cm-rel m\u0171veli a f\u00f6ldet a saj\u00e1t hat\u00e1rain t\u00fal?<\/p>\n<h1>A legkorszer\u0171bb egys\u00e9gekb\u0151l \u00e1ll\u00f3 ter\u00fcletm\u00e9r\u0151 GPS az \u00d6n szolg\u00e1lat\u00e1ban!<\/h1>\n<p><a href=\"https:\/\/gazdasagportal.hu\/wp-content\/uploads\/2019\/12\/PrecMapper_S500.jpg\"><img decoding=\"async\" loading=\"lazy\" class=\"alignright size-medium wp-image-122110\" src=\"https:\/\/gazdasagportal.hu\/wp-content\/uploads\/2019\/12\/PrecMapper_S500-281x300.jpg\" alt=\"\" width=\"281\" height=\"300\" srcset=\"https:\/\/gazdasagportal.hu\/wp-content\/uploads\/2019\/12\/PrecMapper_S500-281x300.jpg 281w, https:\/\/gazdasagportal.hu\/wp-content\/uploads\/2019\/12\/PrecMapper_S500.jpg 608w\" sizes=\"(max-width: 281px) 100vw, 281px\" \/><\/a>A leg\u00fajabb ter\u00fcletm\u00e9r\u0151 szoftver\u00fcnk imm\u00e1r korszer\u0171, android-alap\u00fa okostelefonon el\u00e9rhet\u0151, term\u00e9szetesen magyar nyelven. Az \u00faj LC:AREA ter\u00fcletm\u00e9r\u0151 szoftver fejleszt\u00e9s\u00e9n\u00e9l tov\u00e1bbra is a legfontosabb c\u00e9lunk, hogy egyszer\u0171en haszn\u00e1lhat\u00f3, b\u00e1rki sz\u00e1m\u00e1ra k\u00f6nnyen kezelhet\u0151 maradjon. A ter\u00fcletm\u00e9r\u0151 GPS sokkal gyorsabb megjelen\u00edt\u00e9st tesz lehet\u0151v\u00e9, internetkapcsolat eset\u00e9n pedig ak\u00e1r m\u0171holdk\u00e9p vagy t\u00e9rk\u00e9p is l\u00e1that\u00f3 a m\u00e9r\u00e9sek megk\u00f6nny\u00edt\u00e9se \u00e9rdek\u00e9ben. A Precision Mapper val\u00f3ban terepi adatgy\u0171jt\u0151 eszk\u00f6z, hiszen a ter\u00fcletm\u00e9r\u0151 GPS egy IP68-as (por- \u00e9s csepp\u00e1ll\u00f3) ipari okostelefonnal rendelkezik.<\/p>\n<p>A Precision Mapper RTK-s ter\u00fcletm\u00e9r\u0151 csomag m\u00e1sik fontos eleme a GNSS vev\u0151. A Stonex S500 teljesen \u00faj fejleszt\u00e9s, mely kompakt m\u00e9ret\u00e9vel, IP67-es v\u00e9detts\u00e9g\u00e9vel, hossz\u00fa m\u0171k\u00f6d\u00e9si idej\u00e9vel (egy t\u00f6lt\u00e9ssel ak\u00e1r 8 \u00f3ra!) t\u00f6k\u00e9letes kieg\u00e9sz\u00edt\u0151je a ter\u00fcletm\u00e9r\u0151nek. A 432 csatorn\u00e1s RTK k\u00e9pes vev\u0151 t\u00e1mogatja GPS, GLONASS, GALILEO, s\u0151t a k\u00ednai BEIDOU m\u0171holdak v\u00e9tel\u00e9t is, \u00edgy korszer\u0171 ter\u00fcletm\u00e9r\u0151 eszk\u00f6z birtok\u00e1ban felk\u00e9sz\u00fclten v\u00e1rhatja az \u00faj, eur\u00f3pai m\u0171holdrendszert is!<\/p><div id=\"gazda-41438940\" class=\"gazda-tartalomban gazda-entity-placement\"><script async src=\"https:\/\/pagead2.googlesyndication.com\/pagead\/js\/adsbygoogle.js\"><\/script>\r\n<ins class=\"adsbygoogle\"\r\n     style=\"display:block\"\r\n     data-ad-format=\"fluid\"\r\n     data-ad-layout-key=\"-6t+ed+2i-1n-4w\"\r\n     data-ad-client=\"ca-pub-1959107119989764\"\r\n     data-ad-slot=\"4008251320\"><\/ins>\r\n<script>\r\n     (adsbygoogle = window.adsbygoogle || []).push({});\r\n<\/script><\/div>\n<h1>RTK-s ter\u00fcletm\u00e9r\u0151 GPS csomagban, szoftverrel nett\u00f3 1 milli\u00f3 Ft alatt!<\/h1>\n<p><a href=\"https:\/\/gazdasagportal.hu\/wp-content\/uploads\/2019\/12\/stonex3.jpg\"><img decoding=\"async\" loading=\"lazy\" class=\"alignright size-medium wp-image-122112\" src=\"https:\/\/gazdasagportal.hu\/wp-content\/uploads\/2019\/12\/stonex3-300x194.jpg\" alt=\"\" width=\"300\" height=\"194\" srcset=\"https:\/\/gazdasagportal.hu\/wp-content\/uploads\/2019\/12\/stonex3-300x194.jpg 300w, https:\/\/gazdasagportal.hu\/wp-content\/uploads\/2019\/12\/stonex3-768x496.jpg 768w, https:\/\/gazdasagportal.hu\/wp-content\/uploads\/2019\/12\/stonex3.jpg 1006w\" sizes=\"(max-width: 300px) 100vw, 300px\" \/><\/a>A GPS-es ter\u00fcletm\u00e9r\u0151 a korrekci\u00f3s jel haszn\u00e1lata n\u00e9lk\u00fcl is 50 cm alatti pontoss\u00e1got \u00e9r el pontok kim\u00e9r\u00e9sekor. Korrekci\u00f3s jel haszn\u00e1latakor az okostelefonon kereszt\u00fcl egy SIM-k\u00e1rtya seg\u00edts\u00e9g\u00e9vel kapja meg a ter\u00fcletm\u00e9r\u0151 GPS az RTK korrekci\u00f3t, \u00edgy azonnal megval\u00f3sulhat a n\u00e9h\u00e1ny cm-es pontoss\u00e1g\u00fa pontkit\u0171z\u00e9s! Ez a korrekci\u00f3s jel megv\u00e1s\u00e1rolhat\u00f3, \u00e9rkezhet egy h\u00e1l\u00f3zati RTK szolg\u00e1ltat\u00f3t\u00f3l is (ak\u00e1r percalap\u00fa sz\u00e1ml\u00e1z\u00e1ssal), vagy \u00e9rkezhet saj\u00e1t b\u00e1zis\u00e1llom\u00e1sr\u00f3l is, ebben az esetben nem kell a korrekci\u00f3s jel\u00e9rt d\u00edjat fizetni. Ugye \u00d6nnek sem mindegy, milyen ter\u00fclet\u00e9rt \u00e9s mennyit fizet?<\/p>\n<h1>Milyen esetekben seg\u00edt egy pontos GPS-es ter\u00fcletm\u00e9r\u0151?<\/h1>\n<p><a href=\"https:\/\/gazdasagportal.hu\/wp-content\/uploads\/2019\/12\/Hengerez\u00e9s.jpg\"><img decoding=\"async\" loading=\"lazy\" class=\"alignright wp-image-122119\" src=\"https:\/\/gazdasagportal.hu\/wp-content\/uploads\/2019\/12\/Hengerez\u00e9s-300x225.jpg\" alt=\"\" width=\"260\" height=\"195\" srcset=\"https:\/\/gazdasagportal.hu\/wp-content\/uploads\/2019\/12\/Hengerez\u00e9s-300x225.jpg 300w, https:\/\/gazdasagportal.hu\/wp-content\/uploads\/2019\/12\/Hengerez\u00e9s-768x576.jpg 768w, https:\/\/gazdasagportal.hu\/wp-content\/uploads\/2019\/12\/Hengerez\u00e9s.jpg 800w\" sizes=\"(max-width: 260px) 100vw, 260px\" \/><\/a>Ha sok, apr\u00f3 f\u00f6ldje van, vagy m\u00e1soknak szolg\u00e1ltat\u00e1sk\u00e9nt v\u00e9gez ter\u00fcletm\u00e9r\u00e9st, az LD-Agro Precision Mapper ide\u00e1lis v\u00e1laszt\u00e1s! Egyszer\u0171bb m\u00e9r\u00e9sekn\u00e9l, pl. f\u00f6ldalap\u00fa t\u00e1mogat\u00e1sokhoz, b\u00e9rmunk\u00e1k elsz\u00e1mol\u00e1s\u00e1hoz, pontok kit\u0171z\u00e9s\u00e9re, t\u00e1blahat\u00e1rok megkeres\u00e9s\u00e9re a legegyszer\u0171bben haszn\u00e1lhat\u00f3 a ter\u00fcletm\u00e9r\u0151 GPS. Tov\u00e1bb\u00e1 a GPS-es ter\u00fcletm\u00e9r\u0151 nagyszer\u0171en alkalmazhat\u00f3 ker\u00fclet m\u00e9r\u00e9s\u00e9re is, pl. ker\u00edt\u00e9s, villanyp\u00e1sztor, vezet\u00e9kek, cs\u00f6vek stb. telep\u00edt\u00e9sekor. Egyszer\u0171en csak k\u00f6rbe kell j\u00e1rni az adott ter\u00fcletet, \u00e9s m\u00e1ris m\u00e9terre pontosan tudjuk a sz\u00fcks\u00e9ges anyagmennyis\u00e9get!<\/p>\n<p><a href=\"https:\/\/gazdasagportal.hu\/wp-content\/uploads\/2019\/12\/talajminta1.jpg\"><img decoding=\"async\" loading=\"lazy\" class=\"alignright size-medium wp-image-122114\" src=\"https:\/\/gazdasagportal.hu\/wp-content\/uploads\/2019\/12\/talajminta1-300x261.jpg\" alt=\"\" width=\"300\" height=\"261\" srcset=\"https:\/\/gazdasagportal.hu\/wp-content\/uploads\/2019\/12\/talajminta1-300x261.jpg 300w, https:\/\/gazdasagportal.hu\/wp-content\/uploads\/2019\/12\/talajminta1.jpg 597w\" sizes=\"(max-width: 300px) 100vw, 300px\" \/><\/a>Amennyiben viszont m\u00e1r a t\u00e1bl\u00e1k t\u00e9nyleges hely\u00e9nek meghat\u00e1roz\u00e1sa, vagy bizonyos pontok megkeres\u00e9se a c\u00e9l, komolyabb, pontosabb GPS-es ter\u00fcletm\u00e9r\u0151re van sz\u00fcks\u00e9g. Ebben seg\u00edthet a meg\u00fajult Precision Mapper RTK-korrekci\u00f3val! Amennyiben prec\u00edzi\u00f3s gazd\u00e1lkod\u00e1st folytatnak, fontos a\u00a0talaj-mintav\u00e9telez\u00e9si helyek megfelel\u0151 r\u00f6gz\u00edt\u00e9se, hiszen a k\u00e9s\u0151bbiekben is ezeken kell majd a talajmint\u00e1kat venni. Hi\u00e1ba v\u00e9gezteti el a talajelemz\u00e9st laborokban, juttatja ki helyspecifikusan a mikro- \u00e9s makr\u00f3elemeket, ha nem ugyanabb\u00f3l a pontb\u00f3l veszi a talajmint\u00e1t! Egy prec\u00edz ter\u00fcletm\u00e9r\u0151 GPS egy apr\u00f3, \u00e1mde nagyon fontos elem ebben a folyamatban!<\/p>\n<p><a href=\"https:\/\/gazdasagportal.hu\/wp-content\/uploads\/2019\/12\/007.jpg\"><img decoding=\"async\" loading=\"lazy\" class=\"aligncenter size-large wp-image-122106\" src=\"https:\/\/gazdasagportal.hu\/wp-content\/uploads\/2019\/12\/007-1024x262.jpg\" alt=\"\" width=\"620\" height=\"159\" srcset=\"https:\/\/gazdasagportal.hu\/wp-content\/uploads\/2019\/12\/007-1024x262.jpg 1024w, https:\/\/gazdasagportal.hu\/wp-content\/uploads\/2019\/12\/007-300x77.jpg 300w, https:\/\/gazdasagportal.hu\/wp-content\/uploads\/2019\/12\/007-768x197.jpg 768w, https:\/\/gazdasagportal.hu\/wp-content\/uploads\/2019\/12\/007.jpg 2048w\" sizes=\"(max-width: 620px) 100vw, 620px\" \/><\/a><\/p>\n<p>Mivel a ter\u00fcletek felm\u00e9rhet\u0151k \u00e9s t\u00e9rk\u00e9pen megjelen\u00edthet\u0151k, \u00f6nkorm\u00e1nyzatok is el\u0151szeretettel alkalmazz\u00e1k a Precision Mapper ter\u00fcletm\u00e9r\u0151 GPS-t p\u00e9ld\u00e1ul a\u00a0parlagf\u0171vel fert\u0151z\u00f6tt ter\u00fcletek, vagy illeg\u00e1lis hullad\u00e9klerak\u00f3 helyek beazonos\u00edt\u00e1s\u00e1ra. A nagys\u00e1g is pontosan m\u00e9rhet\u0151, illetve a koordin\u00e1t\u00e1kat helyrajzi sz\u00e1mos t\u00e9rk\u00e9pre helyezve m\u00e1ris el\u00e9rhet\u0151ek a tulajdonosok adatai.<\/p>\n<p><a href=\"https:\/\/gazdasagportal.hu\/wp-content\/uploads\/2019\/12\/Screenshot_20190319-082235.jpg\"><img decoding=\"async\" loading=\"lazy\" class=\"alignright size-medium wp-image-122116\" src=\"https:\/\/gazdasagportal.hu\/wp-content\/uploads\/2019\/12\/Screenshot_20190319-082235-169x300.jpg\" alt=\"\" width=\"169\" height=\"300\" srcset=\"https:\/\/gazdasagportal.hu\/wp-content\/uploads\/2019\/12\/Screenshot_20190319-082235-169x300.jpg 169w, https:\/\/gazdasagportal.hu\/wp-content\/uploads\/2019\/12\/Screenshot_20190319-082235-576x1024.jpg 576w, https:\/\/gazdasagportal.hu\/wp-content\/uploads\/2019\/12\/Screenshot_20190319-082235.jpg 720w\" sizes=\"(max-width: 169px) 100vw, 169px\" \/><\/a>A prec\u00edz pontkit\u0171z\u00e9sre \u00faj f\u00f6ldter\u00fcletek megv\u00e1s\u00e1rl\u00e1sakor is sz\u00fcks\u00e9g lehet. Szem\u00e9lyes ter\u00fcletbej\u00e1r\u00e1ssal, RTK pontos ter\u00fcletm\u00e9r\u0151vel a f\u00f6ldhivatalt\u00f3l sz\u00e1rmaz\u00f3 koordin\u00e1t\u00e1k birtok\u00e1ban pontosan meghat\u00e1rozhat\u00f3ak a t\u00e1bl\u00e1k. A Precision Mapper ter\u00fcletm\u00e9r\u0151 GPS szoftvere sok egy\u00e9b form\u00e1tum mellett k\u00e9pes fogadni a WGS84, illetve a Magyarorsz\u00e1gon haszn\u00e1latos EOV72 szabv\u00e1ny\u00fa koordin\u00e1t\u00e1kat is. Nem kell bajl\u00f3dnia a koordin\u00e1t\u00e1k konvert\u00e1l\u00e1s\u00e1val, ezt a ter\u00fcletm\u00e9r\u0151 automatikusan elv\u00e9gzi \u00d6nnek!<\/p>\n<p><strong><a href=\"http:\/\/www.agrogazda.hu\/sorvezeto_es_teruletmero\/gps-es_teruletmero\/\" target=\"_blank\" rel=\"noopener\">B\u0151vebben a ter\u00fcletm\u00e9r\u0151kr\u0151l, a ter\u00fcletm\u00e9r\u0151 GPS-ekr\u0151l, a GPS-es ter\u00fcletm\u00e9r\u0151kr\u0151l itt olvashat!<\/a><\/strong><\/p>\n<p><strong>M\u00e9rjen RTK pontosan (pontot, vonalat, ter\u00fcletet fel- \u00e9s kim\u00e9rni) a meg\u00fajult LD-Agro Precision Mapper ter\u00fcletm\u00e9r\u0151 k\u00e9sz\u00fcl\u00e9kkel! Forduljon hozz\u00e1nk bizalommal, hogy seg\u00edts\u00fcnk \u00d6nnek a legmegfelel\u0151bb ter\u00fcletm\u00e9r\u0151 GPS kiv\u00e1laszt\u00e1s\u00e1ban!<\/strong><\/p>\n<p><strong>Agrogazda.hu M\u00e9r\u0151m\u0171szerek Kft.<\/strong><br \/>\nSz\u00e9kesfeh\u00e9rv\u00e1r, Zsombolyai u. 36.<br \/>\nTel.: +36 22\/322-650; Mobil: +36 70\/618-6225<br \/>\nWeb:\u00a0<a href=\"http:\/\/www.agrogazda.hu\/\" target=\"_blank\" rel=\"noopener\">www.agrogazda.hu<\/a>; E-mail:\u00a0<a href=\"mailto:info@agrogazda.hu\">info@agrogazda.hu<\/a><\/p>\n<p><a href=\"https:\/\/gazdasagportal.hu\/wp-content\/uploads\/2019\/08\/agrogazda_hu_2013_modositott_logo_640.jpg\"><img decoding=\"async\" loading=\"lazy\" class=\"alignleft  wp-image-118668\" src=\"https:\/\/gazdasagportal.hu\/wp-content\/uploads\/2019\/08\/agrogazda_hu_2013_modositott_logo_640-300x155.jpg\" alt=\"\" width=\"221\" height=\"114\" srcset=\"https:\/\/gazdasagportal.hu\/wp-content\/uploads\/2019\/08\/agrogazda_hu_2013_modositott_logo_640-300x155.jpg 300w, https:\/\/gazdasagportal.hu\/wp-content\/uploads\/2019\/08\/agrogazda_hu_2013_modositott_logo_640.jpg 640w\" sizes=\"(max-width: 221px) 100vw, 221px\" \/><\/a><\/p>\n","protected":false},"excerpt":{"rendered":"<p>Mi\u00e9rt j\u00f3 egy RTK pontoss\u00e1g\u00fa GPS-es ter\u00fcletm\u00e9r\u0151 k\u00e9sz\u00fcl\u00e9k? LD-Agro m\u00e1rkan\u00e9ven m\u00e1r kor\u00e1bban is t\u00f6bbf\u00e9le pontoss\u00e1ggal rendelkez\u0151, k\u00fcl\u00f6nb\u00f6z\u0151 feladatokra alkalmas GPS-es ter\u00fcletm\u00e9r\u0151ket haszn\u00e1lhattak a gazd\u00e1lkod\u00f3k. Azonban mindig felmer\u00fclt az ig\u00e9ny a val\u00f3s id\u0151ben is n\u00e9h\u00e1ny cm-es pontoss\u00e1g\u00fa ter\u00fcletm\u00e9r\u0151 eszk\u00f6zre. Leggyakrabban a t\u00e1bl\u00e1k t\u00f6r\u00e9spontjainak kim\u00e9r\u00e9sekor sz\u00fcks\u00e9ges a nagy pontoss\u00e1g\u00fa GPS-es ter\u00fcletm\u00e9r\u0151. Ugye \u00d6nnek sem mindegy, hogy egy &#8230;<\/p>\n","protected":false},"author":1,"featured_media":0,"parent":0,"menu_order":0,"comment_status":"closed","ping_status":"closed","template":"","meta":[],"_links":{"self":[{"href":"https:\/\/gazdasagportal.hu\/index.php\/wp-json\/wp\/v2\/pages\/122103"}],"collection":[{"href":"https:\/\/gazdasagportal.hu\/index.php\/wp-json\/wp\/v2\/pages"}],"about":[{"href":"https:\/\/gazdasagportal.hu\/index.php\/wp-json\/wp\/v2\/types\/page"}],"author":[{"embeddable":true,"href":"https:\/\/gazdasagportal.hu\/index.php\/wp-json\/wp\/v2\/users\/1"}],"replies":[{"embeddable":true,"href":"https:\/\/gazdasagportal.hu\/index.php\/wp-json\/wp\/v2\/comments?post=122103"}],"version-history":[{"count":10,"href":"https:\/\/gazdasagportal.hu\/index.php\/wp-json\/wp\/v2\/pages\/122103\/revisions"}],"predecessor-version":[{"id":122186,"href":"https:\/\/gazdasagportal.hu\/index.php\/wp-json\/wp\/v2\/pages\/122103\/revisions\/122186"}],"wp:attachment":[{"href":"https:\/\/gazdasagportal.hu\/index.php\/wp-json\/wp\/v2\/media?parent=122103"}],"curies":[{"name":"wp","href":"https:\/\/api.w.org\/{rel}","templated":true}]}}