{"id":118651,"date":"2019-08-12T11:04:57","date_gmt":"2019-08-12T09:04:57","guid":{"rendered":"http:\/\/gazdasagportal.hu\/?page_id=118651"},"modified":"2019-08-12T14:34:24","modified_gmt":"2019-08-12T12:34:24","slug":"barki-szamara-elerheto-modern-biztonsagtechnika-tavoli-megfigyeles","status":"publish","type":"page","link":"https:\/\/gazdasagportal.hu\/index.php\/barki-szamara-elerheto-modern-biztonsagtechnika-tavoli-megfigyeles\/","title":{"rendered":"B\u00e1rki sz\u00e1m\u00e1ra el\u00e9rhet\u0151, modern biztons\u00e1gtechnika, t\u00e1voli megfigyel\u00e9s"},"content":{"rendered":"<p><strong>Olyan modern megfigyel\u00e9si lehet\u0151s\u00e9gek l\u00e9teznek m\u00e1r, melyeket egyszer\u0171bb felszerelni \u00e9s be\u00fczemelni, mint azt gondoln\u00e1! Mindez b\u00e1rki sz\u00e1m\u00e1ra el\u00e9rhet\u0151 nagyon kedvez\u0151 \u00e1ron!<\/strong><\/p>\n<p><strong>Egyetlen IP kamer\u00e1val t\u00e1vfel\u00fcgyelet?<\/strong><\/p>\n<p>Az IP kamera az\u00e9rt remek v\u00e1laszt\u00e1s, mert ak\u00e1r egyetlen 15-20.000 Ft-os kamer\u00e1val is megval\u00f3sulhat a t\u00e1vfel\u00fcgyelet, minden tov\u00e1bbi eszk\u00f6z n\u00e9lk\u00fcl!<\/p><div id=\"gazda-2124327501\" class=\"gazda-tartalomban gazda-entity-placement\"><script async src=\"https:\/\/pagead2.googlesyndication.com\/pagead\/js\/adsbygoogle.js\"><\/script>\r\n<ins class=\"adsbygoogle\"\r\n     style=\"display:block\"\r\n     data-ad-format=\"fluid\"\r\n     data-ad-layout-key=\"-6t+ed+2i-1n-4w\"\r\n     data-ad-client=\"ca-pub-1959107119989764\"\r\n     data-ad-slot=\"4008251320\"><\/ins>\r\n<script>\r\n     (adsbygoogle = window.adsbygoogle || []).push({});\r\n<\/script><\/div>\n<p>Egyszer\u0171en bontsa ki a t\u0151l\u00fcnk kapott csomagot, \u00e9s az IP kamer\u00e1t szerelje fel a falra a k\u00edv\u00e1nt helyre. Egyetlen FTP k\u00e1bellel vigye el a cs\u0151kamer\u00e1hoz az internetet, melyen kereszt\u00fcl az IP kamera az \u00e1ramot is megkapja! Az IP kamer\u00e1k \u00f6nmagukban is m\u0171k\u00f6d\u0151 k\u00e9pesek, r\u00e1 tudnak csatlakozni az internetre, melynek k\u00e9p\u00e9t az IP kamer\u00e1hoz adott telefonos mobil applik\u00e1ci\u00f3 vagy sz\u00e1m\u00edt\u00f3g\u00e9pes szoftver seg\u00edts\u00e9g\u00e9vel b\u00e1rhonnan a vil\u00e1gon meg tudja n\u00e9zni!<\/p>\n<p><a href=\"https:\/\/gazdasagportal.hu\/wp-content\/uploads\/2019\/08\/Hyundai-8-kameras-IP-2MP-cso-szett-v\u00e1gott_1.jpg\"><img decoding=\"async\" loading=\"lazy\" class=\"alignright size-medium wp-image-118667\" src=\"https:\/\/gazdasagportal.hu\/wp-content\/uploads\/2019\/08\/Hyundai-8-kameras-IP-2MP-cso-szett-v\u00e1gott_1-300x207.jpg\" alt=\"\" width=\"300\" height=\"207\" srcset=\"https:\/\/gazdasagportal.hu\/wp-content\/uploads\/2019\/08\/Hyundai-8-kameras-IP-2MP-cso-szett-v\u00e1gott_1-300x207.jpg 300w, https:\/\/gazdasagportal.hu\/wp-content\/uploads\/2019\/08\/Hyundai-8-kameras-IP-2MP-cso-szett-v\u00e1gott_1-768x529.jpg 768w, https:\/\/gazdasagportal.hu\/wp-content\/uploads\/2019\/08\/Hyundai-8-kameras-IP-2MP-cso-szett-v\u00e1gott_1.jpg 998w\" sizes=\"(max-width: 300px) 100vw, 300px\" \/><\/a>&#8211; IP, azaz internetre k\u00f6zvetlen\u00fcl is csatlakoztathat\u00f3<br \/>\n&#8211; Professzion\u00e1lis k\u00fclt\u00e9ri IP kamera, rendk\u00edv\u00fcli k\u00e9pmin\u0151s\u00e9g<br \/>\n&#8211; Sz\u00ednes, val\u00f3di <strong>2 MP Full HD<\/strong> kamera felbont\u00e1s<br \/>\n&#8211; Arc\/rendsz\u00e1m <strong>ak\u00e1r 16-20 m-r\u0151l is azonos\u00edthat\u00f3<\/strong><br \/>\n<strong>&#8211; S\u00f6t\u00e9tben az IR LED-ekkel ak\u00e1r 30 m-re<\/strong> is ell\u00e1that<br \/>\n&#8211; K\u00fclt\u00e9ri-belt\u00e9ri, \u00e9jjel is kiv\u00e1l\u00f3 k\u00e9pet r\u00f6gz\u00edt<br \/>\n&#8211; S<strong>z\u00e1m\u00edt\u00f3g\u00e9pr\u0151l, okostelefonr\u00f3l, tabletr\u0151l b\u00e1rhonnan megfigyelhet\u0151<\/strong><br \/>\n&#8211; Okostelefonos ingyenes APP \u00e9s t\u00e1vfel\u00fcgyeleti r\u00f6gz\u00edt\u0151 szoftver<br \/>\n&#8211; N\u00e9met CLOUD (felh\u0151) szolg\u00e1ltat\u00e1s, <strong>25 fps<\/strong>, H.265+<br \/>\n&#8211; 3 \u00e9v garancia!<\/p>\n<p>&nbsp;<\/p>\n<table width=\"631\">\n<tbody>\n<tr>\n<td width=\"163\">\u00a0<a href=\"https:\/\/gazdasagportal.hu\/wp-content\/uploads\/2019\/08\/hyundai-hyu-300-poe-2mp-full-hd-1080p-kulteri-ejje.jpg\"><img decoding=\"async\" loading=\"lazy\" class=\"aligncenter wp-image-118653 size-thumbnail\" src=\"https:\/\/gazdasagportal.hu\/wp-content\/uploads\/2019\/08\/hyundai-hyu-300-poe-2mp-full-hd-1080p-kulteri-ejje-150x150.jpg\" alt=\"\" width=\"150\" height=\"150\" srcset=\"https:\/\/gazdasagportal.hu\/wp-content\/uploads\/2019\/08\/hyundai-hyu-300-poe-2mp-full-hd-1080p-kulteri-ejje-150x150.jpg 150w, https:\/\/gazdasagportal.hu\/wp-content\/uploads\/2019\/08\/hyundai-hyu-300-poe-2mp-full-hd-1080p-kulteri-ejje-70x70.jpg 70w\" sizes=\"(max-width: 150px) 100vw, 150px\" \/><\/a><\/td>\n<td width=\"165\">\u00a0<a href=\"https:\/\/gazdasagportal.hu\/wp-content\/uploads\/2019\/08\/hyundai-hyu-256-poe-4mp-2k-kulteri-varifok-kamera.jpg\"><img decoding=\"async\" loading=\"lazy\" class=\"aligncenter wp-image-118654 size-thumbnail\" src=\"https:\/\/gazdasagportal.hu\/wp-content\/uploads\/2019\/08\/hyundai-hyu-256-poe-4mp-2k-kulteri-varifok-kamera-150x150.jpg\" alt=\"\" width=\"150\" height=\"150\" srcset=\"https:\/\/gazdasagportal.hu\/wp-content\/uploads\/2019\/08\/hyundai-hyu-256-poe-4mp-2k-kulteri-varifok-kamera-150x150.jpg 150w, https:\/\/gazdasagportal.hu\/wp-content\/uploads\/2019\/08\/hyundai-hyu-256-poe-4mp-2k-kulteri-varifok-kamera-300x300.jpg 300w, https:\/\/gazdasagportal.hu\/wp-content\/uploads\/2019\/08\/hyundai-hyu-256-poe-4mp-2k-kulteri-varifok-kamera-768x768.jpg 768w, https:\/\/gazdasagportal.hu\/wp-content\/uploads\/2019\/08\/hyundai-hyu-256-poe-4mp-2k-kulteri-varifok-kamera-70x70.jpg 70w, https:\/\/gazdasagportal.hu\/wp-content\/uploads\/2019\/08\/hyundai-hyu-256-poe-4mp-2k-kulteri-varifok-kamera.jpg 1000w\" sizes=\"(max-width: 150px) 100vw, 150px\" \/><\/a><\/td>\n<td width=\"161\">\u00a0<a href=\"https:\/\/gazdasagportal.hu\/wp-content\/uploads\/2019\/08\/hyundai-hyu-408-poe-4mp-2k-kulteri-csokamera.jpg\"><img decoding=\"async\" loading=\"lazy\" class=\"aligncenter wp-image-118655 size-thumbnail\" src=\"https:\/\/gazdasagportal.hu\/wp-content\/uploads\/2019\/08\/hyundai-hyu-408-poe-4mp-2k-kulteri-csokamera-150x150.jpg\" alt=\"\" width=\"150\" height=\"150\" srcset=\"https:\/\/gazdasagportal.hu\/wp-content\/uploads\/2019\/08\/hyundai-hyu-408-poe-4mp-2k-kulteri-csokamera-150x150.jpg 150w, https:\/\/gazdasagportal.hu\/wp-content\/uploads\/2019\/08\/hyundai-hyu-408-poe-4mp-2k-kulteri-csokamera-300x300.jpg 300w, https:\/\/gazdasagportal.hu\/wp-content\/uploads\/2019\/08\/hyundai-hyu-408-poe-4mp-2k-kulteri-csokamera-768x768.jpg 768w, https:\/\/gazdasagportal.hu\/wp-content\/uploads\/2019\/08\/hyundai-hyu-408-poe-4mp-2k-kulteri-csokamera-70x70.jpg 70w, https:\/\/gazdasagportal.hu\/wp-content\/uploads\/2019\/08\/hyundai-hyu-408-poe-4mp-2k-kulteri-csokamera.jpg 1000w\" sizes=\"(max-width: 150px) 100vw, 150px\" \/><\/a><\/td>\n<td width=\"142\">\u00a0<a href=\"https:\/\/gazdasagportal.hu\/wp-content\/uploads\/2019\/08\/hyundai-hyu-410-poe-4mp-2k-kulteri-ip-dom-kamera.jpg\"><img decoding=\"async\" loading=\"lazy\" class=\"aligncenter wp-image-118656 size-thumbnail\" src=\"https:\/\/gazdasagportal.hu\/wp-content\/uploads\/2019\/08\/hyundai-hyu-410-poe-4mp-2k-kulteri-ip-dom-kamera-150x150.jpg\" alt=\"\" width=\"150\" height=\"150\" srcset=\"https:\/\/gazdasagportal.hu\/wp-content\/uploads\/2019\/08\/hyundai-hyu-410-poe-4mp-2k-kulteri-ip-dom-kamera-150x150.jpg 150w, https:\/\/gazdasagportal.hu\/wp-content\/uploads\/2019\/08\/hyundai-hyu-410-poe-4mp-2k-kulteri-ip-dom-kamera-300x300.jpg 300w, https:\/\/gazdasagportal.hu\/wp-content\/uploads\/2019\/08\/hyundai-hyu-410-poe-4mp-2k-kulteri-ip-dom-kamera-768x768.jpg 768w, https:\/\/gazdasagportal.hu\/wp-content\/uploads\/2019\/08\/hyundai-hyu-410-poe-4mp-2k-kulteri-ip-dom-kamera-70x70.jpg 70w, https:\/\/gazdasagportal.hu\/wp-content\/uploads\/2019\/08\/hyundai-hyu-410-poe-4mp-2k-kulteri-ip-dom-kamera.jpg 1000w\" sizes=\"(max-width: 150px) 100vw, 150px\" \/><\/a><\/td>\n<\/tr>\n<tr>\n<td width=\"163\">\n<h4><a href=\"http:\/\/www.agrogazda.hu\/megfigyelorendszer_es_biztonsagtechnika\/ip_kamera\/\" target=\"_blank\" rel=\"noopener\">Hyundai k\u00fclt\u00e9ri IP cs\u0151kamera, PoE, 2 MP Full HD, MotorZoom<\/a><\/h4>\n<\/td>\n<td width=\"165\">\n<h4><a href=\"http:\/\/www.agrogazda.hu\/megfigyelorendszer_es_biztonsagtechnika\/ip_kamera\/\" target=\"_blank\" rel=\"noopener\">Hyundai k\u00fclt\u00e9ri IP cs\u0151kamera, PoE, 4 MP Full HD, MotorZoom<\/a><\/h4>\n<\/td>\n<td width=\"161\">\n<h4><a href=\"http:\/\/www.agrogazda.hu\/megfigyelorendszer_es_biztonsagtechnika\/ip_kamera\/\" target=\"_blank\" rel=\"noopener\">Hyundai k\u00fclt\u00e9ri IP cs\u0151kamera, PoE, 4 MP 2K<\/a><\/h4>\n<\/td>\n<td width=\"142\">\n<h4><strong><a href=\"http:\/\/www.agrogazda.hu\/megfigyelorendszer_es_biztonsagtechnika\/ip_kamera\/\" target=\"_blank\" rel=\"noopener\">Hyundai k\u00fclt\u00e9ri IP d\u00f3mkamera, vand\u00e1lbiztos (IK10), PoE, 4 MP 2 K<\/a><\/strong><\/h4>\n<\/td>\n<\/tr>\n<\/tbody>\n<\/table>\n<p><strong><br \/>\nT\u00f6bb IP kamer\u00e1ra lenne sz\u00fcks\u00e9ge? <\/strong><\/p>\n<p><strong><a href=\"https:\/\/gazdasagportal.hu\/wp-content\/uploads\/2019\/08\/Hyundai-NVR-8-csatornas-video-rogzito.jpg\"><img decoding=\"async\" loading=\"lazy\" class=\"alignright size-medium wp-image-118657\" src=\"https:\/\/gazdasagportal.hu\/wp-content\/uploads\/2019\/08\/Hyundai-NVR-8-csatornas-video-rogzito-300x242.jpg\" alt=\"\" width=\"300\" height=\"242\" srcset=\"https:\/\/gazdasagportal.hu\/wp-content\/uploads\/2019\/08\/Hyundai-NVR-8-csatornas-video-rogzito-300x242.jpg 300w, https:\/\/gazdasagportal.hu\/wp-content\/uploads\/2019\/08\/Hyundai-NVR-8-csatornas-video-rogzito-768x620.jpg 768w, https:\/\/gazdasagportal.hu\/wp-content\/uploads\/2019\/08\/Hyundai-NVR-8-csatornas-video-rogzito.jpg 879w\" sizes=\"(max-width: 300px) 100vw, 300px\" \/><\/a><\/strong>Amennyiben t\u00f6bb IP kamer\u00e1ra van sz\u00fcks\u00e9ge, \u00e9s az IP kamera k\u00e9p\u00e9re nem csak r\u00e1 szeretne pillantani, hanem folyamatosan fel\u00fcgyeln\u00e9, r\u00f6gz\u00edten\u00e9 is a felv\u00e9telt, sz\u00fcks\u00e9ge lesz egy NVR r\u00f6gz\u00edt\u0151 egys\u00e9gre is!<\/p>\n<p>Az NVR r\u00f6gz\u00edt\u0151 egys\u00e9g \u00f6sszegy\u0171jti a tetsz\u0151leges sz\u00e1m\u00fa IP kamera k\u00e9p\u00e9t, valamint maga az NVR egys\u00e9g csatlakozik csak az internetre, nem k\u00fcl\u00f6n minden IP kamera egyes\u00e9vel! Ez egyr\u00e9szt j\u00f3val egyszer\u0171bb kezel\u00e9st tesz lehet\u0151v\u00e9, m\u00e1sr\u00e9sz rengeteg plusz be\u00e1ll\u00edt\u00e1si lehet\u0151s\u00e9g, pl. riaszt\u00e1s, r\u00f6gz\u00edt\u00e9s, visszakeres\u00e9s v\u00e1lik el\u00e9rhet\u0151v\u00e9. A Hyundai NVR egys\u00e9gekbe lehet v\u00e1s\u00e1rolni tetsz\u0151leges m\u00e9ret\u0171 merevlemezt (HDD adatt\u00e1rol\u00f3t), melyre tetsz\u0151legesen be lehet \u00e1ll\u00edtani h\u00e1ny napot, milyen min\u0151s\u00e9gben r\u00f6gz\u00edtse az egys\u00e9g a Full HD kamera felv\u00e9teleit.<\/p>\n<p><strong>\u00a0<a href=\"https:\/\/gazdasagportal.hu\/wp-content\/uploads\/2019\/08\/arajanlat.jpg\"><img decoding=\"async\" loading=\"lazy\" class=\"aligncenter size-full wp-image-118673\" src=\"https:\/\/gazdasagportal.hu\/wp-content\/uploads\/2019\/08\/arajanlat.jpg\" alt=\"\" width=\"831\" height=\"140\" srcset=\"https:\/\/gazdasagportal.hu\/wp-content\/uploads\/2019\/08\/arajanlat.jpg 831w, https:\/\/gazdasagportal.hu\/wp-content\/uploads\/2019\/08\/arajanlat-300x51.jpg 300w, https:\/\/gazdasagportal.hu\/wp-content\/uploads\/2019\/08\/arajanlat-768x129.jpg 768w\" sizes=\"(max-width: 831px) 100vw, 831px\" \/><\/a><\/strong><\/p>\n<p><strong>Sajnos nincs internet a helysz\u00ednen! &#8211; Sz\u00fcks\u00e9ges ez egy\u00e1ltal\u00e1n \u00d6nnek?<br \/>\n<\/strong><br \/>\nMaga az a tudat, hogy egy ter\u00fclet k\u00fclt\u00e9ri IP kamer\u00e1kkal megfigyelt, elrettenti a bet\u00f6r\u0151ket, megg\u00e1tolja a lop\u00e1sokat, lazs\u00e1l\u00e1sokat! Hiszen ott van fent a cs\u0151kamera, figyelnek! Viszont nem biztos, hogy val\u00f3ban sz\u00fcks\u00e9ges a t\u00e1voli megfigyel\u00e9s is.<\/p>\n<p>Tetsz\u0151leges sz\u00e1m\u00fa k\u00fclt\u00e9ri IP kamer\u00e1t fel kell helyezni, melyeket egy j\u00f3l elz\u00e1rt NVR egys\u00e9gbe kell bek\u00f6tni. Fontos, hogy az NVR f\u0171t\u00f6tt belt\u00e9rbe ker\u00fclj\u00f6n, ak\u00e1r egy irod\u00e1ba, egy m\u00e9rlegh\u00e1zba, vagy rakt\u00e1rba egy z\u00e1rhat\u00f3 lemezszekr\u00e9nybe. A helysz\u00ednen t\u00f6rt\u00e9nik a r\u00f6gz\u00edt\u00e9s \u00e9s az adatt\u00e1rol\u00e1s is. Lop\u00e1s, bet\u00f6r\u00e9s eset\u00e9n a k\u00fclt\u00e9ri IP kamera felv\u00e9telei rendelkez\u00e9sre \u00e1llnak, valamint az elrettent\u00e9s \u00e9s megel\u0151z\u00e9s is biztos\u00edtott, hisz a ter\u00fcleten mindenhol ott vannak a k\u00fclt\u00e9ri IP kamer\u00e1k!<\/p>\n<p><a href=\"https:\/\/gazdasagportal.hu\/wp-content\/uploads\/2019\/08\/k\u00e9pek.jpg\"><img decoding=\"async\" loading=\"lazy\" class=\"alignright size-medium wp-image-118658\" src=\"https:\/\/gazdasagportal.hu\/wp-content\/uploads\/2019\/08\/k\u00e9pek-300x147.jpg\" alt=\"\" width=\"300\" height=\"147\" srcset=\"https:\/\/gazdasagportal.hu\/wp-content\/uploads\/2019\/08\/k\u00e9pek-300x147.jpg 300w, https:\/\/gazdasagportal.hu\/wp-content\/uploads\/2019\/08\/k\u00e9pek-768x376.jpg 768w, https:\/\/gazdasagportal.hu\/wp-content\/uploads\/2019\/08\/k\u00e9pek.jpg 819w\" sizes=\"(max-width: 300px) 100vw, 300px\" \/><\/a>Amennyiben a t\u00e1voli megfigyel\u00e9s is c\u00e9l, akkor sz\u00fcks\u00e9ges az internet! Ha viszont nincs fix k\u00e1beles, nagy s\u00e1vsz\u00e9less\u00e9g\u0171 internet, erre is van megold\u00e1s. Egy 4 G-os mobil router seg\u00edts\u00e9g\u00e9vel \u00e9s egy korl\u00e1tlan adatforgalmas SIM k\u00e1rty\u00e1val m\u00e1ris b\u00e1rhova lehet internetet var\u00e1zsolni! Ezt a megold\u00e1st felhaszn\u00e1l\u00e1st\u00f3l f\u00fcgg\u0151en max 4-8 IP kamer\u00e1hoz aj\u00e1nljuk, tov\u00e1bb\u00e1 csak a Full HD kamer\u00e1kra val\u00f3 <strong><u>r\u00e1n\u00e9z\u00e9sekhez, nem a folyamatos megfigyel\u00e9shez<\/u><\/strong><u>!<\/u> Ugyanis mindegy, hogy m\u00e1r 3 G-4 G h\u00e1l\u00f3zata van a Vodafone\/Telenor\/T-Com-nak, a garant\u00e1lt felt\u00f6lt\u00e9si sebess\u00e9g mobil interneten el\u00e9gg\u00e9 lass\u00fa. IP kamera k\u00e9p\u00e9nek a megtekint\u00e9s\u00e9re t\u00f6k\u00e9letes, de folyamatos megfigyel\u00e9sre, f\u0151leg Full HD min\u0151s\u00e9gben nem aj\u00e1nljuk!<\/p>\n<p><strong>Milyen riaszt\u00e1si lehet\u0151s\u00e9gek vannak, \u00e9s hogy t\u00f6rt\u00e9nik a r\u00f6gz\u00edt\u00e9s?<\/strong><\/p>\n<p>A Full HD kamera felv\u00e9tel\u00e9nek a r\u00f6gz\u00edt\u00e9s\u00e9t c\u00e9lszer\u0171 a helysz\u00ednen a kor\u00e1bban r\u00e9szletezett NVR r\u00f6gz\u00edt\u0151 egys\u00e9gben elv\u00e9gezni. Lehet\u0151s\u00e9g van interneten kereszt\u00fcl alacsonyabb min\u0151s\u00e9gben a t\u00e1voli r\u00f6gz\u00edt\u00e9sre is, itt viszont egy olyan sz\u00e1m\u00edt\u00f3g\u00e9pre van sz\u00fcks\u00e9g, mely folyamatosan be van kapcsolva \u00e9s az internetre csatlakozik! Ebben az esetben viszont igen nagy adatmennyis\u00e9ggel kell sz\u00e1molni, m\u00e9g alacsonyabb felbont\u00e1sokban is! Term\u00e9szetesen ha az IP kamera \u00e9s a t\u00e1voli sz\u00e1m\u00edt\u00f3g\u00e9p is vezet\u00e9kes, fix internettel rendelkezik, az adatmennyis\u00e9g nem akad\u00e1ly.<\/p>\n<p>A cs\u0151kamer\u00e1n be\u00e1ll\u00edthat\u00f3 a folyamatos felv\u00e9tel \u00fczemm\u00f3d, illetve az is, hogy csak riaszt\u00e1si esem\u00e9ny eset\u00e9n kezdjen el a cs\u0151kamera r\u00f6gz\u00edteni. Ezzel jelent\u0151s mennyis\u00e9g\u0171 internetes adatforgalom, \u00e9s helyi r\u00f6gz\u00edt\u00e9sn\u00e9l adat t\u00e1rhely sp\u00f3rolhat\u00f3 meg!<\/p>\n<p><strong>Riaszt\u00e1si esem\u00e9ny lehet:<\/strong> vide\u00f3 jel hiba, mozg\u00e1s\u00e9rz\u00e9kel\u00e9s (k\u00e9ptartalom v\u00e1ltoz\u00e1s), szabot\u00e1zs, abnorm\u00e1lis jel, illeg\u00e1lis bel\u00e9p\u00e9s (login), h\u00e1l\u00f3zati jelveszt\u00e9s, IP hiba, SD k\u00e1rtya hiba.<\/p>\n<p><strong>Hogyan t\u00f6rt\u00e9nik a beszerel\u00e9s, be\u00fczemel\u00e9s? Kapok seg\u00edts\u00e9get az IP kamera telep\u00edt\u00e9s\u00e9hez?<\/strong><\/p>\n<p><a href=\"https:\/\/gazdasagportal.hu\/wp-content\/uploads\/2019\/08\/telep\u00edt\u00e9s.jpg\"><img decoding=\"async\" loading=\"lazy\" class=\"alignright size-medium wp-image-118659\" src=\"https:\/\/gazdasagportal.hu\/wp-content\/uploads\/2019\/08\/telep\u00edt\u00e9s-300x181.jpg\" alt=\"\" width=\"300\" height=\"181\" srcset=\"https:\/\/gazdasagportal.hu\/wp-content\/uploads\/2019\/08\/telep\u00edt\u00e9s-300x181.jpg 300w, https:\/\/gazdasagportal.hu\/wp-content\/uploads\/2019\/08\/telep\u00edt\u00e9s-768x464.jpg 768w, https:\/\/gazdasagportal.hu\/wp-content\/uploads\/2019\/08\/telep\u00edt\u00e9s.jpg 826w\" sizes=\"(max-width: 300px) 100vw, 300px\" \/><\/a><strong>Az IP kamera telep\u00edt\u00e9s maga egy el\u00e9g egyszer\u0171 feladat.<\/strong> A k\u00fclt\u00e9ri IP kamer\u00e1t fel kell szerelni a falra, majd ezt k\u00f6vet\u0151en FTP k\u00e1belen kereszt\u00fcl kell az internetet elvinni a Full HD kamer\u00e1hoz. Nagy t\u00e1vols\u00e1gok \u00e1thidal\u00e1s\u00e1ra is t\u00f6bb megold\u00e1s l\u00e9tezik. Mind vezet\u00e9kes jeler\u0151s\u00edt\u0151, mind r\u00e1di\u00f3s \u00e1tj\u00e1tsz\u00e1s form\u00e1j\u00e1ban.<\/p>\n<p>Minden egyes cs\u0151kamera telep\u00edt\u00e9s\u00e9t k\u00f6vet\u0151en az IP kamer\u00e1kat a haszn\u00e1lati \u00fatmutat\u00f3 alapj\u00e1n aktiv\u00e1lni kell \u00e9s be\u00e1ll\u00edtani az egyedi ig\u00e9nyeinek megfelel\u0151en. Tov\u00e1bb\u00e1 a mobiltelefonra le kell t\u00f6lteni egy applik\u00e1ci\u00f3t, ahol meg kell adni az IP kamera azonos\u00edt\u00f3j\u00e1t, hogy l\u00e1ssa az applik\u00e1ci\u00f3 a kamer\u00e1t. Sz\u00e1m\u00edt\u00f3g\u00e9pen egy internet b\u00f6ng\u00e9sz\u0151 (pl. Mozilla Firefox, Google Chrome) ablak\u00e1ba kell be\u00edrni a sz\u00f3ban forg\u00f3 Full HD kamera el\u00e9r\u00e9si \u00fatvonal\u00e1t, \u00e9s m\u00e1ris lehet n\u00e9zni a k\u00fclt\u00e9ri IP kamera k\u00e9peit. Az IP kamera telep\u00edt\u00e9s ez\u00e9rt \u00f6nmag\u00e1ban egy nagyon egyszer\u0171, b\u00e1rki sz\u00e1m\u00e1ra k\u00f6nnyen kivitelezhet\u0151 feladat, aki kicsit is otthon van az informatika vil\u00e1g\u00e1ban.<\/p>\n<p><strong><a href=\"http:\/\/www.agrogazda.hu\/megfigyelorendszer_es_biztonsagtechnika\/ip_kamera\/\" target=\"_blank\" rel=\"noopener\">B\u0151vebben a Hyundai IP kamer\u00e1kr\u00f3l, NVR r\u00f6gz\u00edt\u0151kr\u0151l itt olvashat!<\/a><\/strong><\/p>\n<p><strong>K\u00e9rd\u00e9sei eset\u00e9n ne f\u00e9ljen felvenni a kapcsolatot vel\u00fcnk! Term\u00e9k szak\u00e9rt\u0151 koll\u00e9g\u00e1ink k\u00e9szs\u00e9ggel a rendelkez\u00e9s\u00e9re \u00e1llnak, elmagyar\u00e1zz\u00e1k a rendszer m\u0171k\u00f6d\u00e9s\u00e9t, seg\u00edtenek a v\u00e1laszt\u00e1sban, vagy ak\u00e1r az IP kamera telep\u00edt\u00e9sben is!<\/strong><\/p>\n<p><strong>\u00a0<\/strong><strong>\u00a0<\/strong><\/p>\n<p><strong>Kocsis \u00c1rp\u00e1d<\/strong><br \/>\n<em>Term\u00e9kszak\u00e9rt\u0151<\/em><br \/>\nkocsis.arpi@agrogazda.hu<br \/>\n+ 36 70\/342-3887<\/p>\n<p><strong>Agrogazda.hu M\u00e9r\u0151m\u0171szerek Kft.<\/strong><br \/>\nSz\u00e9kesfeh\u00e9rv\u00e1r, Zsombolyai u. 36.<br \/>\nTel.: +36 22\/322-650; Mobil: +36 70\/618-6225<br \/>\nWeb:\u00a0<a href=\"http:\/\/www.agrogazda.hu\/\" target=\"_blank\" rel=\"noopener\">www.agrogazda.hu<\/a>; E-mail:\u00a0<a href=\"mailto:info@agrogazda.hu\">info@agrogazda.hu<\/a><\/p>\n<p><a href=\"https:\/\/gazdasagportal.hu\/wp-content\/uploads\/2019\/08\/agrogazda_hu_2013_modositott_logo_640.jpg\"><img decoding=\"async\" loading=\"lazy\" class=\"alignleft size-medium wp-image-118668\" src=\"https:\/\/gazdasagportal.hu\/wp-content\/uploads\/2019\/08\/agrogazda_hu_2013_modositott_logo_640-300x155.jpg\" alt=\"\" width=\"300\" height=\"155\" srcset=\"https:\/\/gazdasagportal.hu\/wp-content\/uploads\/2019\/08\/agrogazda_hu_2013_modositott_logo_640-300x155.jpg 300w, https:\/\/gazdasagportal.hu\/wp-content\/uploads\/2019\/08\/agrogazda_hu_2013_modositott_logo_640.jpg 640w\" sizes=\"(max-width: 300px) 100vw, 300px\" \/><\/a><\/p>\n<p>&nbsp;<\/p>\n<p><strong>\u00a0<\/strong><\/p>\n","protected":false},"excerpt":{"rendered":"<p>Olyan modern megfigyel\u00e9si lehet\u0151s\u00e9gek l\u00e9teznek m\u00e1r, melyeket egyszer\u0171bb felszerelni \u00e9s be\u00fczemelni, mint azt gondoln\u00e1! Mindez b\u00e1rki sz\u00e1m\u00e1ra el\u00e9rhet\u0151 nagyon kedvez\u0151 \u00e1ron! Egyetlen IP kamer\u00e1val t\u00e1vfel\u00fcgyelet? Az IP kamera az\u00e9rt remek v\u00e1laszt\u00e1s, mert ak\u00e1r egyetlen 15-20.000 Ft-os kamer\u00e1val is megval\u00f3sulhat a t\u00e1vfel\u00fcgyelet, minden tov\u00e1bbi eszk\u00f6z n\u00e9lk\u00fcl! Egyszer\u0171en bontsa ki a t\u0151l\u00fcnk kapott csomagot, \u00e9s az IP &#8230;<\/p>\n","protected":false},"author":1001003,"featured_media":0,"parent":0,"menu_order":0,"comment_status":"closed","ping_status":"closed","template":"","meta":[],"_links":{"self":[{"href":"https:\/\/gazdasagportal.hu\/index.php\/wp-json\/wp\/v2\/pages\/118651"}],"collection":[{"href":"https:\/\/gazdasagportal.hu\/index.php\/wp-json\/wp\/v2\/pages"}],"about":[{"href":"https:\/\/gazdasagportal.hu\/index.php\/wp-json\/wp\/v2\/types\/page"}],"author":[{"embeddable":true,"href":"https:\/\/gazdasagportal.hu\/index.php\/wp-json\/wp\/v2\/users\/1001003"}],"replies":[{"embeddable":true,"href":"https:\/\/gazdasagportal.hu\/index.php\/wp-json\/wp\/v2\/comments?post=118651"}],"version-history":[{"count":5,"href":"https:\/\/gazdasagportal.hu\/index.php\/wp-json\/wp\/v2\/pages\/118651\/revisions"}],"predecessor-version":[{"id":118674,"href":"https:\/\/gazdasagportal.hu\/index.php\/wp-json\/wp\/v2\/pages\/118651\/revisions\/118674"}],"wp:attachment":[{"href":"https:\/\/gazdasagportal.hu\/index.php\/wp-json\/wp\/v2\/media?parent=118651"}],"curies":[{"name":"wp","href":"https:\/\/api.w.org\/{rel}","templated":true}]}}