{"id":115844,"date":"2019-05-08T11:58:09","date_gmt":"2019-05-08T09:58:09","guid":{"rendered":"http:\/\/gazdasagportal.hu\/?page_id=115844"},"modified":"2019-05-13T21:35:46","modified_gmt":"2019-05-13T19:35:46","slug":"mibol-all-egy-modern-hatekony-merleghaz","status":"publish","type":"page","link":"https:\/\/gazdasagportal.hu\/index.php\/mibol-all-egy-modern-hatekony-merleghaz\/","title":{"rendered":"Mib\u0151l \u00e1ll egy modern, hat\u00e9kony m\u00e9rlegh\u00e1z?"},"content":{"rendered":"<p><strong>Olyan m\u00e9rlegh\u00e1zat alak\u00edtson ki, amely manipul\u00e1ci\u00f3 mentes, prec\u00edz \u00e9s gyors gabona \u00e1tv\u00e9telt tesz lehet\u0151v\u00e9! De mik is a hat\u00e9konys\u00e1got legink\u00e1bb befoly\u00e1sol\u00f3 t\u00e9nyez\u0151k egy m\u00e9rlegh\u00e1z kialak\u00edt\u00e1s\u00e1n\u00e1l vagy \u00e1talak\u00edt\u00e1s\u00e1n\u00e1l?<\/strong><!--more--><\/p>\n<div class=\"ads-in-post1\"><div id=\"gazdasagportal.hu_fullbanner_wideboard\"><\/div>\r\n<\/div>\n<p>&nbsp;<\/p>\n<p><strong><a href=\"https:\/\/gazdasagportal.hu\/wp-content\/uploads\/2019\/05\/Modern-m\u00e9rlegh\u00e1z-3.jpg\"><img decoding=\"async\" loading=\"lazy\" class=\"alignright size-medium wp-image-115845\" src=\"https:\/\/gazdasagportal.hu\/wp-content\/uploads\/2019\/05\/Modern-m\u00e9rlegh\u00e1z-3-300x233.jpg\" alt=\"\" width=\"300\" height=\"233\" srcset=\"https:\/\/gazdasagportal.hu\/wp-content\/uploads\/2019\/05\/Modern-m\u00e9rlegh\u00e1z-3-300x233.jpg 300w, https:\/\/gazdasagportal.hu\/wp-content\/uploads\/2019\/05\/Modern-m\u00e9rlegh\u00e1z-3.jpg 408w\" sizes=\"(max-width: 300px) 100vw, 300px\" \/><\/a>&#8211; Bel\u00e1tja a j\u00e1rm\u0171vek teljes mozg\u00e1s\u00e1t a h\u00eddm\u00e9rlegre? <\/strong><\/p><div id=\"gazda-4129602763\" class=\"gazda-tartalomban gazda-entity-placement\"><script async src=\"https:\/\/pagead2.googlesyndication.com\/pagead\/js\/adsbygoogle.js\"><\/script>\r\n<ins class=\"adsbygoogle\"\r\n     style=\"display:block\"\r\n     data-ad-format=\"fluid\"\r\n     data-ad-layout-key=\"-6t+ed+2i-1n-4w\"\r\n     data-ad-client=\"ca-pub-1959107119989764\"\r\n     data-ad-slot=\"4008251320\"><\/ins>\r\n<script>\r\n     (adsbygoogle = window.adsbygoogle || []).push({});\r\n<\/script><\/div>\n<p><strong>&#8211; Megfelel\u0151 tere \u00e9s r\u00e1l\u00e1t\u00e1sa van a sz\u00e1ll\u00edtm\u00e1nyra? <\/strong><\/p>\n<p><strong>&#8211; Megval\u00f3s\u00edthat\u00f3 a gyors, reprezentat\u00edv mintav\u00e9tel? <\/strong><\/p>\n<p><strong>&#8211; Fel van szerelve eszk\u00f6z\u00f6kkel, berendez\u00e9sekkel a sz\u00e1ll\u00edtm\u00e1ny \u00e9rt\u00e9kel\u00e9s\u00e9re \u00e9s min\u0151s\u00edt\u00e9s\u00e9re?<\/strong><\/p>\n<p><strong>&#8211; Rendelkez\u00e9sre \u00e1ll minden adat, hogy eld\u00f6ntse hova menjen a j\u00e1rm\u0171 a m\u00e9rlegel\u00e9s ut\u00e1n? <\/strong><\/p>\n<p><strong>&#8211; Megfelel\u0151 kapacit\u00e1s \u00e1ll rendelkez\u00e9s\u00e9re, hogy elk\u00fcl\u00f6n\u00edtve t\u00e1rolja a k\u00fcl\u00f6nb\u00f6z\u0151 min\u0151s\u00e9g\u0171 gabona sz\u00e1ll\u00edtm\u00e1nyokat? <\/strong><\/p>\n<div class=\"ads-in-post2\"><script async src=\"https:\/\/pagead2.googlesyndication.com\/pagead\/js\/adsbygoogle.js\"><\/script>\r\n<ins class=\"adsbygoogle\"\r\n     style=\"display:block\"\r\n     data-ad-format=\"fluid\"\r\n     data-ad-layout-key=\"-6t+ed+2i-1n-4w\"\r\n     data-ad-client=\"ca-pub-1959107119989764\"\r\n     data-ad-slot=\"4008251320\"><\/ins>\r\n<script>\r\n     (adsbygoogle = window.adsbygoogle || []).push({});\r\n<\/script><\/div>\n<strong>\u00a0<\/strong><\/p>\n<p><strong>A h\u00eddm\u00e9rleg \u00e9s a m\u00e9rlegh\u00e1z \u00e9p\u00fclet\u00e9nek egym\u00e1ssal harmonikus kialak\u00edt\u00e1sa alapvet\u0151 a hat\u00e9konys\u00e1g szempontj\u00e1b\u00f3l!<\/strong><\/p>\n<p><strong>\u00a0<\/strong><\/p>\n<p><a href=\"https:\/\/gazdasagportal.hu\/wp-content\/uploads\/2019\/05\/Modern-m\u00e9rlegh\u00e1z-2.jpg\"><img decoding=\"async\" loading=\"lazy\" class=\"alignright size-medium wp-image-115846\" src=\"https:\/\/gazdasagportal.hu\/wp-content\/uploads\/2019\/05\/Modern-m\u00e9rlegh\u00e1z-2-300x240.jpg\" alt=\"\" width=\"300\" height=\"240\" srcset=\"https:\/\/gazdasagportal.hu\/wp-content\/uploads\/2019\/05\/Modern-m\u00e9rlegh\u00e1z-2-300x240.jpg 300w, https:\/\/gazdasagportal.hu\/wp-content\/uploads\/2019\/05\/Modern-m\u00e9rlegh\u00e1z-2.jpg 400w\" sizes=\"(max-width: 300px) 100vw, 300px\" \/><\/a>Ha van lehet\u0151s\u00e9g r\u00e1, \u00e9rdemes a m\u00e9rlegh\u00e1z h\u00eddm\u00e9rleg fel\u0151li oldal\u00e1t nem a hagyom\u00e1nyos sz\u00f6gletes form\u00e1ra kialak\u00edtani, hanem a k\u00e9t sarkot \u201elet\u00f6rni\u201d \u00e9s mindk\u00e9t ir\u00e1nyban beablakoz\u00e1ssal nyitottabb\u00e1 tenni. Ez lehet\u0151s\u00e9get biztos\u00edt az itt dolgoz\u00f3 koll\u00e9g\u00e1nak, hogy egy pillant\u00e1ssal felm\u00e9rje a v\u00e1rakoz\u00f3 \u00e9s az \u00e9pp m\u00e9rlegel\u0151 szerelv\u00e9nyek mozg\u00e1s\u00e1t. Pl. mennyi ideje van a k\u00f6vetkez\u0151 sz\u00e1ll\u00edtm\u00e1ny m\u00e9rlegel\u00e9s\u00e9ig.<\/p>\n<p>&nbsp;<\/p>\n<p>A sz\u00e1ll\u00edtm\u00e1nyra t\u00f6rt\u00e9n\u0151 tiszta r\u00e1l\u00e1t\u00e1s pedig szint\u00e9n nem elhanyagolhat\u00f3, mivel a mintav\u00e9tel hely\u00e9t \u00e9s a sz\u00e1ll\u00edtm\u00e1ny milyens\u00e9g\u00e9t is l\u00e1tnunk kell. Ha erre nincs lehet\u0151s\u00e9g, akkor \u00e9rdemes kamera rendszer seg\u00edts\u00e9g\u00e9t ig\u00e9nybe venni. Ez a h\u00eddm\u00e9rlegre val\u00f3 helyes be\u00e1ll\u00e1st, vagy a korrig\u00e1ltat\u00e1s\u00e1t is nagyban seg\u00edti! Ak\u00e1r egy piros\/z\u00f6ld f\u00e9ny\u0171 jelz\u0151l\u00e1mpa seg\u00edts\u00e9g\u00e9t is ig\u00e9nybe vehetj\u00fck a h\u00eddm\u00e9rlegen t\u00f6rt\u00e9n\u0151 le-felhajt\u00e1s ir\u00e1ny\u00edt\u00e1s\u00e1hoz. A helyes m\u00e9rlegel\u00e9s ut\u00e1n kezd\u0151dhet a m\u00e1sodik legfontosabb mozzanat a gabona\u00e1tv\u00e9teln\u00e9l, a reprezentat\u00edv mintav\u00e9telez\u00e9s.<\/p>\n<p>&nbsp;<\/p>\n<p><strong>Reprezentat\u00edv mintav\u00e9telez\u00e9s &#8211; <em>az egyik legfontosabb l\u00e9p\u00e9s a gabona\u00e1tv\u00e9telkor!<\/em><\/strong><\/p>\n<p><a href=\"https:\/\/gazdasagportal.hu\/wp-content\/uploads\/2019\/05\/Rakoraf.jpg\"><img decoding=\"async\" loading=\"lazy\" class=\"alignright size-medium wp-image-115847\" src=\"https:\/\/gazdasagportal.hu\/wp-content\/uploads\/2019\/05\/Rakoraf-300x206.jpg\" alt=\"\" width=\"300\" height=\"206\" srcset=\"https:\/\/gazdasagportal.hu\/wp-content\/uploads\/2019\/05\/Rakoraf-300x206.jpg 300w, https:\/\/gazdasagportal.hu\/wp-content\/uploads\/2019\/05\/Rakoraf.jpg 759w\" sizes=\"(max-width: 300px) 100vw, 300px\" \/><\/a>Napestig mes\u00e9lhetn\u00e9nk egym\u00e1snak a t\u00f6rt\u00e9neteket a helytelen, hamis mintav\u00e9telez\u00e9sekr\u0151l \u00e9s az ebb\u0151l ad\u00f3d\u00f3 k\u00e1rokr\u00f3l, de mindenki tudja, mir\u0151l besz\u00e9l\u00fcnk! V\u00e9letlen vagy direkt &#8211; ne menj\u00fcnk ebbe bele, \u00e9s ink\u00e1bb ker\u00fclj\u00fck el ennek a lehet\u0151s\u00e9g\u00e9t is -, megfelel\u0151 (!) stekkerez\u00e9ssel, vagy pl. egy <a href=\"http:\/\/www.agrogazda.hu\/gabona_mintavetel\/automata_mintavevo\/?utm_source=korszer%C5%B1%2Bm%C3%A9rlegh%C3%A1z%2Bgazdasagportal&amp;utm_medium=pr%2Bcikk&amp;utm_campaign=korszer%C5%B1%2Bm%C3%A9rlegh%C3%A1z%2Bgazdasagportal\" target=\"_blank\" rel=\"noopener\">Pfeuffer Rakoraf automata mintavev\u0151<\/a> haszn\u00e1lat\u00e1val, aminek a telep\u00edt\u00e9se ak\u00e1r m\u00e1r p\u00e1r \u00f3ra alatt kivitelezhet\u0151! A reprezentat\u00edv mintav\u00e9tel l\u00e9nyege, hogy a gabonasz\u00e1ll\u00edtm\u00e1ny <u>teljes keresztmetszet\u00e9b\u0151l<\/u> vegy\u00fcnk ki mint\u00e1t <u>t\u00f6bb ponton<\/u>.<\/p>\n<p>&nbsp;<\/p>\n<p><strong>\u00a0<\/strong><\/p>\n<p><strong>Gabonaminta vizsg\u00e1lata <\/strong><\/p>\n<p><strong>&#8211; <em>L\u00e1ssuk gyorsan, mennyit is \u00e9r a sz\u00e1ll\u00edtm\u00e1ny!<\/em><\/strong><\/p>\n<p><a href=\"https:\/\/gazdasagportal.hu\/wp-content\/uploads\/2019\/05\/Mintatiszt\u00edt\u00e1s.jpg\"><img decoding=\"async\" loading=\"lazy\" class=\"alignright size-medium wp-image-115848\" src=\"https:\/\/gazdasagportal.hu\/wp-content\/uploads\/2019\/05\/Mintatiszt\u00edt\u00e1s-300x210.jpg\" alt=\"\" width=\"300\" height=\"210\" srcset=\"https:\/\/gazdasagportal.hu\/wp-content\/uploads\/2019\/05\/Mintatiszt\u00edt\u00e1s-300x210.jpg 300w, https:\/\/gazdasagportal.hu\/wp-content\/uploads\/2019\/05\/Mintatiszt\u00edt\u00e1s-768x538.jpg 768w, https:\/\/gazdasagportal.hu\/wp-content\/uploads\/2019\/05\/Mintatiszt\u00edt\u00e1s.jpg 775w\" sizes=\"(max-width: 300px) 100vw, 300px\" \/><\/a>Az el\u0151z\u0151 bekezd\u00e9sben le\u00edrtak szerint kaphatunk csak val\u00f3ban gyors \u00e9s re\u00e1lis k\u00e9pet a sz\u00e1ll\u00edtm\u00e1ny eg\u00e9sz\u00e9nek a tisztas\u00e1g\u00e1r\u00f3l. De a tisztas\u00e1g \u00e9s egy\u00e9b m\u00e1s gabonavizsg\u00e1lat is felgyors\u00edthat\u00f3, vagy ak\u00e1r automatiz\u00e1lhat\u00f3 is a megfelel\u0151 <a href=\"http:\/\/www.agrogazda.hu\/laborfelszereles\/\" target=\"_blank\" rel=\"noopener\">magtiszt\u00edt\u00f3, rostag\u00e9p, mintaoszt\u00f3, magsz\u00e1ml\u00e1l\u00f3 laborfelszerel\u00e9sek<\/a> haszn\u00e1lat\u00e1val, ami ut\u00e1n a tiszta mint\u00e1t vizsg\u00e1lva pontosabb nedvess\u00e9g \u00e9s beltartalmi \u00e9rt\u00e9keket kaphatunk, mint egy \u201ekomb\u00e1jn-tiszta\u201d mint\u00e1n\u00e1l. Ez az alapja egy modern m\u00e9rlegh\u00e1z gabona-min\u0151s\u00edt\u00e9si folyamat\u00e1nak \u00e9s korrekt m\u0171k\u00f6dtet\u00e9s\u00e9nek.<\/p>\n<p>&nbsp;<\/p>\n<p><strong>Bet\u00e1rol\u00e1s vagy sz\u00e1r\u00edt\u00e1s?<\/strong><\/p>\n<p><strong><em>\u2013 A gabona tov\u00e1bbi \u00fatja a m\u00e9rlegh\u00e1zt\u00f3l!<\/em><\/strong><\/p>\n<p><a href=\"https:\/\/gazdasagportal.hu\/wp-content\/uploads\/2019\/05\/Granolyser.jpg\"><img decoding=\"async\" loading=\"lazy\" class=\"alignright size-medium wp-image-115849\" src=\"https:\/\/gazdasagportal.hu\/wp-content\/uploads\/2019\/05\/Granolyser-300x283.jpg\" alt=\"\" width=\"300\" height=\"283\" srcset=\"https:\/\/gazdasagportal.hu\/wp-content\/uploads\/2019\/05\/Granolyser-300x283.jpg 300w, https:\/\/gazdasagportal.hu\/wp-content\/uploads\/2019\/05\/Granolyser.jpg 568w\" sizes=\"(max-width: 300px) 100vw, 300px\" \/><\/a>A gabonavizsg\u00e1lat eredm\u00e9nyei n\u00e9lk\u00fcl ki tudna erre a k\u00e9rd\u00e9sre v\u00e1laszolni?! Ez\u00e9rt is fontosak a pontos adatok. Ha nedves a gabona a bet\u00e1rol\u00e1shoz, mehet a garatra a j\u00e1rm\u0171. Ha megfelel\u0151 a nedvess\u00e9gtartalom, mehet bet\u00e1rolni, de odafigyelve! Nem keveredhetnek \u00f6ssze a k\u00fcl\u00f6nb\u00f6z\u0151 min\u0151s\u00e9g\u0171 sz\u00e1ll\u00edtm\u00e1nyok, mert a tov\u00e1bbi felhaszn\u00e1l\u00e1st, vagy a tov\u00e1bb \u00e9rt\u00e9kes\u00edt\u00e9st teszi lehetetlenn\u00e9.<\/p>\n<p>&nbsp;<\/p>\n<p>Sajnos volt erre p\u00e9lda egyik kedves partner\u00fcnkn\u00e9l, komoly k\u00e1rokr\u00f3l sz\u00e1molt be akkor. Az\u00f3ta j\u00f3l kiforrott rendszert vezettek be a telephely\u00fck\u00f6n \u00e9s egy <a href=\"http:\/\/www.agrogazda.hu\/laborfelszereles\/nir_beltartalmi_elemzok\/\" target=\"_blank\" rel=\"noopener\">Pfeuffer Granolyser beltartalmi elemz\u0151vel<\/a> sikeresen kik\u00fcsz\u00f6b\u00f6ltek j\u00f3 p\u00e1r probl\u00e9m\u00e1t.<\/p>\n<p>&nbsp;<\/p>\n<p><strong>Hogyan tudunk Mi seg\u00edteni ebben \u00d6nnek? <\/strong><\/p>\n<p>&nbsp;<\/p>\n<p>Egy bizonyos szint\u0171 gabona vizsg\u00e1lat a felv\u00e1s\u00e1rl\u00e1s, bet\u00e1rol\u00e1s \u00e9s a feldolgoz\u00e1s sor\u00e1n is sz\u00fcks\u00e9ges. Nem mindegy azonban milyen m\u0171szert v\u00e1laszt a k\u00fcl\u00f6nb\u00f6z\u0151 folyamatokra! Ez\u00e9rt n\u00e1lunk nemcsak kiszolg\u00e1l\u00e1s t\u00f6rt\u00e9nik, mint egy boltban, hanem ig\u00e9nyfelm\u00e9r\u00e9s, tan\u00e1csad\u00e1s, h\u00e1tt\u00e9rt\u00e1mogat\u00e1s \u00e9s \u00e9rt\u00e9kes\u00edt\u00e9s!<\/p>\n<p>&nbsp;<\/p>\n<p><a href=\"https:\/\/gazdasagportal.hu\/wp-content\/uploads\/2019\/05\/M\u0171szerek-keskeny-alulra.jpg\"><img decoding=\"async\" loading=\"lazy\" class=\"aligncenter size-full wp-image-115850\" src=\"https:\/\/gazdasagportal.hu\/wp-content\/uploads\/2019\/05\/M\u0171szerek-keskeny-alulra.jpg\" alt=\"\" width=\"936\" height=\"365\" srcset=\"https:\/\/gazdasagportal.hu\/wp-content\/uploads\/2019\/05\/M\u0171szerek-keskeny-alulra.jpg 936w, https:\/\/gazdasagportal.hu\/wp-content\/uploads\/2019\/05\/M\u0171szerek-keskeny-alulra-300x117.jpg 300w, https:\/\/gazdasagportal.hu\/wp-content\/uploads\/2019\/05\/M\u0171szerek-keskeny-alulra-768x299.jpg 768w\" sizes=\"(max-width: 936px) 100vw, 936px\" \/><\/a><\/p>\n<p>Az Agrogazda.hu M\u00e9r\u0151m\u0171szerek Kft. k\u00fcldet\u00e9s\u00e9nek tekinti, hogy lehet\u0151s\u00e9get ny\u00fajtson a kisebb gazd\u00e1lkod\u00f3kt\u00f3l eg\u00e9szen a komolyabb gabonalaborokig, valamint a gabonakereskedelemmel foglalkoz\u00f3 v\u00e1llalkoz\u00e1soknak, hogy a gabona min\u0151s\u00e9gvizsg\u00e1latot el\u00e9rhet\u0151 \u00e1r\u00fa, professzion\u00e1lis m\u0171szerekkel, eszk\u00f6z\u00f6kkel saj\u00e1t maguk is el tudj\u00e1k v\u00e9gezni.<\/p>\n<p>&nbsp;<\/p>\n<p><strong>A le\u00edrtakb\u00f3l l\u00e1tszik, hogy mindenk\u00e9pp \u00e9rdemes egy korszer\u0171 m\u00e9rlegh\u00e1zat kialak\u00edtani, amely manipul\u00e1ci\u00f3 mentes, prec\u00edz \u00e9s gyors gabona \u00e1tv\u00e9telt tesz lehet\u0151v\u00e9! Ebben \u00e1llunk seg\u00edts\u00e9g\u00e9re k\u00e9szs\u00e9ggel!<\/strong><\/p>\n<p><strong>\u00a0<\/strong><\/p>\n<p>Ha tetszett a szakcikk\u00fcnk, a j\u00f6v\u0151ben se maradjon le a mez\u0151gazdas\u00e1gi \u00fajdons\u00e1gokr\u00f3l! \u00c9rtes\u00fclj\u00f6n m\u00e1r els\u0151 k\u00e9zb\u0151l, m\u00e9g hamarabb! Iratkozz fel most ingyenes szakmai levelez\u0151 list\u00e1nkra!\u00a0<a href=\"http:\/\/www.agrogazda.hu\/hirlevel\" target=\"_blank\" rel=\"noopener\">Kattintson ide a r\u00e9szletek\u00e9rt!<\/a><\/p>\n","protected":false},"excerpt":{"rendered":"<p>Olyan m\u00e9rlegh\u00e1zat alak\u00edtson ki, amely manipul\u00e1ci\u00f3 mentes, prec\u00edz \u00e9s gyors gabona \u00e1tv\u00e9telt tesz lehet\u0151v\u00e9! De mik is a hat\u00e9konys\u00e1got legink\u00e1bb befoly\u00e1sol\u00f3 t\u00e9nyez\u0151k egy m\u00e9rlegh\u00e1z kialak\u00edt\u00e1s\u00e1n\u00e1l vagy \u00e1talak\u00edt\u00e1s\u00e1n\u00e1l?<\/p>\n","protected":false},"author":1,"featured_media":0,"parent":0,"menu_order":0,"comment_status":"closed","ping_status":"closed","template":"","meta":[],"_links":{"self":[{"href":"https:\/\/gazdasagportal.hu\/index.php\/wp-json\/wp\/v2\/pages\/115844"}],"collection":[{"href":"https:\/\/gazdasagportal.hu\/index.php\/wp-json\/wp\/v2\/pages"}],"about":[{"href":"https:\/\/gazdasagportal.hu\/index.php\/wp-json\/wp\/v2\/types\/page"}],"author":[{"embeddable":true,"href":"https:\/\/gazdasagportal.hu\/index.php\/wp-json\/wp\/v2\/users\/1"}],"replies":[{"embeddable":true,"href":"https:\/\/gazdasagportal.hu\/index.php\/wp-json\/wp\/v2\/comments?post=115844"}],"version-history":[{"count":2,"href":"https:\/\/gazdasagportal.hu\/index.php\/wp-json\/wp\/v2\/pages\/115844\/revisions"}],"predecessor-version":[{"id":115993,"href":"https:\/\/gazdasagportal.hu\/index.php\/wp-json\/wp\/v2\/pages\/115844\/revisions\/115993"}],"wp:attachment":[{"href":"https:\/\/gazdasagportal.hu\/index.php\/wp-json\/wp\/v2\/media?parent=115844"}],"curies":[{"name":"wp","href":"https:\/\/api.w.org\/{rel}","templated":true}]}}