{"id":113580,"date":"2019-02-13T14:36:35","date_gmt":"2019-02-13T13:36:35","guid":{"rendered":"http:\/\/gazdasagportal.hu\/?page_id=113580"},"modified":"2019-02-13T14:36:35","modified_gmt":"2019-02-13T13:36:35","slug":"mibe-fektessek-hogy-ne-jarjak-porul","status":"publish","type":"page","link":"https:\/\/gazdasagportal.hu\/index.php\/mibe-fektessek-hogy-ne-jarjak-porul\/","title":{"rendered":"Mibe fektessek, hogy ne ja\u0301rjak po\u0301rul?"},"content":{"rendered":"<p><strong>Manaps\u00e1g sokkal t\u00f6bb ember szeretne valamilyen form\u00e1ban p\u00e9nzt megtakar\u00edtani vagy befektetni, mint r\u00e9gen. Ez legink\u00e1bb a jelenlegi gazdas\u00e1gi helyzetnek k\u00f6sz\u00f6nhet\u0151.<\/strong><\/p>\n<p>Befektet\u00e9snek sz\u00e1m\u00edt b\u00e1rmilyen tranzakci\u00f3, amelyben egy p\u00e9nz\u00f6sszeg egy bizonyos id\u0151re let\u00e9tbe ker\u00fcl, a futamid\u0151 lej\u00e1rt\u00e1val pedig hozammal rendelkezhet\u00fcnk. Nagyon sok k\u00fcl\u00f6nb\u00f6z\u0151 befektet\u00e9si m\u00f3dszer l\u00e9tezik. Mindegyiknek megvan a saj\u00e1tos hozama, illetve kock\u00e1zatai. Term\u00e9szetesen, min\u00e9l magasabb a kock\u00e1zat, ann\u00e1l nagyobb a kamat, a hozam.<\/p>\n<p>Nagyon n\u00e9pszer\u0171ek a kock\u00e1zat n\u00e9lk\u00fcli befektet\u00e9sek is. Ezek a befektet\u00e9sek \u00e1ltal\u00e1ban \u00e1llami vagy banki befektet\u00e9sek, amelyekn\u00e9l garant\u00e1ltan visszakapjuk a p\u00e9nz\u00fcnket, azonban nem biztos, hogy hozamunk is lesz. A kock\u00e1zattal j\u00e1r\u00f3 befektet\u00e9sekr\u0151l kevesebb ember tud, azonban, ha \u00e9sszer\u0171en d\u00f6nt\u00fcnk, sok p\u00e9nzhez juthatunk ezzel a m\u00f3dszerrel is.<\/p><div id=\"gazda-1002997765\" class=\"gazda-tartalomban gazda-entity-placement\"><script async src=\"https:\/\/pagead2.googlesyndication.com\/pagead\/js\/adsbygoogle.js\"><\/script>\r\n<ins class=\"adsbygoogle\"\r\n     style=\"display:block\"\r\n     data-ad-format=\"fluid\"\r\n     data-ad-layout-key=\"-6t+ed+2i-1n-4w\"\r\n     data-ad-client=\"ca-pub-1959107119989764\"\r\n     data-ad-slot=\"4008251320\"><\/ins>\r\n<script>\r\n     (adsbygoogle = window.adsbygoogle || []).push({});\r\n<\/script><\/div>\n<p>Az \u00e1ltal\u00e1nos, kock\u00e1zatmentes befektet\u00e9sek sor\u00e1n a p\u00e9nz\u00fcnk teljes m\u00e9rt\u00e9kben z\u00e1rol\u00e1sra ker\u00fcl, \u00edgy a futamid\u0151 alatt nem haszn\u00e1lhatjuk fel.<\/p>\n<p>Mibe \u00e9rdemes befektetni?<\/p>\n<h2>Garant\u00e1lt befektet\u00e9si alap<\/h2>\n<p>A garant\u00e1lt befektet\u00e9si alapok olyan befektet\u00e9sek, amelyeket p\u00e9nzint\u00e9zetekn\u00e9l vehet\u00fcnk ig\u00e9nybe. Ez azt jelenti, hogy k\u00f6r\u00fclbel\u00fcl minden bankn\u00e1l l\u00e9teznek.<\/p>\n<p><a href=\"https:\/\/gazdasagportal.hu\/wp-content\/uploads\/2019\/01\/befektes4.jpg\"><img decoding=\"async\" loading=\"lazy\" class=\"alignleft size-medium wp-image-113056\" src=\"https:\/\/gazdasagportal.hu\/wp-content\/uploads\/2019\/01\/befektes4-300x229.jpg\" alt=\"\" width=\"300\" height=\"229\" srcset=\"https:\/\/gazdasagportal.hu\/wp-content\/uploads\/2019\/01\/befektes4-300x229.jpg 300w, https:\/\/gazdasagportal.hu\/wp-content\/uploads\/2019\/01\/befektes4-768x585.jpg 768w, https:\/\/gazdasagportal.hu\/wp-content\/uploads\/2019\/01\/befektes4-1024x780.jpg 1024w\" sizes=\"(max-width: 300px) 100vw, 300px\" \/><\/a>Fontos tiszt\u00e1ban lenni azzal, hogy ezek a befektet\u00e9sek ugyan kock\u00e1zatmentesek, de nem biztos, hogy a p\u00e9nz visszafizet\u00e9s\u00e9t k\u00f6vet\u0151en nyeres\u00e9g\u00fcnk is lesz. Az viszont garant\u00e1lt, hogy nem kapunk vissza a befektetett \u00f6sszegn\u00e9l kevesebbet. \u00c1ltal\u00e1ban ezekn\u00e9l a befektet\u00e9sekn\u00e9l nagy \u00f6sszeget kell befektetni ahhoz, hogy sz\u00e1mottev\u0151 nyeres\u00e9g\u00fcnk legyen.<\/p>\n<p>Az el\u0151ny az, hogyha z\u00e1rol\u00e1sra is ker\u00fcl a sz\u00e1mla, de nek\u00fcnk felt\u00e9tlen\u00fcl sz\u00fcks\u00e9g\u00fcnk lesz a p\u00e9nzre, akkor a sz\u00e1mla felbont\u00e1s\u00e1val megkaphajuk az \u00f6sszeget. Igaz, hogy ez tov\u00e1bbi k\u00f6lts\u00e9gekkel j\u00e1r.<\/p>\n<p>Ha alacsony \u00f6sszeget fizet\u00fcnk be, akkor ez a v\u00e1laszt\u00e1s nem lesz el\u0151ny\u00f6sebb egy m\u00e1s megtakar\u00edt\u00e1si lehet\u0151s\u00e9gn\u00e9l.<\/p>\n<h2>Befektet\u00e9s ingatlanokba<\/h2>\n<p>Az ut\u00f3bbi p\u00e1r \u00e9vben rengeteg nagyv\u00e1rosban emelkedtek meg az ingatlan\u00e1rak. Mivel sok fiatal, egyetemista keres mag\u00e1nak lak\u00e1st, az ingatlan\u00e1rak sok helyen megdupl\u00e1z\u00f3dtak.<\/p>\n<p><a href=\"https:\/\/gazdasagportal.hu\/wp-content\/uploads\/2015\/07\/lakas.jpg\"><img decoding=\"async\" loading=\"lazy\" class=\"size-medium wp-image-64705 alignright\" src=\"https:\/\/gazdasagportal.hu\/wp-content\/uploads\/2015\/07\/lakas-300x182.jpg\" alt=\"\" width=\"300\" height=\"182\" srcset=\"https:\/\/gazdasagportal.hu\/wp-content\/uploads\/2015\/07\/lakas-300x182.jpg 300w, https:\/\/gazdasagportal.hu\/wp-content\/uploads\/2015\/07\/lakas.jpg 790w\" sizes=\"(max-width: 300px) 100vw, 300px\" \/><\/a>A legjobb d\u00f6nt\u00e9s egy \u00faj \u00e9p\u00edt\u00e9s\u0171 h\u00e1zat v\u00e1s\u00e1rolni, amire egy ideig nem fognak kiad\u00e1sok vonatkozni, de nem rossz d\u00f6nt\u00e9s az sem, ha p\u00e1r \u00e9ve \u00e9p\u00edtett h\u00e1zat v\u00e1s\u00e1rolunk. Nem \u00e1rt odafigyelni, hogy az adott ingatlan milyen k\u00f6rny\u00e9ken, milyen k\u00f6rnyezetben van, hiszen ez is nagy m\u00e9rt\u00e9kben meghat\u00e1rozza az elad\u00e1si \u00e1rat.<\/p>\n<p>Ennek a befektet\u00e9snek a legnagyobb el\u0151nye az, hogy szinte kock\u00e1zatmentes, illetve egy csom\u00f3 tehert\u0151l is megszabadulunk, ami a t\u00f6bbi befektet\u00e9si m\u00f3dszert illeti. Az egyetlen h\u00e1tr\u00e1ny, hogy itt is sz\u00fcks\u00e9g\u00fcnk lesz egy nagyobb \u00f6sszegre, amelyet v\u00e1s\u00e1rl\u00e1sra fogunk sz\u00e1nni, hiszen egy j\u00f3 ingatlan \u00e1ra ak\u00e1r 100 milli\u00f3 forint is lehet.<\/p>\n<h2>Befektet\u00e9s aranyba<\/h2>\n<p><a href=\"https:\/\/gazdasagportal.hu\/wp-content\/uploads\/2015\/07\/arany8.jpg\"><img decoding=\"async\" loading=\"lazy\" class=\"alignleft size-medium wp-image-64891\" src=\"https:\/\/gazdasagportal.hu\/wp-content\/uploads\/2015\/07\/arany8-300x168.jpg\" alt=\"\" width=\"300\" height=\"168\" srcset=\"https:\/\/gazdasagportal.hu\/wp-content\/uploads\/2015\/07\/arany8-300x168.jpg 300w, https:\/\/gazdasagportal.hu\/wp-content\/uploads\/2015\/07\/arany8-1024x576.jpg 1024w, https:\/\/gazdasagportal.hu\/wp-content\/uploads\/2015\/07\/arany8.jpg 1280w\" sizes=\"(max-width: 300px) 100vw, 300px\" \/><\/a>Manaps\u00e1g m\u00e1r nem annyira divatosak az arany\u00e9kszerek, viszont \u00e9rdemes tudni, hogy az ut\u00f3bbi \u00e9vekben az arany \u00e1ra folyton csak emelkedett. Ugyan, az aranyv\u00e1s\u00e1rl\u00e1s nem sz\u00e1m\u00edt befektet\u00e9snek, viszont el\u00e9g nyeres\u00e9ges lehet, f\u0151leg, ha nagy t\u00e9telben vesz\u00fcnk. Ennek a magyar\u00e1zata az, hogy az aranyforr\u00e1s er\u0151sen v\u00e9ges, \u00e9s min\u00e9l t\u00f6bbet \u00e1ll\u00edtanak el\u0151, ann\u00e1l kevesebb marad kib\u00e1ny\u00e1sz\u00e1sra. Az arany \u00e1ra egyenesen ar\u00e1nyos a n\u00e9pess\u00e9g n\u00f6veked\u00e9s\u00e9vel. Ugyanez a helyzet p\u00e9ld\u00e1ul az \u00fczemanyaggal, \u00e9s minden m\u00e1s term\u00e9kkel, ami \u201cegyszer elfogy\u201d.<\/p>\n<p>A statisztik\u00e1k alapj\u00e1n ezzel a m\u00f3dszerrel 2-3 \u00e9v alatt 8-10%-os hozamot is el\u00e9rhet\u00fcnk.<\/p>\n<p>Mint l\u00e1tjuk, befektetni nagyon el\u0151ny\u00f6s dolog. Mindenkinek aj\u00e1nlott valamilyen m\u00f3don p\u00e9nzt megtakar\u00edtani, viszont a befektet\u00e9s annyival el\u0151ny\u00f6sebb, hogy a p\u00e9nz\u00fcnk kamatozik is, \u00edgy t\u00f6bb p\u00e9nzhez jutunk, mint amennyit befizet\u00fcnk. Fontos, hogy csak akkora \u00f6sszeget fektess\u00fcnk be, amir\u0151l biztosan tudjuk, hogy a k\u00f6zelj\u00f6v\u0151ben, vagy a futamid\u0151 v\u00e9g\u00e9ig nem lesz r\u00e1 sz\u00fcks\u00e9g\u00fcnk. Ez legjobban a banki befektet\u00e9seket \u00e9rinti, hiszen a sz\u00e1mla felbont\u00e1sa eset\u00e9n nem jutunk nyeres\u00e9ghez.<\/p>\n<p>A <a href=\"https:\/\/financer.com\/hu\/befektetesek\/\" target=\"_blank\" rel=\"noopener noreferrer\"><strong>Financer.com<\/strong><\/a>\u00a0oldalon megismerheti a legjobb 10 befektet\u00e9si lehet\u0151s\u00e9get, megismerkedhet ezek el\u0151nyeivel \u00e9s h\u00e1tr\u00e1nyaival, \u00e9s azt is megtudhatja, hogy mit kell mindenk\u00e9pp elker\u00fclni.<\/p>\n","protected":false},"excerpt":{"rendered":"<p>Manaps\u00e1g sokkal t\u00f6bb ember szeretne valamilyen form\u00e1ban p\u00e9nzt megtakar\u00edtani vagy befektetni, mint r\u00e9gen. Ez legink\u00e1bb a jelenlegi gazdas\u00e1gi helyzetnek k\u00f6sz\u00f6nhet\u0151. Befektet\u00e9snek sz\u00e1m\u00edt b\u00e1rmilyen tranzakci\u00f3, amelyben egy p\u00e9nz\u00f6sszeg egy bizonyos id\u0151re let\u00e9tbe ker\u00fcl, a futamid\u0151 lej\u00e1rt\u00e1val pedig hozammal rendelkezhet\u00fcnk. Nagyon sok k\u00fcl\u00f6nb\u00f6z\u0151 befektet\u00e9si m\u00f3dszer l\u00e9tezik. Mindegyiknek megvan a saj\u00e1tos hozama, illetve kock\u00e1zatai. Term\u00e9szetesen, min\u00e9l magasabb a &#8230;<\/p>\n","protected":false},"author":1,"featured_media":0,"parent":0,"menu_order":0,"comment_status":"closed","ping_status":"closed","template":"","meta":[],"_links":{"self":[{"href":"https:\/\/gazdasagportal.hu\/index.php\/wp-json\/wp\/v2\/pages\/113580"}],"collection":[{"href":"https:\/\/gazdasagportal.hu\/index.php\/wp-json\/wp\/v2\/pages"}],"about":[{"href":"https:\/\/gazdasagportal.hu\/index.php\/wp-json\/wp\/v2\/types\/page"}],"author":[{"embeddable":true,"href":"https:\/\/gazdasagportal.hu\/index.php\/wp-json\/wp\/v2\/users\/1"}],"replies":[{"embeddable":true,"href":"https:\/\/gazdasagportal.hu\/index.php\/wp-json\/wp\/v2\/comments?post=113580"}],"version-history":[{"count":2,"href":"https:\/\/gazdasagportal.hu\/index.php\/wp-json\/wp\/v2\/pages\/113580\/revisions"}],"predecessor-version":[{"id":113582,"href":"https:\/\/gazdasagportal.hu\/index.php\/wp-json\/wp\/v2\/pages\/113580\/revisions\/113582"}],"wp:attachment":[{"href":"https:\/\/gazdasagportal.hu\/index.php\/wp-json\/wp\/v2\/media?parent=113580"}],"curies":[{"name":"wp","href":"https:\/\/api.w.org\/{rel}","templated":true}]}}