{"id":109309,"date":"2018-09-27T20:28:44","date_gmt":"2018-09-27T18:28:44","guid":{"rendered":"http:\/\/gazdasagportal.hu\/?page_id=109309"},"modified":"2018-09-27T20:32:20","modified_gmt":"2018-09-27T18:32:20","slug":"mire-figyeljunk-ha-mukodo-vallalkozast-ceget-veszunk","status":"publish","type":"page","link":"https:\/\/gazdasagportal.hu\/index.php\/mire-figyeljunk-ha-mukodo-vallalkozast-ceget-veszunk\/","title":{"rendered":"Mire figyelj\u00fcnk, ha m\u0171k\u00f6d\u0151 v\u00e1llalkoz\u00e1st, c\u00e9get vesz\u00fcnk?"},"content":{"rendered":"<p><strong>Sz\u00e1mos hazai kis \u00e9s k\u00f6z\u00e9pv\u00e1llalatn\u00e1l id\u0151szer\u0171 a gener\u00e1ci\u00f3v\u00e1lt\u00e1s, mert az els\u0151gener\u00e1ci\u00f3s \u2013 jellemz\u0151en alap\u00edt\u00f3 \u2013 tulajdonosok nyugd\u00edjba k\u00e9sz\u00fclnek.<\/strong> A v\u00e1llalkoz\u00e1sok egy jelent\u0151s r\u00e9sz\u00e9n\u00e9l r\u00e1ad\u00e1sul hi\u00e1nyzik az ut\u00f3d, aki \u00e1tvehetn\u00e9 a v\u00e1llalati staf\u00e9t\u00e1t, \u00edgy sok esetben a tulajdonos egyetlen lehet\u0151s\u00e9ge, ha \u00e9rt\u00e9kes\u00edti c\u00e9g\u00e9t, v\u00e1llalkoz\u00e1s\u00e1t egy k\u00fcls\u0151 befektet\u0151 r\u00e9sz\u00e9re. A Concorde MB Partners k\u00f6zelm\u00faltban megjelent elemz\u00e9se szerint csak k\u00f6z\u00e9pv\u00e1llalati szinten k\u00f6r\u00fclbel\u00fcl 300 ilyen tranzakci\u00f3nak kellene megt\u00f6rt\u00e9nnie a k\u00f6vetkez\u0151 5 \u00e9vben.<\/p>\n<p><strong>A piaci lehet\u0151s\u00e9get felismerve az <a href=\"https:\/\/assisto.hu\/\" target=\"_blank\" rel=\"noopener noreferrer\">assisto.hu<\/a> webport\u00e1l Magyarorsz\u00e1gon els\u0151k\u00e9nt biztos\u00edtja azt az online c\u00e9gb\u00f6rz\u00e9t, mely lehet\u0151v\u00e9 teszi, hogy c\u00e9gek, v\u00e1llalkoz\u00e1sok elad\u00f3i \u00e9s lehets\u00e9ges vev\u0151i egym\u00e1sra tal\u00e1ljanak.<\/strong><\/p>\n<p><a href=\"https:\/\/gazdasagportal.hu\/wp-content\/uploads\/2014\/09\/forint.jpg\"><img decoding=\"async\" loading=\"lazy\" class=\"alignleft size-medium wp-image-43111\" src=\"https:\/\/gazdasagportal.hu\/wp-content\/uploads\/2014\/09\/forint-300x169.jpg\" alt=\"\" width=\"300\" height=\"169\" srcset=\"https:\/\/gazdasagportal.hu\/wp-content\/uploads\/2014\/09\/forint-300x169.jpg 300w, https:\/\/gazdasagportal.hu\/wp-content\/uploads\/2014\/09\/forint.jpg 600w\" sizes=\"(max-width: 300px) 100vw, 300px\" \/><\/a>A lehet\u0151s\u00e9g teh\u00e1t adott \u00e9s a jelenlegi alacsony banki kamatok mellett j\u00f3 alternat\u00edva lehet, ha p\u00e9nz\u00fcnket nem bankba, hanem egy m\u00e1r m\u0171k\u00f6d\u0151, prosper\u00e1l\u00f3 v\u00e1llalkoz\u00e1sba fektetj\u00fck be, ak\u00e1r az eredeti tulajdonos mellett t\u0151k\u00e9st\u00e1rsk\u00e9nt, ak\u00e1r a teljes v\u00e1llalkoz\u00e1st \u00e1tv\u00e9ve. Term\u00e9szetesen nem \u00e1rt, ha a leend\u0151 \u00faj tulajdonos bizonyos szakmai \u00e9s p\u00e9nz\u00fcgyi ismeretekkel rendelkezik \u00e9s persze j\u00f3, ha van k\u00e9zn\u00e9l egy j\u00f3 \u00fcgyv\u00e9d \u00e9s egy ad\u00f3tan\u00e1csad\u00f3, mert egy m\u0171k\u00f6d\u0151 c\u00e9g vagy v\u00e1llalkoz\u00e1s \u00e1tv\u00e9tele, megv\u00e1s\u00e1rl\u00e1sa nem mentes a rizik\u00f3kt\u00f3l.<\/p><div id=\"gazda-3231518519\" class=\"gazda-tartalomban gazda-entity-placement\"><script async src=\"https:\/\/pagead2.googlesyndication.com\/pagead\/js\/adsbygoogle.js\"><\/script>\r\n<ins class=\"adsbygoogle\"\r\n     style=\"display:block\"\r\n     data-ad-format=\"fluid\"\r\n     data-ad-layout-key=\"-6t+ed+2i-1n-4w\"\r\n     data-ad-client=\"ca-pub-1959107119989764\"\r\n     data-ad-slot=\"4008251320\"><\/ins>\r\n<script>\r\n     (adsbygoogle = window.adsbygoogle || []).push({});\r\n<\/script><\/div>\n<p>Jelen cikk p\u00e9nz\u00fcgyi ismeretekkel nem szolg\u00e1l, azonban a teljess\u00e9g ig\u00e9nye n\u00e9lk\u00fcl megpr\u00f3b\u00e1lja \u00f6sszefoglalni mire sz\u00fcks\u00e9ges figyelni egy c\u00e9gad\u00e1sv\u00e9teli tranzakci\u00f3 sor\u00e1n vev\u0151i oldalr\u00f3l.<\/p>\n<p>&nbsp;<\/p>\n<ol>\n<li><strong>Sz\u00e1mviteli h\u00e1tt\u00e9r<\/strong><\/li>\n<\/ol>\n<p>Egy m\u0171k\u00f6d\u0151 v\u00e1llalkoz\u00e1s eset\u00e9ben az egyik legnagyobb p\u00e9nz\u00fcgyi rizik\u00f3 a szab\u00e1lytalan p\u00e9nz\u00fcgyi m\u0171veletekb\u0151l ered\u0151 ad\u00f3kock\u00e1zat. \u00c9rdemes a megszerzend\u0151 c\u00e9g k\u00f6nyvel\u00e9s\u00e9t t\u00e9nylegesen f\u00fcggetlen k\u00f6nyvvizsg\u00e1l\u00f3val \u00e1tn\u00e9zetni, melynek sor\u00e1n f\u00e9ny der\u00fclhet az esetleges\u00a0 vissz\u00e1ss\u00e1gokra. Mindemellett term\u00e9szetesen k\u00f6telez\u0151 gyakorlat az ad\u00f3hat\u00f3s\u00e1gt\u00f3l az \u00fan. \u201enull\u00e1s\u201d igazol\u00e1s beszerz\u00e9se, mely igazolja, hogy az adott c\u00e9gnek nincs ad\u00f3tartoz\u00e1sa.<\/p>\n<p>&nbsp;<\/p>\n<ol start=\"2\">\n<li><strong>Vagyonelemek<\/strong><\/li>\n<\/ol>\n<p>\u00c9rdemes megvizsg\u00e1lni a c\u00e9g nyilv\u00e1ntart\u00e1s\u00e1ban meghat\u00e1rozott vagyonelemeket (ingatlan, g\u00e9pek, k\u00e9szletek stb.) \u00e9s azok \u00e1llapot\u00e1t, piaci \u00e9rt\u00e9k\u00e9t \u00f6sszehasonl\u00edtani \u2013 ak\u00e1r szak\u00e9rt\u0151 bevon\u00e1s\u00e1val \u2013 azok k\u00f6nyv szerinti \u00e9rt\u00e9k\u00e9vel. El\u0151fordulhat ugyanis, hogy a t\u00e1rsas\u00e1g k\u00f6nyveiben magas \u00e9rt\u00e9ken nyilv\u00e1ntartott vagyont\u00e1rgy (pl. egy speci\u00e1lis g\u00e9p) \u00e9rt\u00e9kes\u00edt\u00e9s eset\u00e9n csak k\u00f6nyv szerinti \u00e9rt\u00e9k\u00e9nek t\u00f6red\u00e9k\u00e9t \u00e9ri.<\/p>\n<p>&nbsp;<\/p>\n<ol start=\"3\">\n<li><strong>K\u00f6vetel\u00e9sek \u00e9s tartoz\u00e1sok<\/strong><\/li>\n<\/ol>\n<p>A c\u00e9g \u00e9rt\u00e9k\u00e9t jelent\u0151sen befoly\u00e1solja a c\u00e9g k\u00f6vetel\u00e9seinek \u00e9s tartoz\u00e1sainak egyenlege, mely \u00e9rt\u00e9kes inform\u00e1ci\u00f3kkal szolg\u00e1l a c\u00e9g likvidit\u00e1s\u00e1r\u00f3l \u00e9s egy\u00e9b p\u00e9nz\u00fcgyi helyzet\u00e9r\u0151l. Jelent\u0151s kock\u00e1zatokat rejthetnek p\u00e9ld\u00e1ul a t\u00e9nylegesen be nem hajthat\u00f3 k\u00f6vetel\u00e9sek vagy a c\u00e9g vagyon\u00e1t, gazdas\u00e1gi teljes\u00edt\u0151k\u00e9pess\u00e9g\u00e9t esetlegesen meghalad\u00f3 hitel\u00e1llom\u00e1ny.<\/p>\n<p>&nbsp;<\/p>\n<ol start=\"4\">\n<li><strong>Szerz\u0151d\u00e9ses k\u00f6telezetts\u00e9gek<\/strong><\/li>\n<\/ol>\n<p>Egy t\u00e1rsas\u00e1g p\u00e9nz\u00fcgyi helyzet\u00e9t t\u00e9nylegesen akkor tudjuk felm\u00e9rni, ha a m\u00e9rlegadatok \u00e9s k\u00f6nyvel\u00e9si anyagok elemz\u00e9se mellett a t\u00e1rsas\u00e1g \u00e1ltal k\u00f6t\u00f6tt szerz\u0151d\u00e9seket \u00e9s az azokban rejl\u0151 esetleges p\u00e9nz\u00fcgyi kock\u00e1zatokat is megvizsg\u00e1ljuk. El\u0151fordulhat ugyanis, hogy egy m\u00e1r megk\u00f6t\u00f6tt szerz\u0151d\u00e9s a t\u00e1rsas\u00e1gra n\u00e9zve olyan j\u00f6v\u0151beni k\u00f6telezetts\u00e9geket tartalmaz, melyeket a k\u00f6nyvel\u00e9si iratok nem tartalmaznak, de m\u00e9g a k\u00f6nyvvizsg\u00e1l\u00f3 sem t\u00e1r fel. Ide sorolhat\u00f3k p\u00e9ld\u00e1ul az egyes tagok t\u00e1rsas\u00e1ggal szemben t\u00e1masztott k\u00f6vetel\u00e9sei vagy az egyes partnerekkel k\u00f6t\u00f6tt hossz\u00fa t\u00e1v\u00fa szerz\u0151d\u00e9sekben megb\u00faj\u00f3 k\u00f6telezetts\u00e9gek.<\/p>\n<p>&nbsp;<\/p>\n<ol start=\"5\">\n<li><strong>Munkav\u00e1llal\u00f3k helyzete<\/strong><\/li>\n<\/ol>\n<p>Jelent\u0151sebb munkav\u00e1llal\u00f3i l\u00e9tsz\u00e1mmal rendelkez\u0151 c\u00e9gek eset\u00e9ben \u00e9rdemes megvizsg\u00e1lni \u2013 szem\u00e9ly\u00fcgyi szak\u00e9rt\u0151 bevon\u00e1s\u00e1val \u2013 a munkav\u00e1llal\u00f3k helyzet\u00e9t is. Jelent\u0151s vesz\u00e9lyeket hordozhat mag\u00e1ban p\u00e9ld\u00e1ul a munkav\u00e1llal\u00f3k relat\u00edve alacsony b\u00e9rsz\u00ednvonala, a magas fluktu\u00e1ci\u00f3 vagy a kollekt\u00edva el\u00f6reged\u00e9se.<\/p>\n<p>&nbsp;<\/p>\n<ol start=\"6\">\n<li><strong>Kor\u00e1bbi tulajdonos \u00e1ltal j\u00f6v\u0151ben adand\u00f3 szakmai t\u00e1mogat\u00e1s<\/strong><\/li>\n<\/ol>\n<p>Fontos eleme lehet egy c\u00e9g\u00e1tv\u00e9teli tranzakci\u00f3nak az az esetleges meg\u00e1llapod\u00e1s, mely r\u00f6gz\u00edti, hogy a kor\u00e1bbi tulajdonos tan\u00e1csad\u00f3k\u00e9nt r\u00e9szt vesz-e a j\u00f6v\u0151ben a c\u00e9g munk\u00e1j\u00e1ban \u00e9s ha igen milyen felt\u00e9telekkel. A c\u00e9g\u00e1tv\u00e9tel g\u00f6rd\u00fcl\u00e9kenys\u00e9g\u00e9t, a munkav\u00e1llal\u00f3kkal val\u00f3 kommunik\u00e1ci\u00f3t nagyban seg\u00edtheti a kor\u00e1bbi tulajdonos k\u00f6zrem\u0171k\u00f6d\u00e9se \u2013 amennyiben a felek erre nyitottak.<\/p>\n<p>Az el\u0151z\u0151ekben felsoroltakon t\u00falmen\u0151en term\u00e9szetesen a c\u00e9g\u00e1tv\u00e9teli tranzakci\u00f3 egyik legl\u00e9nyegesebb eleme egy olyan tulajdon(\u00fczletr\u00e9sz)\u00e1truh\u00e1z\u00e1si szerz\u0151d\u00e9s, mely tartalmazza azokat a sz\u00fcks\u00e9ges biztos\u00edt\u00e9kokat, melyek garant\u00e1lj\u00e1k, hogy az \u00faj tulajdonos ne tal\u00e1ljon csontv\u00e1zakat a c\u00e9g gazd\u00e1lkod\u00e1s\u00e1ban.<\/p>\n<p>&nbsp;<\/p>\n","protected":false},"excerpt":{"rendered":"<p>Sz\u00e1mos hazai kis \u00e9s k\u00f6z\u00e9pv\u00e1llalatn\u00e1l id\u0151szer\u0171 a gener\u00e1ci\u00f3v\u00e1lt\u00e1s, mert az els\u0151gener\u00e1ci\u00f3s \u2013 jellemz\u0151en alap\u00edt\u00f3 \u2013 tulajdonosok nyugd\u00edjba k\u00e9sz\u00fclnek. A v\u00e1llalkoz\u00e1sok egy jelent\u0151s r\u00e9sz\u00e9n\u00e9l r\u00e1ad\u00e1sul hi\u00e1nyzik az ut\u00f3d, aki \u00e1tvehetn\u00e9 a v\u00e1llalati staf\u00e9t\u00e1t, \u00edgy sok esetben a tulajdonos egyetlen lehet\u0151s\u00e9ge, ha \u00e9rt\u00e9kes\u00edti c\u00e9g\u00e9t, v\u00e1llalkoz\u00e1s\u00e1t egy k\u00fcls\u0151 befektet\u0151 r\u00e9sz\u00e9re. A Concorde MB Partners k\u00f6zelm\u00faltban megjelent elemz\u00e9se szerint &#8230;<\/p>\n","protected":false},"author":1,"featured_media":43111,"parent":0,"menu_order":0,"comment_status":"closed","ping_status":"closed","template":"","meta":[],"_links":{"self":[{"href":"https:\/\/gazdasagportal.hu\/index.php\/wp-json\/wp\/v2\/pages\/109309"}],"collection":[{"href":"https:\/\/gazdasagportal.hu\/index.php\/wp-json\/wp\/v2\/pages"}],"about":[{"href":"https:\/\/gazdasagportal.hu\/index.php\/wp-json\/wp\/v2\/types\/page"}],"author":[{"embeddable":true,"href":"https:\/\/gazdasagportal.hu\/index.php\/wp-json\/wp\/v2\/users\/1"}],"replies":[{"embeddable":true,"href":"https:\/\/gazdasagportal.hu\/index.php\/wp-json\/wp\/v2\/comments?post=109309"}],"version-history":[{"count":5,"href":"https:\/\/gazdasagportal.hu\/index.php\/wp-json\/wp\/v2\/pages\/109309\/revisions"}],"predecessor-version":[{"id":109314,"href":"https:\/\/gazdasagportal.hu\/index.php\/wp-json\/wp\/v2\/pages\/109309\/revisions\/109314"}],"wp:featuredmedia":[{"embeddable":true,"href":"https:\/\/gazdasagportal.hu\/index.php\/wp-json\/wp\/v2\/media\/43111"}],"wp:attachment":[{"href":"https:\/\/gazdasagportal.hu\/index.php\/wp-json\/wp\/v2\/media?parent=109309"}],"curies":[{"name":"wp","href":"https:\/\/api.w.org\/{rel}","templated":true}]}}