{"id":106443,"date":"2018-06-24T22:14:26","date_gmt":"2018-06-24T20:14:26","guid":{"rendered":"http:\/\/gazdasagportal.hu\/?page_id=106443"},"modified":"2018-07-11T11:29:27","modified_gmt":"2018-07-11T09:29:27","slug":"ezert-imadjak-a-forexet-trederek-millioi","status":"publish","type":"page","link":"https:\/\/gazdasagportal.hu\/index.php\/ezert-imadjak-a-forexet-trederek-millioi\/","title":{"rendered":"Ez\u00e9rt im\u00e1dj\u00e1k a Forexet tr\u00e9derek milli\u00f3i"},"content":{"rendered":"<p><strong><em>\u201e4 trilli\u00f3 doll\u00e1ros napi forgalom, hozz\u00e1f\u00e9r\u00e9s a vil\u00e1g legny\u00fczsg\u0151bb piacaihoz \u00e9s t\u00f6bbsz\u00f6r\u00f6s hozam el\u00e9r\u00e9s\u00e9nek lehet\u0151s\u00e9ge a magas t\u0151ke\u00e1tt\u00e9telnek k\u00f6sz\u00f6nhet\u0151en\u201d<\/em><\/strong> \u2013 h\u00e1rom nyom\u00f3s \u00e9rv, ami tr\u00e9derek milli\u00f3it hozza l\u00e1zba vil\u00e1gszerte, a nap 24 \u00f3r\u00e1j\u00e1ban.<\/p>\n<p>&nbsp;<\/p>\n<p><strong>Forex: a vil\u00e1g legnagyobb piaca<\/strong><\/p><div id=\"gazda-793988614\" class=\"gazda-tartalomban gazda-entity-placement\"><script async src=\"https:\/\/pagead2.googlesyndication.com\/pagead\/js\/adsbygoogle.js\"><\/script>\r\n<ins class=\"adsbygoogle\"\r\n     style=\"display:block\"\r\n     data-ad-format=\"fluid\"\r\n     data-ad-layout-key=\"-6t+ed+2i-1n-4w\"\r\n     data-ad-client=\"ca-pub-1959107119989764\"\r\n     data-ad-slot=\"4008251320\"><\/ins>\r\n<script>\r\n     (adsbygoogle = window.adsbygoogle || []).push({});\r\n<\/script><\/div>\n<p>A Foreign Exchange (Forex) a vil\u00e1g legnagyobb \u00e9s leglikvidebb piaca, ahol tucatnyi devizap\u00e1rral kereskedhetnek a piaci szerepl\u0151k. A keresked\u0151k k\u00f6z\u00f6tt megtal\u00e1lhat\u00f3k k\u00f6zponti- \u00e9s kereskedelmi bankok, br\u00f3kerc\u00e9gek, int\u00e9zm\u00e9nyi befektet\u0151k, multinacion\u00e1lis v\u00e1llalatok k\u00e9pvisel\u0151i \u00e9s devizakeresked\u00e9ssel foglalkoz\u00f3 mag\u00e1nbefektet\u0151k is.<\/p>\n<p><strong>\u00a0<\/strong><\/p>\n<p><strong>Ez\u00e9rt \u00e9rdemes belev\u00e1gni<\/strong><\/p>\n<p><a href=\"https:\/\/gazdasagportal.hu\/wp-content\/uploads\/2018\/06\/Forex2.jpg\"><img decoding=\"async\" loading=\"lazy\" class=\"alignleft size-medium wp-image-106444\" src=\"https:\/\/gazdasagportal.hu\/wp-content\/uploads\/2018\/06\/Forex2-300x197.jpg\" alt=\"\" width=\"300\" height=\"197\" srcset=\"https:\/\/gazdasagportal.hu\/wp-content\/uploads\/2018\/06\/Forex2-300x197.jpg 300w, https:\/\/gazdasagportal.hu\/wp-content\/uploads\/2018\/06\/Forex2-768x503.jpg 768w, https:\/\/gazdasagportal.hu\/wp-content\/uploads\/2018\/06\/Forex2-1024x671.jpg 1024w, https:\/\/gazdasagportal.hu\/wp-content\/uploads\/2018\/06\/Forex2.jpg 1280w\" sizes=\"(max-width: 300px) 100vw, 300px\" \/><\/a>A p\u00e9nz\u00fcgyi innov\u00e1ci\u00f3nak \u00e9s az informatika fejl\u0151d\u00e9s\u00e9nek k\u00f6sz\u00f6nhet\u0151en napjainkban m\u00e1r a <strong>befizetett t\u0151ke k\u00e9tsz\u00e1zszoros\u00e1val is kereskedhet\u00fcnk<\/strong>. A t\u0151ke\u00e1tt\u00e9teles keresked\u00e9s pedig \u00f3ri\u00e1si hozampotenci\u00e1llal kecsegteti a befektet\u0151ket.<\/p>\n<p>Maxim\u00e1lis t\u0151ke\u00e1tt\u00e9tel mellett ez azt jelenti a gyakorlatban, hogy <strong>f\u00e9l sz\u00e1zal\u00e9kos \u00e1rfolyamemelked\u00e9s mellett ak\u00e1r meg is dupl\u00e1zhat\u00f3 a befizetett alapt\u0151ke<\/strong>.<\/p>\n<p><strong>\u00a0<\/strong><\/p>\n<p><strong>J\u00f3l becs\u00fclhet\u0151 hozamok \u00e9s kock\u00e1zatok<\/strong><\/p>\n<p>A t\u0151ke\u00e1tt\u00e9tel miatt term\u00e9szetesen a befektet\u00e9sek kock\u00e1zati szintje is megemelkedik, \u00e1m az esetleges vesztes\u00e9gek m\u00e9rt\u00e9k\u00e9t megfelel\u0151 strat\u00e9gi\u00e1val \u00e9s a modern elemz\u0151eszk\u00f6z\u00f6k seg\u00edts\u00e9g\u00e9vel viszonylag j\u00f3l meg lehet el\u0151re becs\u00fclni. Ezek k\u00f6z\u00e9 tartoznak az al\u00e1bbiak:<\/p>\n<p>&nbsp;<\/p>\n<ul>\n<li><strong>Ingyenesen el\u00e9rhet\u0151 stop-loss megb\u00edz\u00e1s<\/strong> be\u00e1ll\u00edt\u00e1sa a platformon, aminek k\u00f6sz\u00f6nhet\u0151en egy el\u0151re be\u00e1ll\u00edtott \u00e1rfolyamszint alatt, automatikusan z\u00e1rja a rendszer a poz\u00edci\u00f3t.<\/li>\n<li><strong>Keresked\u00e9si kalkul\u00e1tor<\/strong>, ahol stop-loss megb\u00edz\u00e1s, lotm\u00e9ret \u00e9s limit\u00e1ras megb\u00edz\u00e1s be\u00e1ll\u00edt\u00e1s\u00e1val el\u0151re megbecs\u00fclhet\u0151 a nyeres\u00e9g \u00e9s a vesztes\u00e9g m\u00e9rt\u00e9ke.<\/li>\n<li><strong>Technikai elemz\u0151 eszk\u00f6z\u00f6k t\u00e1rh\u00e1za<\/strong> \u00e9s historikus statisztik\u00e1k, hogy a m\u00faltbeli adatokb\u00f3l min\u00e9l jobb k\u00f6vetkeztet\u00e9st lehessen levonni a j\u00f6v\u0151beli trendekre \u00e9s esem\u00e9nyekre vonatkoz\u00f3an.<\/li>\n<li><strong>Egyklikkes (v\u00e9sz)lez\u00e1r\u00e1s, <\/strong>amivel az \u00f6sszes nyitott poz\u00edci\u00f3 azonnal lez\u00e1rhat\u00f3, ha a piacon el\u0151re nem v\u00e1rt esem\u00e9ny k\u00f6vetkezne be.<\/li>\n<li><strong>Ingyenes <\/strong><strong><u><a href=\"https:\/\/www.xtb.com\/hu\/forex-demo#!\/hu\/forex-demo\/step\/1\" target=\"_blank\" rel=\"noopener\">DEMO keresked\u00e9s<\/a><\/u><\/strong><strong> lehet\u0151s\u00e9ge,<\/strong> ahol virtu\u00e1lis p\u00e9nzzel \u00e9s kock\u00e1zatmentesen kipr\u00f3b\u00e1lhat\u00f3 b\u00e1rki sz\u00e1m\u00e1ra a keresked\u00e9s.<\/li>\n<\/ul>\n<p>&nbsp;<\/p>\n<p><strong>Az XTB megold\u00e1sai, high-tech t\u00e1mogat\u00e1ssal<\/strong><\/p>\n<p>A 14 \u00e9ves nemzetk\u00f6zi tapasztalattal rendelkez\u0151 XTB, a vil\u00e1g <strong><u><a href=\"https:\/\/www.xtb.com\/hu\/forex-mobil-app-kb\" target=\"_blank\" rel=\"noopener noreferrer\">legmodernebb keresked\u00e9si platformjait k\u00edn\u00e1lja<\/a><\/u><\/strong>, ahol minden \u00e9l\u0151ben zajlik, vagyis a keresked\u00e9s \u00e9s a kommunik\u00e1ci\u00f3 is vill\u00e1mgyors.<\/p>\n<ul>\n<li>Mag\u00e1r\u00f3l a <strong>grafikonr\u00f3l is elind\u00edthat\u00f3 a megb\u00edz\u00e1s,<\/strong> hogy min\u00e9l hat\u00e9konyabb lehessen a tr\u00e9der, \u00e9s azonnal lecsaphasson a k\u00edn\u00e1lkoz\u00f3 lehet\u0151s\u00e9gekre.<\/li>\n<li>A Trader\u2019s Talk seg\u00edts\u00e9g\u00e9vel <strong>els\u0151k\u00e9zb\u0151l lehet hozz\u00e1jutni a piaci inform\u00e1ci\u00f3khoz<\/strong>, ak\u00e1r \u00e9l\u0151 r\u00e1di\u00f3ad\u00e1sokon kereszt\u00fcl.<\/li>\n<li><strong>Az <\/strong><strong><u><a href=\"https:\/\/www.xtb.com\/hu\/tozsde-kezdoknek\/mi-az-a-forex\" target=\"_blank\" rel=\"noopener noreferrer\">XTB Online Trader Akad\u00e9mia<\/a><\/u><\/strong> folyamatosan az \u00e9rdekl\u0151d\u0151k rendelkez\u00e9s\u00e9re \u00e1ll, ingyenes angol nyelv\u0171 vloggal, valamint magyar nyelv\u0171 le\u00edr\u00e1sokkal.<\/li>\n<li>Keresked\u00e9si napokon <strong>9-17 k\u00f6z\u00f6tt magyar \u00fcgyf\u00e9lszolg\u00e1lat <\/strong>\u00e1ll az \u00fcgyfelek rendelkez\u00e9s\u00e9re, az angol nyelv\u0171 forr\u00f3dr\u00f3t pedig 0-24 k\u00f6z\u00f6tt el\u00e9rhet\u0151 a vil\u00e1g b\u00e1rmely orsz\u00e1g\u00e1b\u00f3l.<\/li>\n<\/ul>\n<p><strong>\u00a0<\/strong><\/p>\n<p><strong>Szem\u00e9lyre szabott platformok<\/strong><\/p>\n<p>Az XTB-n\u00e9l mindenki megtal\u00e1lja a sz\u00e1m\u00edt\u00e1s\u00e1t, hiszen h\u00e1rom k\u00fcl\u00f6nb\u00f6z\u0151 platform seg\u00edts\u00e9g\u00e9vel kezdhet\u0151 meg azonnal a keresked\u00e9s.<\/p>\n<ul>\n<li>Kezd\u0151knek <a title=\"Hely megnyit\u00e1sa\" href=\"https:\/\/www.xtb.com\/hu\/forex-demo#!\/hu\/forex-demo\/step\/1\" target=\"_blank\" rel=\"noopener noreferrer\">ingyenes dem\u00f3 sz\u00e1mla<\/a> \u00e1ll rendelkez\u00e9s\u00fckre, ahol virtu\u00e1lis p\u00e9nzzel v\u00e1ghatnak bele a keresked\u00e9sbe \u00e9s kock\u00e1zatmentesen pr\u00f3b\u00e1lhatj\u00e1k ki a Forex vil\u00e1g\u00e1t.<\/li>\n<li>Tapasztaltabb tr\u00e9dereknek pedig a <u><a href=\"https:\/\/www.xtb.com\/hu\/kondiciok\/forex-szamla\" target=\"_blank\" rel=\"noopener noreferrer\">Standard vagy Pro sz\u00e1ml\u00e1kkal<\/a><\/u> biztos\u00edtjuk, hogy megtal\u00e1lj\u00e1k a sz\u00e1mukra legink\u00e1bb megfelel\u0151 megold\u00e1st.<\/li>\n<li>Mindh\u00e1rom keresked\u00e9si fel\u00fclet szem\u00e9lyre szabhat\u00f3 \u00e9s optimaliz\u00e1lhat\u00f3 elemekkel rendelkezik, a k\u00e9nyelmes \u00e9s sikeres keresked\u00e9s \u00e9rdek\u00e9ben.<\/li>\n<\/ul>\n<p>&nbsp;<\/p>\n<p>&nbsp;<\/p>\n","protected":false},"excerpt":{"rendered":"<p>\u201e4 trilli\u00f3 doll\u00e1ros napi forgalom, hozz\u00e1f\u00e9r\u00e9s a vil\u00e1g legny\u00fczsg\u0151bb piacaihoz \u00e9s t\u00f6bbsz\u00f6r\u00f6s hozam el\u00e9r\u00e9s\u00e9nek lehet\u0151s\u00e9ge a magas t\u0151ke\u00e1tt\u00e9telnek k\u00f6sz\u00f6nhet\u0151en\u201d \u2013 h\u00e1rom nyom\u00f3s \u00e9rv, ami tr\u00e9derek milli\u00f3it hozza l\u00e1zba vil\u00e1gszerte, a nap 24 \u00f3r\u00e1j\u00e1ban. &nbsp; Forex: a vil\u00e1g legnagyobb piaca A Foreign Exchange (Forex) a vil\u00e1g legnagyobb \u00e9s leglikvidebb piaca, ahol tucatnyi devizap\u00e1rral kereskedhetnek a piaci &#8230;<\/p>\n","protected":false},"author":1,"featured_media":0,"parent":0,"menu_order":0,"comment_status":"closed","ping_status":"closed","template":"","meta":[],"_links":{"self":[{"href":"https:\/\/gazdasagportal.hu\/index.php\/wp-json\/wp\/v2\/pages\/106443"}],"collection":[{"href":"https:\/\/gazdasagportal.hu\/index.php\/wp-json\/wp\/v2\/pages"}],"about":[{"href":"https:\/\/gazdasagportal.hu\/index.php\/wp-json\/wp\/v2\/types\/page"}],"author":[{"embeddable":true,"href":"https:\/\/gazdasagportal.hu\/index.php\/wp-json\/wp\/v2\/users\/1"}],"replies":[{"embeddable":true,"href":"https:\/\/gazdasagportal.hu\/index.php\/wp-json\/wp\/v2\/comments?post=106443"}],"version-history":[{"count":6,"href":"https:\/\/gazdasagportal.hu\/index.php\/wp-json\/wp\/v2\/pages\/106443\/revisions"}],"predecessor-version":[{"id":106981,"href":"https:\/\/gazdasagportal.hu\/index.php\/wp-json\/wp\/v2\/pages\/106443\/revisions\/106981"}],"wp:attachment":[{"href":"https:\/\/gazdasagportal.hu\/index.php\/wp-json\/wp\/v2\/media?parent=106443"}],"curies":[{"name":"wp","href":"https:\/\/api.w.org\/{rel}","templated":true}]}}